{"id":13704,"date":"2024-01-28T13:21:18","date_gmt":"2024-01-28T13:21:18","guid":{"rendered":"https:\/\/www.aurin-choir.hu\/diosjeno-2022\/"},"modified":"2024-12-29T15:32:45","modified_gmt":"2024-12-29T15:32:45","slug":"diosjeno-2022","status":"publish","type":"page","link":"https:\/\/www.aurin-choir.hu\/en\/diosjeno-2022\/","title":{"rendered":"Di\u00f3sjen\u0151 2022"},"content":{"rendered":"<p>[et_pb_section fb_built=&#8221;1&#8243; theme_builder_area=&#8221;post_content&#8221; _builder_version=&#8221;4.27.4&#8243; _module_preset=&#8221;default&#8221;][et_pb_row _builder_version=&#8221;4.27.4&#8243; _module_preset=&#8221;default&#8221; theme_builder_area=&#8221;post_content&#8221;][et_pb_column _builder_version=&#8221;4.27.4&#8243; _module_preset=&#8221;default&#8221; type=&#8221;4_4&#8243; theme_builder_area=&#8221;post_content&#8221;][et_pb_text _builder_version=&#8221;4.27.4&#8243; _module_preset=&#8221;default&#8221; theme_builder_area=&#8221;post_content&#8221; hover_enabled=&#8221;0&#8243; sticky_enabled=&#8221;0&#8243;]<\/p>\n<p style=\"text-align: center;\"><b>K\u00f3rus \u00e9s cimbalom 2022<br \/>\nVend\u00e9geink: Csendes Henrietta \u00e9s Kov\u00e1cs Mih\u00e1ly<\/b><\/p>\n<p style=\"text-align: center;\">Katolikus templom, Di\u00f3sjen\u0151<\/p>\n<p style=\"text-align: center;\">\nngg_shortcode_0_placeholder<br \/>\nFot\u00f3k: diosjeno.hu[\/et_pb_text][\/et_pb_column][\/et_pb_row][\/et_pb_section]<\/p>\n","protected":false},"excerpt":{"rendered":"<p>K\u00f3rus \u00e9s cimbalom 2022 Vend\u00e9geink: Csendes Henrietta \u00e9s Kov\u00e1cs Mih\u00e1ly Katolikus templom, Di\u00f3sjen\u0151 <!-- default-view.php -->\n<div\n\tclass=\"ngg-galleryoverview default-view \n\t\t\"\n\tid=\"ngg-gallery-14093ec559c9f071b345b3fc19022a01-1\">\n\n\t\t<!-- Thumbnails -->\n\t\t\t\t<div id=\"ngg-image-0\" class=\"ngg-gallery-thumbnail-box \n\t\t\t\t\t\t\t\t\t\t\t\" \n\t\t\t>\n\t\t\t\t\t\t<div class=\"ngg-gallery-thumbnail\">\n\t\t\t<a href=\"https:\/\/www.aurin-choir.hu\/wp-content\/gallery\/diosjeno-2022\/DSC_5972.jpg\"\n\t\t\t\ttitle=\"\"\n\t\t\t\tdata-src=\"https:\/\/www.aurin-choir.hu\/wp-content\/gallery\/diosjeno-2022\/DSC_5972.jpg\"\n\t\t\t\tdata-thumbnail=\"https:\/\/www.aurin-choir.hu\/wp-content\/gallery\/diosjeno-2022\/thumbs\/thumbs_DSC_5972.jpg\"\n\t\t\t\tdata-image-id=\"5348\"\n\t\t\t\tdata-title=\"DSC_5972\"\n\t\t\t\tdata-description=\"\"\n\t\t\t\tdata-image-slug=\"dsc_5972\"\n\t\t\t\tclass=\"ngg-simplelightbox\" rel=\"14093ec559c9f071b345b3fc19022a01\">\n\t\t\t\t<img\n\t\t\t\t\ttitle=\"DSC_5972\"\n\t\t\t\t\talt=\"DSC_5972\"\n\t\t\t\t\tsrc=\"https:\/\/www.aurin-choir.hu\/wp-content\/gallery\/diosjeno-2022\/cache\/DSC_5972.jpg-nggid045348-ngg0dyn-325x225x100-00f0w010c011r110f110r010t010.jpg\"\n\t\t\t\t\twidth=\"325\"\n\t\t\t\t\theight=\"225\"\n\t\t\t\t\tstyle=\"max-width:100%;\"\n\t\t\t\t\/>\n\t\t\t<\/a>\n\t\t<\/div>\n\t\t\t\t\t\t\t<\/div> \n\t\t\t\n\t\t\t\t<div id=\"ngg-image-1\" class=\"ngg-gallery-thumbnail-box \n\t\t\t\t\t\t\t\t\t\t\t\" \n\t\t\t>\n\t\t\t\t\t\t<div class=\"ngg-gallery-thumbnail\">\n\t\t\t<a href=\"https:\/\/www.aurin-choir.hu\/wp-content\/gallery\/diosjeno-2022\/DSC_6067.jpg\"\n\t\t\t\ttitle=\"\"\n\t\t\t\tdata-src=\"https:\/\/www.aurin-choir.hu\/wp-content\/gallery\/diosjeno-2022\/DSC_6067.jpg\"\n\t\t\t\tdata-thumbnail=\"https:\/\/www.aurin-choir.hu\/wp-content\/gallery\/diosjeno-2022\/thumbs\/thumbs_DSC_6067.jpg\"\n\t\t\t\tdata-image-id=\"5353\"\n\t\t\t\tdata-title=\"DSC_6067\"\n\t\t\t\tdata-description=\"\"\n\t\t\t\tdata-image-slug=\"dsc_6067\"\n\t\t\t\tclass=\"ngg-simplelightbox\" rel=\"14093ec559c9f071b345b3fc19022a01\">\n\t\t\t\t<img\n\t\t\t\t\ttitle=\"DSC_6067\"\n\t\t\t\t\talt=\"DSC_6067\"\n\t\t\t\t\tsrc=\"https:\/\/www.aurin-choir.hu\/wp-content\/gallery\/diosjeno-2022\/cache\/DSC_6067.jpg-nggid045353-ngg0dyn-325x225x100-00f0w010c011r110f110r010t010.jpg\"\n\t\t\t\t\twidth=\"325\"\n\t\t\t\t\theight=\"225\"\n\t\t\t\t\tstyle=\"max-width:100%;\"\n\t\t\t\t\/>\n\t\t\t<\/a>\n\t\t<\/div>\n\t\t\t\t\t\t\t<\/div> \n\t\t\t\n\t\t\t\t<div id=\"ngg-image-2\" class=\"ngg-gallery-thumbnail-box \n\t\t\t\t\t\t\t\t\t\t\t\" \n\t\t\t>\n\t\t\t\t\t\t<div class=\"ngg-gallery-thumbnail\">\n\t\t\t<a href=\"https:\/\/www.aurin-choir.hu\/wp-content\/gallery\/diosjeno-2022\/DSC_5958.jpg\"\n\t\t\t\ttitle=\"\"\n\t\t\t\tdata-src=\"https:\/\/www.aurin-choir.hu\/wp-content\/gallery\/diosjeno-2022\/DSC_5958.jpg\"\n\t\t\t\tdata-thumbnail=\"https:\/\/www.aurin-choir.hu\/wp-content\/gallery\/diosjeno-2022\/thumbs\/thumbs_DSC_5958.jpg\"\n\t\t\t\tdata-image-id=\"5346\"\n\t\t\t\tdata-title=\"DSC_5958\"\n\t\t\t\tdata-description=\"\"\n\t\t\t\tdata-image-slug=\"dsc_5958\"\n\t\t\t\tclass=\"ngg-simplelightbox\" rel=\"14093ec559c9f071b345b3fc19022a01\">\n\t\t\t\t<img\n\t\t\t\t\ttitle=\"DSC_5958\"\n\t\t\t\t\talt=\"DSC_5958\"\n\t\t\t\t\tsrc=\"https:\/\/www.aurin-choir.hu\/wp-content\/gallery\/diosjeno-2022\/cache\/DSC_5958.jpg-nggid045346-ngg0dyn-325x225x100-00f0w010c011r110f110r010t010.jpg\"\n\t\t\t\t\twidth=\"325\"\n\t\t\t\t\theight=\"225\"\n\t\t\t\t\tstyle=\"max-width:100%;\"\n\t\t\t\t\/>\n\t\t\t<\/a>\n\t\t<\/div>\n\t\t\t\t\t\t\t<\/div> \n\t\t\t\n\t\t\t\t<div id=\"ngg-image-3\" class=\"ngg-gallery-thumbnail-box \n\t\t\t\t\t\t\t\t\t\t\t\" \n\t\t\t>\n\t\t\t\t\t\t<div class=\"ngg-gallery-thumbnail\">\n\t\t\t<a href=\"https:\/\/www.aurin-choir.hu\/wp-content\/gallery\/diosjeno-2022\/DSC_5962.jpg\"\n\t\t\t\ttitle=\"\"\n\t\t\t\tdata-src=\"https:\/\/www.aurin-choir.hu\/wp-content\/gallery\/diosjeno-2022\/DSC_5962.jpg\"\n\t\t\t\tdata-thumbnail=\"https:\/\/www.aurin-choir.hu\/wp-content\/gallery\/diosjeno-2022\/thumbs\/thumbs_DSC_5962.jpg\"\n\t\t\t\tdata-image-id=\"5345\"\n\t\t\t\tdata-title=\"DSC_5962\"\n\t\t\t\tdata-description=\"\"\n\t\t\t\tdata-image-slug=\"dsc_5962\"\n\t\t\t\tclass=\"ngg-simplelightbox\" rel=\"14093ec559c9f071b345b3fc19022a01\">\n\t\t\t\t<img\n\t\t\t\t\ttitle=\"DSC_5962\"\n\t\t\t\t\talt=\"DSC_5962\"\n\t\t\t\t\tsrc=\"https:\/\/www.aurin-choir.hu\/wp-content\/gallery\/diosjeno-2022\/cache\/DSC_5962.jpg-nggid045345-ngg0dyn-325x225x100-00f0w010c011r110f110r010t010.jpg\"\n\t\t\t\t\twidth=\"325\"\n\t\t\t\t\theight=\"225\"\n\t\t\t\t\tstyle=\"max-width:100%;\"\n\t\t\t\t\/>\n\t\t\t<\/a>\n\t\t<\/div>\n\t\t\t\t\t\t\t<\/div> \n\t\t\t\n\t\t\t\t<div id=\"ngg-image-4\" class=\"ngg-gallery-thumbnail-box \n\t\t\t\t\t\t\t\t\t\t\t\" \n\t\t\t>\n\t\t\t\t\t\t<div class=\"ngg-gallery-thumbnail\">\n\t\t\t<a href=\"https:\/\/www.aurin-choir.hu\/wp-content\/gallery\/diosjeno-2022\/DSC_5983.jpg\"\n\t\t\t\ttitle=\"\"\n\t\t\t\tdata-src=\"https:\/\/www.aurin-choir.hu\/wp-content\/gallery\/diosjeno-2022\/DSC_5983.jpg\"\n\t\t\t\tdata-thumbnail=\"https:\/\/www.aurin-choir.hu\/wp-content\/gallery\/diosjeno-2022\/thumbs\/thumbs_DSC_5983.jpg\"\n\t\t\t\tdata-image-id=\"5343\"\n\t\t\t\tdata-title=\"DSC_5983\"\n\t\t\t\tdata-description=\"\"\n\t\t\t\tdata-image-slug=\"dsc_5983\"\n\t\t\t\tclass=\"ngg-simplelightbox\" rel=\"14093ec559c9f071b345b3fc19022a01\">\n\t\t\t\t<img\n\t\t\t\t\ttitle=\"DSC_5983\"\n\t\t\t\t\talt=\"DSC_5983\"\n\t\t\t\t\tsrc=\"https:\/\/www.aurin-choir.hu\/wp-content\/gallery\/diosjeno-2022\/cache\/DSC_5983.jpg-nggid045343-ngg0dyn-325x225x100-00f0w010c011r110f110r010t010.jpg\"\n\t\t\t\t\twidth=\"325\"\n\t\t\t\t\theight=\"225\"\n\t\t\t\t\tstyle=\"max-width:100%;\"\n\t\t\t\t\/>\n\t\t\t<\/a>\n\t\t<\/div>\n\t\t\t\t\t\t\t<\/div> \n\t\t\t\n\t\t\t\t<div id=\"ngg-image-5\" class=\"ngg-gallery-thumbnail-box \n\t\t\t\t\t\t\t\t\t\t\t\" \n\t\t\t>\n\t\t\t\t\t\t<div class=\"ngg-gallery-thumbnail\">\n\t\t\t<a href=\"https:\/\/www.aurin-choir.hu\/wp-content\/gallery\/diosjeno-2022\/DSC_5991.jpg\"\n\t\t\t\ttitle=\"\"\n\t\t\t\tdata-src=\"https:\/\/www.aurin-choir.hu\/wp-content\/gallery\/diosjeno-2022\/DSC_5991.jpg\"\n\t\t\t\tdata-thumbnail=\"https:\/\/www.aurin-choir.hu\/wp-content\/gallery\/diosjeno-2022\/thumbs\/thumbs_DSC_5991.jpg\"\n\t\t\t\tdata-image-id=\"5344\"\n\t\t\t\tdata-title=\"DSC_5991\"\n\t\t\t\tdata-description=\"\"\n\t\t\t\tdata-image-slug=\"dsc_5991\"\n\t\t\t\tclass=\"ngg-simplelightbox\" rel=\"14093ec559c9f071b345b3fc19022a01\">\n\t\t\t\t<img\n\t\t\t\t\ttitle=\"DSC_5991\"\n\t\t\t\t\talt=\"DSC_5991\"\n\t\t\t\t\tsrc=\"https:\/\/www.aurin-choir.hu\/wp-content\/gallery\/diosjeno-2022\/cache\/DSC_5991.jpg-nggid045344-ngg0dyn-325x225x100-00f0w010c011r110f110r010t010.jpg\"\n\t\t\t\t\twidth=\"325\"\n\t\t\t\t\theight=\"225\"\n\t\t\t\t\tstyle=\"max-width:100%;\"\n\t\t\t\t\/>\n\t\t\t<\/a>\n\t\t<\/div>\n\t\t\t\t\t\t\t<\/div> \n\t\t\t\n\t\t\t\t<div id=\"ngg-image-6\" class=\"ngg-gallery-thumbnail-box \n\t\t\t\t\t\t\t\t\t\t\t\" \n\t\t\t>\n\t\t\t\t\t\t<div class=\"ngg-gallery-thumbnail\">\n\t\t\t<a href=\"https:\/\/www.aurin-choir.hu\/wp-content\/gallery\/diosjeno-2022\/DSC_6006.jpg\"\n\t\t\t\ttitle=\"\"\n\t\t\t\tdata-src=\"https:\/\/www.aurin-choir.hu\/wp-content\/gallery\/diosjeno-2022\/DSC_6006.jpg\"\n\t\t\t\tdata-thumbnail=\"https:\/\/www.aurin-choir.hu\/wp-content\/gallery\/diosjeno-2022\/thumbs\/thumbs_DSC_6006.jpg\"\n\t\t\t\tdata-image-id=\"5349\"\n\t\t\t\tdata-title=\"DSC_6006\"\n\t\t\t\tdata-description=\"\"\n\t\t\t\tdata-image-slug=\"dsc_6006\"\n\t\t\t\tclass=\"ngg-simplelightbox\" rel=\"14093ec559c9f071b345b3fc19022a01\">\n\t\t\t\t<img\n\t\t\t\t\ttitle=\"DSC_6006\"\n\t\t\t\t\talt=\"DSC_6006\"\n\t\t\t\t\tsrc=\"https:\/\/www.aurin-choir.hu\/wp-content\/gallery\/diosjeno-2022\/cache\/DSC_6006.jpg-nggid045349-ngg0dyn-325x225x100-00f0w010c011r110f110r010t010.jpg\"\n\t\t\t\t\twidth=\"325\"\n\t\t\t\t\theight=\"225\"\n\t\t\t\t\tstyle=\"max-width:100%;\"\n\t\t\t\t\/>\n\t\t\t<\/a>\n\t\t<\/div>\n\t\t\t\t\t\t\t<\/div> \n\t\t\t\n\t\t\t\t<div id=\"ngg-image-7\" class=\"ngg-gallery-thumbnail-box \n\t\t\t\t\t\t\t\t\t\t\t\" \n\t\t\t>\n\t\t\t\t\t\t<div class=\"ngg-gallery-thumbnail\">\n\t\t\t<a href=\"https:\/\/www.aurin-choir.hu\/wp-content\/gallery\/diosjeno-2022\/DSC_6004.jpg\"\n\t\t\t\ttitle=\"\"\n\t\t\t\tdata-src=\"https:\/\/www.aurin-choir.hu\/wp-content\/gallery\/diosjeno-2022\/DSC_6004.jpg\"\n\t\t\t\tdata-thumbnail=\"https:\/\/www.aurin-choir.hu\/wp-content\/gallery\/diosjeno-2022\/thumbs\/thumbs_DSC_6004.jpg\"\n\t\t\t\tdata-image-id=\"5347\"\n\t\t\t\tdata-title=\"DSC_6004\"\n\t\t\t\tdata-description=\"\"\n\t\t\t\tdata-image-slug=\"dsc_6004\"\n\t\t\t\tclass=\"ngg-simplelightbox\" rel=\"14093ec559c9f071b345b3fc19022a01\">\n\t\t\t\t<img\n\t\t\t\t\ttitle=\"DSC_6004\"\n\t\t\t\t\talt=\"DSC_6004\"\n\t\t\t\t\tsrc=\"https:\/\/www.aurin-choir.hu\/wp-content\/gallery\/diosjeno-2022\/cache\/DSC_6004.jpg-nggid045347-ngg0dyn-325x225x100-00f0w010c011r110f110r010t010.jpg\"\n\t\t\t\t\twidth=\"325\"\n\t\t\t\t\theight=\"225\"\n\t\t\t\t\tstyle=\"max-width:100%;\"\n\t\t\t\t\/>\n\t\t\t<\/a>\n\t\t<\/div>\n\t\t\t\t\t\t\t<\/div> \n\t\t\t\n\t\t\t\t<div id=\"ngg-image-8\" class=\"ngg-gallery-thumbnail-box \n\t\t\t\t\t\t\t\t\t\t\t\" \n\t\t\t>\n\t\t\t\t\t\t<div class=\"ngg-gallery-thumbnail\">\n\t\t\t<a href=\"https:\/\/www.aurin-choir.hu\/wp-content\/gallery\/diosjeno-2022\/1_DSC_6015.jpg\"\n\t\t\t\ttitle=\"\"\n\t\t\t\tdata-src=\"https:\/\/www.aurin-choir.hu\/wp-content\/gallery\/diosjeno-2022\/1_DSC_6015.jpg\"\n\t\t\t\tdata-thumbnail=\"https:\/\/www.aurin-choir.hu\/wp-content\/gallery\/diosjeno-2022\/thumbs\/thumbs_1_DSC_6015.jpg\"\n\t\t\t\tdata-image-id=\"5355\"\n\t\t\t\tdata-title=\"1_DSC_6015\"\n\t\t\t\tdata-description=\"\"\n\t\t\t\tdata-image-slug=\"1_dsc_6015\"\n\t\t\t\tclass=\"ngg-simplelightbox\" rel=\"14093ec559c9f071b345b3fc19022a01\">\n\t\t\t\t<img\n\t\t\t\t\ttitle=\"1_DSC_6015\"\n\t\t\t\t\talt=\"1_DSC_6015\"\n\t\t\t\t\tsrc=\"https:\/\/www.aurin-choir.hu\/wp-content\/gallery\/diosjeno-2022\/cache\/1_DSC_6015.jpg-nggid045355-ngg0dyn-325x225x100-00f0w010c011r110f110r010t010.jpg\"\n\t\t\t\t\twidth=\"325\"\n\t\t\t\t\theight=\"225\"\n\t\t\t\t\tstyle=\"max-width:100%;\"\n\t\t\t\t\/>\n\t\t\t<\/a>\n\t\t<\/div>\n\t\t\t\t\t\t\t<\/div> \n\t\t\t\n\t\t\t\t<div id=\"ngg-image-9\" class=\"ngg-gallery-thumbnail-box \n\t\t\t\t\t\t\t\t\t\t\t\" \n\t\t\t>\n\t\t\t\t\t\t<div class=\"ngg-gallery-thumbnail\">\n\t\t\t<a href=\"https:\/\/www.aurin-choir.hu\/wp-content\/gallery\/diosjeno-2022\/DSC_6027.jpg\"\n\t\t\t\ttitle=\"\"\n\t\t\t\tdata-src=\"https:\/\/www.aurin-choir.hu\/wp-content\/gallery\/diosjeno-2022\/DSC_6027.jpg\"\n\t\t\t\tdata-thumbnail=\"https:\/\/www.aurin-choir.hu\/wp-content\/gallery\/diosjeno-2022\/thumbs\/thumbs_DSC_6027.jpg\"\n\t\t\t\tdata-image-id=\"5351\"\n\t\t\t\tdata-title=\"DSC_6027\"\n\t\t\t\tdata-description=\"\"\n\t\t\t\tdata-image-slug=\"dsc_6027\"\n\t\t\t\tclass=\"ngg-simplelightbox\" rel=\"14093ec559c9f071b345b3fc19022a01\">\n\t\t\t\t<img\n\t\t\t\t\ttitle=\"DSC_6027\"\n\t\t\t\t\talt=\"DSC_6027\"\n\t\t\t\t\tsrc=\"https:\/\/www.aurin-choir.hu\/wp-content\/gallery\/diosjeno-2022\/cache\/DSC_6027.jpg-nggid045351-ngg0dyn-325x225x100-00f0w010c011r110f110r010t010.jpg\"\n\t\t\t\t\twidth=\"325\"\n\t\t\t\t\theight=\"225\"\n\t\t\t\t\tstyle=\"max-width:100%;\"\n\t\t\t\t\/>\n\t\t\t<\/a>\n\t\t<\/div>\n\t\t\t\t\t\t\t<\/div> \n\t\t\t\n\t\t\t\t<div id=\"ngg-image-10\" class=\"ngg-gallery-thumbnail-box \n\t\t\t\t\t\t\t\t\t\t\t\" \n\t\t\t>\n\t\t\t\t\t\t<div class=\"ngg-gallery-thumbnail\">\n\t\t\t<a href=\"https:\/\/www.aurin-choir.hu\/wp-content\/gallery\/diosjeno-2022\/DSC_6041.jpg\"\n\t\t\t\ttitle=\"\"\n\t\t\t\tdata-src=\"https:\/\/www.aurin-choir.hu\/wp-content\/gallery\/diosjeno-2022\/DSC_6041.jpg\"\n\t\t\t\tdata-thumbnail=\"https:\/\/www.aurin-choir.hu\/wp-content\/gallery\/diosjeno-2022\/thumbs\/thumbs_DSC_6041.jpg\"\n\t\t\t\tdata-image-id=\"5352\"\n\t\t\t\tdata-title=\"DSC_6041\"\n\t\t\t\tdata-description=\"\"\n\t\t\t\tdata-image-slug=\"dsc_6041\"\n\t\t\t\tclass=\"ngg-simplelightbox\" rel=\"14093ec559c9f071b345b3fc19022a01\">\n\t\t\t\t<img\n\t\t\t\t\ttitle=\"DSC_6041\"\n\t\t\t\t\talt=\"DSC_6041\"\n\t\t\t\t\tsrc=\"https:\/\/www.aurin-choir.hu\/wp-content\/gallery\/diosjeno-2022\/cache\/DSC_6041.jpg-nggid045352-ngg0dyn-325x225x100-00f0w010c011r110f110r010t010.jpg\"\n\t\t\t\t\twidth=\"325\"\n\t\t\t\t\theight=\"225\"\n\t\t\t\t\tstyle=\"max-width:100%;\"\n\t\t\t\t\/>\n\t\t\t<\/a>\n\t\t<\/div>\n\t\t\t\t\t\t\t<\/div> \n\t\t\t\n\t\t\t\t<div id=\"ngg-image-11\" class=\"ngg-gallery-thumbnail-box \n\t\t\t\t\t\t\t\t\t\t\t\" \n\t\t\t>\n\t\t\t\t\t\t<div class=\"ngg-gallery-thumbnail\">\n\t\t\t<a href=\"https:\/\/www.aurin-choir.hu\/wp-content\/gallery\/diosjeno-2022\/DSC_6045.jpg\"\n\t\t\t\ttitle=\"\"\n\t\t\t\tdata-src=\"https:\/\/www.aurin-choir.hu\/wp-content\/gallery\/diosjeno-2022\/DSC_6045.jpg\"\n\t\t\t\tdata-thumbnail=\"https:\/\/www.aurin-choir.hu\/wp-content\/gallery\/diosjeno-2022\/thumbs\/thumbs_DSC_6045.jpg\"\n\t\t\t\tdata-image-id=\"5354\"\n\t\t\t\tdata-title=\"DSC_6045\"\n\t\t\t\tdata-description=\"\"\n\t\t\t\tdata-image-slug=\"dsc_6045\"\n\t\t\t\tclass=\"ngg-simplelightbox\" rel=\"14093ec559c9f071b345b3fc19022a01\">\n\t\t\t\t<img\n\t\t\t\t\ttitle=\"DSC_6045\"\n\t\t\t\t\talt=\"DSC_6045\"\n\t\t\t\t\tsrc=\"https:\/\/www.aurin-choir.hu\/wp-content\/gallery\/diosjeno-2022\/cache\/DSC_6045.jpg-nggid045354-ngg0dyn-325x225x100-00f0w010c011r110f110r010t010.jpg\"\n\t\t\t\t\twidth=\"325\"\n\t\t\t\t\theight=\"225\"\n\t\t\t\t\tstyle=\"max-width:100%;\"\n\t\t\t\t\/>\n\t\t\t<\/a>\n\t\t<\/div>\n\t\t\t\t\t\t\t<\/div> \n\t\t\t\n\t\n\t<br style=\"clear: both\" \/>\n\n\t\n\t\t<!-- Pagination -->\n\t\t<div class='ngg-clear'><\/div>\t<\/div>\n Fot\u00f3k: diosjeno.hu<\/p>\n","protected":false},"author":1,"featured_media":0,"parent":0,"menu_order":0,"comment_status":"closed","ping_status":"closed","template":"","meta":{"_et_pb_use_builder":"on","_et_pb_old_content":"<p>[vc_row css=\".vc_custom_1552214594826{margin-top: 0px !important;padding-top: 0px !important;}\"][vc_column css=\".vc_custom_1552214092443{margin-top: 0px !important;padding-top: 0px !important;}\"][gp_gradient_bg color1=\"#b7123e\" color2=\"#bc7810\"][vc_column_text css=\".vc_custom_1641725701520{margin-bottom: 0px !important;padding-top: 50px !important;padding-bottom: 50px !important;}\"]<\/p><h3 style=\"text-align: center;\"><span style=\"color: #ffffff;\">K\u00f3rus \u00e9s cimbalom 2022<br>Vend\u00e9geink: Csendes Henrietta \u00e9s Kov\u00e1cs Mih\u00e1ly<\/span><\/h3><p style=\"text-align: center;\"><span style=\"color: #ffffff;\">Katolikus templom, Di\u00f3sjen\u0151<\/span><\/p><p>[\/vc_column_text][\/vc_column][\/vc_row][vc_row css=\".vc_custom_1552214004603{padding-bottom: 30px !important;}\"][vc_column][vc_column_text][nggallery id=69][\/vc_column_text][ld_spacer height=\"30px\"][vc_column_text]Fot\u00f3k: diosjeno.hu[\/vc_column_text][\/vc_column][\/vc_row]<\/p>","_et_gb_content_width":"","ngg_post_thumbnail":0,"footnotes":""},"class_list":["post-13704","page","type-page","status-publish","hentry"],"yoast_head":"<!-- This site is optimized with the Yoast SEO plugin v26.0 - https:\/\/yoast.com\/wordpress\/plugins\/seo\/ -->\n<title>Di\u00f3sjen\u0151 2022 - Aurin - Miraculum<\/title>\n<meta name=\"robots\" content=\"index, follow, max-snippet:-1, max-image-preview:large, max-video-preview:-1\" \/>\n<link rel=\"canonical\" href=\"https:\/\/www.aurin-choir.hu\/en\/diosjeno-2022\/\" \/>\n<meta property=\"og:locale\" content=\"en_US\" \/>\n<meta property=\"og:type\" content=\"article\" \/>\n<meta property=\"og:title\" content=\"Di\u00f3sjen\u0151 2022 - Aurin - Miraculum\" \/>\n<meta property=\"og:description\" content=\"K\u00f3rus \u00e9s cimbalom 2022 Vend\u00e9geink: Csendes Henrietta \u00e9s Kov\u00e1cs Mih\u00e1ly Katolikus templom, Di\u00f3sjen\u0151 Fot\u00f3k: diosjeno.hu\" \/>\n<meta property=\"og:url\" content=\"https:\/\/www.aurin-choir.hu\/en\/diosjeno-2022\/\" \/>\n<meta property=\"og:site_name\" content=\"Aurin - Miraculum\" \/>\n<meta property=\"article:publisher\" content=\"https:\/\/www.facebook.com\/aurinchoir\" \/>\n<meta property=\"article:modified_time\" content=\"2024-12-29T15:32:45+00:00\" \/>\n<meta property=\"og:image\" content=\"https:\/\/www.aurin-choir.hu\/wp-content\/uploads\/2025\/03\/DSC_2025_kicsi-1.jpg\" \/>\n\t<meta property=\"og:image:width\" content=\"1800\" \/>\n\t<meta property=\"og:image:height\" content=\"1013\" \/>\n\t<meta property=\"og:image:type\" content=\"image\/jpeg\" \/>\n<meta name=\"twitter:card\" content=\"summary_large_image\" \/>\n<script type=\"application\/ld+json\" class=\"yoast-schema-graph\">{\"@context\":\"https:\/\/schema.org\",\"@graph\":[{\"@type\":\"WebPage\",\"@id\":\"https:\/\/www.aurin-choir.hu\/en\/diosjeno-2022\/\",\"url\":\"https:\/\/www.aurin-choir.hu\/en\/diosjeno-2022\/\",\"name\":\"Di\u00f3sjen\u0151 2022 - Aurin - Miraculum\",\"isPartOf\":{\"@id\":\"https:\/\/www.aurin-choir.hu\/#website\"},\"datePublished\":\"2024-01-28T13:21:18+00:00\",\"dateModified\":\"2024-12-29T15:32:45+00:00\",\"breadcrumb\":{\"@id\":\"https:\/\/www.aurin-choir.hu\/en\/diosjeno-2022\/#breadcrumb\"},\"inLanguage\":\"en-US\",\"potentialAction\":[{\"@type\":\"ReadAction\",\"target\":[\"https:\/\/www.aurin-choir.hu\/en\/diosjeno-2022\/\"]}]},{\"@type\":\"BreadcrumbList\",\"@id\":\"https:\/\/www.aurin-choir.hu\/en\/diosjeno-2022\/#breadcrumb\",\"itemListElement\":[{\"@type\":\"ListItem\",\"position\":1,\"name\":\"Kezd\u0151lap\",\"item\":\"https:\/\/www.aurin-choir.hu\/en\/\"},{\"@type\":\"ListItem\",\"position\":2,\"name\":\"Di\u00f3sjen\u0151 2022\"}]},{\"@type\":\"WebSite\",\"@id\":\"https:\/\/www.aurin-choir.hu\/#website\",\"url\":\"https:\/\/www.aurin-choir.hu\/\",\"name\":\"Aurin - Miraculum\",\"description\":\"Aurin - Miraculum\",\"publisher\":{\"@id\":\"https:\/\/www.aurin-choir.hu\/#organization\"},\"potentialAction\":[{\"@type\":\"SearchAction\",\"target\":{\"@type\":\"EntryPoint\",\"urlTemplate\":\"https:\/\/www.aurin-choir.hu\/?s={search_term_string}\"},\"query-input\":{\"@type\":\"PropertyValueSpecification\",\"valueRequired\":true,\"valueName\":\"search_term_string\"}}],\"inLanguage\":\"en-US\"},{\"@type\":\"Organization\",\"@id\":\"https:\/\/www.aurin-choir.hu\/#organization\",\"name\":\"Aurin \u00e9s Miraculum Alap\u00edtv\u00e1ny\",\"url\":\"https:\/\/www.aurin-choir.hu\/\",\"logo\":{\"@type\":\"ImageObject\",\"inLanguage\":\"en-US\",\"@id\":\"https:\/\/www.aurin-choir.hu\/#\/schema\/logo\/image\/\",\"url\":\"https:\/\/www.aurin-choir.hu\/wp-content\/uploads\/2024\/05\/logo_webre_evadzaro2-1.png\",\"contentUrl\":\"https:\/\/www.aurin-choir.hu\/wp-content\/uploads\/2024\/05\/logo_webre_evadzaro2-1.png\",\"width\":500,\"height\":515,\"caption\":\"Aurin \u00e9s Miraculum Alap\u00edtv\u00e1ny\"},\"image\":{\"@id\":\"https:\/\/www.aurin-choir.hu\/#\/schema\/logo\/image\/\"},\"sameAs\":[\"https:\/\/www.facebook.com\/aurinchoir\"]}]}<\/script>\n<!-- \/ Yoast SEO plugin. -->","yoast_head_json":{"title":"Di\u00f3sjen\u0151 2022 - Aurin - Miraculum","robots":{"index":"index","follow":"follow","max-snippet":"max-snippet:-1","max-image-preview":"max-image-preview:large","max-video-preview":"max-video-preview:-1"},"canonical":"https:\/\/www.aurin-choir.hu\/en\/diosjeno-2022\/","og_locale":"en_US","og_type":"article","og_title":"Di\u00f3sjen\u0151 2022 - Aurin - Miraculum","og_description":"K\u00f3rus \u00e9s cimbalom 2022 Vend\u00e9geink: Csendes Henrietta \u00e9s Kov\u00e1cs Mih\u00e1ly Katolikus templom, Di\u00f3sjen\u0151 Fot\u00f3k: diosjeno.hu","og_url":"https:\/\/www.aurin-choir.hu\/en\/diosjeno-2022\/","og_site_name":"Aurin - Miraculum","article_publisher":"https:\/\/www.facebook.com\/aurinchoir","article_modified_time":"2024-12-29T15:32:45+00:00","og_image":[{"width":1800,"height":1013,"url":"https:\/\/www.aurin-choir.hu\/wp-content\/uploads\/2025\/03\/DSC_2025_kicsi-1.jpg","type":"image\/jpeg"}],"twitter_card":"summary_large_image","schema":{"@context":"https:\/\/schema.org","@graph":[{"@type":"WebPage","@id":"https:\/\/www.aurin-choir.hu\/en\/diosjeno-2022\/","url":"https:\/\/www.aurin-choir.hu\/en\/diosjeno-2022\/","name":"Di\u00f3sjen\u0151 2022 - Aurin - Miraculum","isPartOf":{"@id":"https:\/\/www.aurin-choir.hu\/#website"},"datePublished":"2024-01-28T13:21:18+00:00","dateModified":"2024-12-29T15:32:45+00:00","breadcrumb":{"@id":"https:\/\/www.aurin-choir.hu\/en\/diosjeno-2022\/#breadcrumb"},"inLanguage":"en-US","potentialAction":[{"@type":"ReadAction","target":["https:\/\/www.aurin-choir.hu\/en\/diosjeno-2022\/"]}]},{"@type":"BreadcrumbList","@id":"https:\/\/www.aurin-choir.hu\/en\/diosjeno-2022\/#breadcrumb","itemListElement":[{"@type":"ListItem","position":1,"name":"Kezd\u0151lap","item":"https:\/\/www.aurin-choir.hu\/en\/"},{"@type":"ListItem","position":2,"name":"Di\u00f3sjen\u0151 2022"}]},{"@type":"WebSite","@id":"https:\/\/www.aurin-choir.hu\/#website","url":"https:\/\/www.aurin-choir.hu\/","name":"Aurin - Miraculum","description":"Aurin - Miraculum","publisher":{"@id":"https:\/\/www.aurin-choir.hu\/#organization"},"potentialAction":[{"@type":"SearchAction","target":{"@type":"EntryPoint","urlTemplate":"https:\/\/www.aurin-choir.hu\/?s={search_term_string}"},"query-input":{"@type":"PropertyValueSpecification","valueRequired":true,"valueName":"search_term_string"}}],"inLanguage":"en-US"},{"@type":"Organization","@id":"https:\/\/www.aurin-choir.hu\/#organization","name":"Aurin \u00e9s Miraculum Alap\u00edtv\u00e1ny","url":"https:\/\/www.aurin-choir.hu\/","logo":{"@type":"ImageObject","inLanguage":"en-US","@id":"https:\/\/www.aurin-choir.hu\/#\/schema\/logo\/image\/","url":"https:\/\/www.aurin-choir.hu\/wp-content\/uploads\/2024\/05\/logo_webre_evadzaro2-1.png","contentUrl":"https:\/\/www.aurin-choir.hu\/wp-content\/uploads\/2024\/05\/logo_webre_evadzaro2-1.png","width":500,"height":515,"caption":"Aurin \u00e9s Miraculum Alap\u00edtv\u00e1ny"},"image":{"@id":"https:\/\/www.aurin-choir.hu\/#\/schema\/logo\/image\/"},"sameAs":["https:\/\/www.facebook.com\/aurinchoir"]}]}},"_links":{"self":[{"href":"https:\/\/www.aurin-choir.hu\/en\/wp-json\/wp\/v2\/pages\/13704","targetHints":{"allow":["GET"]}}],"collection":[{"href":"https:\/\/www.aurin-choir.hu\/en\/wp-json\/wp\/v2\/pages"}],"about":[{"href":"https:\/\/www.aurin-choir.hu\/en\/wp-json\/wp\/v2\/types\/page"}],"author":[{"embeddable":true,"href":"https:\/\/www.aurin-choir.hu\/en\/wp-json\/wp\/v2\/users\/1"}],"replies":[{"embeddable":true,"href":"https:\/\/www.aurin-choir.hu\/en\/wp-json\/wp\/v2\/comments?post=13704"}],"version-history":[{"count":7,"href":"https:\/\/www.aurin-choir.hu\/en\/wp-json\/wp\/v2\/pages\/13704\/revisions"}],"predecessor-version":[{"id":14077,"href":"https:\/\/www.aurin-choir.hu\/en\/wp-json\/wp\/v2\/pages\/13704\/revisions\/14077"}],"wp:attachment":[{"href":"https:\/\/www.aurin-choir.hu\/en\/wp-json\/wp\/v2\/media?parent=13704"}],"curies":[{"name":"wp","href":"https:\/\/api.w.org\/{rel}","templated":true}]}}