{"id":13993,"date":"2024-11-15T07:24:58","date_gmt":"2024-11-15T07:24:58","guid":{"rendered":"https:\/\/www.aurin-choir.hu\/sajto\/"},"modified":"2024-11-15T15:42:02","modified_gmt":"2024-11-15T15:42:02","slug":"press","status":"publish","type":"page","link":"https:\/\/www.aurin-choir.hu\/en\/press\/","title":{"rendered":"Press"},"content":{"rendered":"<p>[vc_row bg_position=&#8221;center center&#8221; enable_gradient=&#8221;yes&#8221; enable_overlay=&#8221;yes&#8221; bg_gradient1=&#8221;#4f4f4f&#8221; bg_gradient2=&#8221;#7c1b51&#8243; css=&#8221;.vc_custom_1640976970135{padding-top: 50px !important;padding-bottom: 50px !important;background-image: url(https:\/\/www.aurin-choir.hu\/wp-content\/uploads\/2020\/03\/DSC8509-scaled.jpg?id=7381) !important;background-position: center !important;background-repeat: no-repeat !important;background-size: cover !important;}&#8221; overlay_bg=&#8221;linear-gradient(90deg, rgba(48, 48, 48, 0.9) 1.6556291390728477%, rgba(124,27,81,0.9) 100%)&#8221;][vc_column][vc_column_text css=&#8221;.vc_custom_1731685315438{padding-top: 80px !important;}&#8221;]<\/p>\n<h1 style=\"text-align: center;\"><span style=\"color: #ffffff; text-transform: uppercase;\">PRESS<br \/>\n<\/span><\/h1>\n<p>[\/vc_column_text][ld_spacer height=&#8221;30px&#8221;][\/vc_column][\/vc_row][vc_row][vc_column][row_separator separator=&#8221;curve-side2&#8243; color1=&#8221;#ffffff&#8221; color2=&#8221;#ffffff&#8221; color3=&#8221;#ffffff&#8221;][\/vc_column][\/vc_row][vc_row][vc_column][ld_spacer height=&#8221;30px&#8221;][vc_column_text]<\/p>\n<h3>Press photos<\/h3>\n<p>[\/vc_column_text][ld_spacer height=&#8221;50px&#8221;][vc_column_text css=&#8221;.vc_custom_1731679433169{padding-bottom: 30px !important;}&#8221;]Press photos can be downloaded in high resolution by clicking on the images.[\/vc_column_text][vc_row_inner][vc_column_inner width=&#8221;1\/4&#8243;][vc_single_image image=&#8221;13968&#8243; img_size=&#8221;full&#8221; alignment=&#8221;center&#8221; onclick=&#8221;custom_link&#8221; img_link_target=&#8221;_blank&#8221; link=&#8221;http:\/\/aurin-choir.hu\/press\/Montenegro_2024_01.jpg&#8221;][vc_column_text css=&#8221;.vc_custom_1731679459310{padding-bottom: 30px !important;}&#8221;]Aurin Girls&#8217; Choir<br \/>\nMontenegro<br \/>\n2024<\/p>\n<p>Photos: Edit Palinkas \/ <a href=\"https:\/\/divisart.hu\" target=\"_blank\" rel=\"noopener\">Divisart<\/a>[\/vc_column_text][\/vc_column_inner][vc_column_inner width=&#8221;1\/4&#8243;][vc_single_image image=&#8221;13981&#8243; img_size=&#8221;full&#8221; alignment=&#8221;center&#8221; onclick=&#8221;custom_link&#8221; img_link_target=&#8221;_blank&#8221; link=&#8221;http:\/\/aurin-choir.hu\/press\/Montenegro_2024_02.jpg&#8221;][vc_column_text css=&#8221;.vc_custom_1731679459310{padding-bottom: 30px !important;}&#8221;]Aurin Girls&#8217; Choir<br \/>\nMontenegro<br \/>\n2024<\/p>\n<p>Photos: Edit Palinkas \/ <a href=\"https:\/\/divisart.hu\" target=\"_blank\" rel=\"noopener\">Divisart<\/a>[\/vc_column_text][\/vc_column_inner][vc_column_inner width=&#8221;1\/4&#8243;][vc_single_image image=&#8221;13986&#8243; img_size=&#8221;full&#8221; alignment=&#8221;center&#8221; onclick=&#8221;custom_link&#8221; img_link_target=&#8221;_blank&#8221; link=&#8221;http:\/\/aurin-choir.hu\/press\/Montenegro_2024_03.jpg&#8221;][vc_column_text css=&#8221;.vc_custom_1731679459310{padding-bottom: 30px !important;}&#8221;]Aurin Girls&#8217; Choir<br \/>\nMontenegro<br \/>\n2024<\/p>\n<p>Photos: Edit Palinkas \/ <a href=\"https:\/\/divisart.hu\" target=\"_blank\" rel=\"noopener\">Divisart<\/a>[\/vc_column_text][\/vc_column_inner][vc_column_inner width=&#8221;1\/4&#8243;][vc_single_image image=&#8221;13983&#8243; img_size=&#8221;full&#8221; alignment=&#8221;center&#8221; onclick=&#8221;custom_link&#8221; img_link_target=&#8221;_blank&#8221; link=&#8221;http:\/\/aurin-choir.hu\/press\/Montenegro_2024_04.jpg&#8221;][vc_column_text css=&#8221;.vc_custom_1731679459310{padding-bottom: 30px !important;}&#8221;]Aurin Girls&#8217; Choir<br \/>\nMontenegro<br \/>\n2024<\/p>\n<p>Photos: Edit Palinkas \/ <a href=\"https:\/\/divisart.hu\" target=\"_blank\" rel=\"noopener\">Divisart<\/a>[\/vc_column_text][\/vc_column_inner][\/vc_row_inner][vc_row_inner][vc_column_inner width=&#8221;1\/4&#8243;][vc_single_image image=&#8221;13970&#8243; img_size=&#8221;full&#8221; alignment=&#8221;center&#8221; onclick=&#8221;custom_link&#8221; img_link_target=&#8221;_blank&#8221; link=&#8221;http:\/\/aurin-choir.hu\/press\/Vienna_2024_03.jpg&#8221;][vc_column_text css=&#8221;.vc_custom_1731679491191{padding-bottom: 30px !important;}&#8221;]Aurin Girls&#8217; Choir<br \/>\nVienna<br \/>\n2024<\/p>\n<p>Photos: Edit Palinkas \/ <a href=\"https:\/\/divisart.hu\" target=\"_blank\" rel=\"noopener\">Divisart<\/a>[\/vc_column_text][\/vc_column_inner][vc_column_inner width=&#8221;1\/4&#8243;][vc_single_image image=&#8221;13975&#8243; img_size=&#8221;full&#8221; alignment=&#8221;center&#8221; onclick=&#8221;custom_link&#8221; img_link_target=&#8221;_blank&#8221; link=&#8221;http:\/\/aurin-choir.hu\/press\/Vienna_2024_01.jpg&#8221;][vc_column_text css=&#8221;.vc_custom_1731679491191{padding-bottom: 30px !important;}&#8221;]Aurin Girls&#8217; Choir<br \/>\nVienna<br \/>\n2024<\/p>\n<p>Photos: Edit Palinkas \/ <a href=\"https:\/\/divisart.hu\" target=\"_blank\" rel=\"noopener\">Divisart<\/a>[\/vc_column_text][\/vc_column_inner][vc_column_inner width=&#8221;1\/4&#8243;][vc_single_image image=&#8221;13977&#8243; img_size=&#8221;full&#8221; alignment=&#8221;center&#8221; onclick=&#8221;custom_link&#8221; img_link_target=&#8221;_blank&#8221; link=&#8221;http:\/\/aurin-choir.hu\/press\/Vienna_2024_02.jpg&#8221;][vc_column_text css=&#8221;.vc_custom_1731679491191{padding-bottom: 30px !important;}&#8221;]Aurin Girls&#8217; Choir<br \/>\nVienna<br \/>\n2024<\/p>\n<p>Photos: Edit Palinkas \/ <a href=\"https:\/\/divisart.hu\" target=\"_blank\" rel=\"noopener\">Divisart<\/a>[\/vc_column_text][\/vc_column_inner][vc_column_inner width=&#8221;1\/4&#8243;][vc_single_image image=&#8221;13990&#8243; img_size=&#8221;full&#8221; alignment=&#8221;center&#8221; onclick=&#8221;custom_link&#8221; img_link_target=&#8221;_blank&#8221; link=&#8221;http:\/\/aurin-choir.hu\/press\/Vienna_2024_04.jpg&#8221;][vc_column_text css=&#8221;.vc_custom_1731679491191{padding-bottom: 30px !important;}&#8221;]Aurin Girls&#8217; Choir<br \/>\nVienna<br \/>\n2024<\/p>\n<p>Photos: Edit Palinkas \/ <a href=\"https:\/\/divisart.hu\" target=\"_blank\" rel=\"noopener\">Divisart<\/a>[\/vc_column_text][\/vc_column_inner][\/vc_row_inner][\/vc_column][\/vc_row][vc_row][vc_column][row_separator location=&#8221;bottom&#8221; separator=&#8221;curve-side2&#8243; flip=&#8221;1&#8243; color1=&#8221;#ffffff&#8221; color2=&#8221;#ffffff&#8221; color3=&#8221;#ffffff&#8221;][\/vc_column][\/vc_row][vc_row enable_gradient=&#8221;yes&#8221; gradient_bg=&#8221;linear-gradient(90deg, rgb(48, 48, 48) 0%, #7c1b51 100%)&#8221;][vc_column][ld_spacer height=&#8221;30px&#8221;][vc_row_inner css=&#8221;.vc_custom_1546335915499{padding-top: 40px !important;padding-bottom: 40px !important;}&#8221;][vc_column_inner width=&#8221;1\/6&#8243;][vc_column_text]<\/p>\n<p style=\"text-align: center;\"><span style=\"color: #ffffff;\"><a style=\"color: #ffffff;\" href=\"https:\/\/www.aurin-choir.hu\/alapitvany\/\">Alap\u00edtv\u00e1ny<\/a><\/span><\/p>\n<p>[\/vc_column_text][ld_spacer height=&#8221;10px&#8221;][\/vc_column_inner][vc_column_inner width=&#8221;1\/6&#8243;][vc_column_text]<\/p>\n<p style=\"text-align: center;\"><span style=\"color: #ffffff;\"><a style=\"color: #ffffff;\" href=\"https:\/\/www.aurin-choir.hu\/alapitvany-hirek\/\">H\u00edrek<\/a><\/span><\/p>\n<p>[\/vc_column_text][ld_spacer height=&#8221;10px&#8221;][\/vc_column_inner][vc_column_inner width=&#8221;1\/6&#8243;][vc_column_text]<\/p>\n<p style=\"text-align: center;\"><span style=\"color: #ffffff;\"><a style=\"color: #ffffff;\" href=\"http:\/\/www.aurin-choir.hu\/alapitvany\/celok\/\">C\u00e9lok<\/a><\/span><\/p>\n<p>[\/vc_column_text][ld_spacer height=&#8221;10px&#8221;][\/vc_column_inner][vc_column_inner width=&#8221;1\/6&#8243;][vc_column_text]<\/p>\n<p style=\"text-align: center;\"><span style=\"color: #ffffff;\"><a style=\"color: #ffffff;\" href=\"https:\/\/www.aurin-choir.hu\/alapitvany\/dokumentumok\/\">Dokumentumok<\/a><\/span><\/p>\n<p>[\/vc_column_text][ld_spacer height=&#8221;10px&#8221;][\/vc_column_inner][vc_column_inner width=&#8221;1\/6&#8243;][vc_column_text]<\/p>\n<p style=\"text-align: center;\"><span style=\"color: #ffffff;\"><a style=\"color: #ffffff;\" href=\"https:\/\/www.aurin-choir.hu\/alapitvany\/partnerek\/\">Partnerek<\/a><\/span><\/p>\n<p>[\/vc_column_text][ld_spacer height=&#8221;10px&#8221;][\/vc_column_inner][vc_column_inner width=&#8221;1\/6&#8243;][vc_column_text]<\/p>\n<p style=\"text-align: center;\"><span style=\"color: #ffffff;\"><a style=\"color: #ffffff;\" href=\"https:\/\/www.aurin-choir.hu\/alapitvany\/kapcsolat\/\">Kapcsolat<\/a><\/span><\/p>\n<p>[\/vc_column_text][ld_spacer height=&#8221;10px&#8221;][\/vc_column_inner][\/vc_row_inner][ld_spacer height=&#8221;20px&#8221;][\/vc_column][\/vc_row]<\/p>\n","protected":false},"excerpt":{"rendered":"<p>[vc_row bg_position=&#8221;center center&#8221; enable_gradient=&#8221;yes&#8221; enable_overlay=&#8221;yes&#8221; bg_gradient1=&#8221;#4f4f4f&#8221; bg_gradient2=&#8221;#7c1b51&#8243; css=&#8221;.vc_custom_1640976970135{padding-top: 50px !important;padding-bottom: 50px !important;background-image: url(https:\/\/www.aurin-choir.hu\/wp-content\/uploads\/2020\/03\/DSC8509-scaled.jpg?id=7381) !important;background-position: center !important;background-repeat: no-repeat !important;background-size: cover !important;}&#8221; overlay_bg=&#8221;linear-gradient(90deg, rgba(48, 48, 48, 0.9) 1.6556291390728477%, rgba(124,27,81,0.9) 100%)&#8221;][vc_column][vc_column_text css=&#8221;.vc_custom_1731685315438{padding-top: 80px !important;}&#8221;] PRESS [\/vc_column_text][ld_spacer height=&#8221;30px&#8221;][\/vc_column][\/vc_row][vc_row][vc_column][row_separator separator=&#8221;curve-side2&#8243; color1=&#8221;#ffffff&#8221; color2=&#8221;#ffffff&#8221; color3=&#8221;#ffffff&#8221;][\/vc_column][\/vc_row][vc_row][vc_column][ld_spacer height=&#8221;30px&#8221;][vc_column_text] Press photos [\/vc_column_text][ld_spacer height=&#8221;50px&#8221;][vc_column_text css=&#8221;.vc_custom_1731679433169{padding-bottom: 30px !important;}&#8221;]Press photos can be downloaded in high resolution by clicking [&hellip;]<\/p>\n","protected":false},"author":1,"featured_media":0,"parent":0,"menu_order":0,"comment_status":"closed","ping_status":"closed","template":"","meta":{"_et_pb_use_builder":"","_et_pb_old_content":"","_et_gb_content_width":"","ngg_post_thumbnail":0,"footnotes":""},"class_list":["post-13993","page","type-page","status-publish","hentry"],"yoast_head":"<!-- This site is optimized with the Yoast SEO plugin v26.0 - https:\/\/yoast.com\/wordpress\/plugins\/seo\/ -->\n<title>Press - Aurin - Miraculum<\/title>\n<meta name=\"robots\" content=\"index, follow, max-snippet:-1, max-image-preview:large, max-video-preview:-1\" \/>\n<link rel=\"canonical\" href=\"https:\/\/www.aurin-choir.hu\/en\/press\/\" \/>\n<meta property=\"og:locale\" content=\"en_US\" \/>\n<meta property=\"og:type\" content=\"article\" \/>\n<meta property=\"og:title\" content=\"Press - Aurin - Miraculum\" \/>\n<meta property=\"og:description\" content=\"[vc_row bg_position=&#8221;center center&#8221; enable_gradient=&#8221;yes&#8221; enable_overlay=&#8221;yes&#8221; bg_gradient1=&#8221;#4f4f4f&#8221; bg_gradient2=&#8221;#7c1b51&#8243; css=&#8221;.vc_custom_1640976970135{padding-top: 50px !important;padding-bottom: 50px !important;background-image: url(https:\/\/www.aurin-choir.hu\/wp-content\/uploads\/2020\/03\/DSC8509-scaled.jpg?id=7381) !important;background-position: center !important;background-repeat: no-repeat !important;background-size: cover !important;}&#8221; overlay_bg=&#8221;linear-gradient(90deg, rgba(48, 48, 48, 0.9) 1.6556291390728477%, rgba(124,27,81,0.9) 100%)&#8221;][vc_column][vc_column_text css=&#8221;.vc_custom_1731685315438{padding-top: 80px !important;}&#8221;] PRESS [\/vc_column_text][ld_spacer height=&#8221;30px&#8221;][\/vc_column][\/vc_row][vc_row][vc_column][row_separator separator=&#8221;curve-side2&#8243; color1=&#8221;#ffffff&#8221; color2=&#8221;#ffffff&#8221; color3=&#8221;#ffffff&#8221;][\/vc_column][\/vc_row][vc_row][vc_column][ld_spacer height=&#8221;30px&#8221;][vc_column_text] Press photos [\/vc_column_text][ld_spacer height=&#8221;50px&#8221;][vc_column_text css=&#8221;.vc_custom_1731679433169{padding-bottom: 30px !important;}&#8221;]Press photos can be downloaded in high resolution by clicking [&hellip;]\" \/>\n<meta property=\"og:url\" content=\"https:\/\/www.aurin-choir.hu\/en\/press\/\" \/>\n<meta property=\"og:site_name\" content=\"Aurin - Miraculum\" \/>\n<meta property=\"article:publisher\" content=\"https:\/\/www.facebook.com\/aurinchoir\" \/>\n<meta property=\"article:modified_time\" content=\"2024-11-15T15:42:02+00:00\" \/>\n<meta property=\"og:image\" content=\"https:\/\/www.aurin-choir.hu\/wp-content\/uploads\/2025\/03\/DSC_2025_kicsi-1.jpg\" \/>\n\t<meta property=\"og:image:width\" content=\"1800\" \/>\n\t<meta property=\"og:image:height\" content=\"1013\" \/>\n\t<meta property=\"og:image:type\" content=\"image\/jpeg\" \/>\n<meta name=\"twitter:card\" content=\"summary_large_image\" \/>\n<meta name=\"twitter:label1\" content=\"Est. reading time\" \/>\n\t<meta name=\"twitter:data1\" content=\"4 minutes\" \/>\n<script type=\"application\/ld+json\" class=\"yoast-schema-graph\">{\"@context\":\"https:\/\/schema.org\",\"@graph\":[{\"@type\":\"WebPage\",\"@id\":\"https:\/\/www.aurin-choir.hu\/en\/press\/\",\"url\":\"https:\/\/www.aurin-choir.hu\/en\/press\/\",\"name\":\"Press - Aurin - Miraculum\",\"isPartOf\":{\"@id\":\"https:\/\/www.aurin-choir.hu\/#website\"},\"datePublished\":\"2024-11-15T07:24:58+00:00\",\"dateModified\":\"2024-11-15T15:42:02+00:00\",\"breadcrumb\":{\"@id\":\"https:\/\/www.aurin-choir.hu\/en\/press\/#breadcrumb\"},\"inLanguage\":\"en-US\",\"potentialAction\":[{\"@type\":\"ReadAction\",\"target\":[\"https:\/\/www.aurin-choir.hu\/en\/press\/\"]}]},{\"@type\":\"BreadcrumbList\",\"@id\":\"https:\/\/www.aurin-choir.hu\/en\/press\/#breadcrumb\",\"itemListElement\":[{\"@type\":\"ListItem\",\"position\":1,\"name\":\"Kezd\u0151lap\",\"item\":\"https:\/\/www.aurin-choir.hu\/en\/\"},{\"@type\":\"ListItem\",\"position\":2,\"name\":\"Press\"}]},{\"@type\":\"WebSite\",\"@id\":\"https:\/\/www.aurin-choir.hu\/#website\",\"url\":\"https:\/\/www.aurin-choir.hu\/\",\"name\":\"Aurin - Miraculum\",\"description\":\"Aurin - Miraculum\",\"publisher\":{\"@id\":\"https:\/\/www.aurin-choir.hu\/#organization\"},\"potentialAction\":[{\"@type\":\"SearchAction\",\"target\":{\"@type\":\"EntryPoint\",\"urlTemplate\":\"https:\/\/www.aurin-choir.hu\/?s={search_term_string}\"},\"query-input\":{\"@type\":\"PropertyValueSpecification\",\"valueRequired\":true,\"valueName\":\"search_term_string\"}}],\"inLanguage\":\"en-US\"},{\"@type\":\"Organization\",\"@id\":\"https:\/\/www.aurin-choir.hu\/#organization\",\"name\":\"Aurin \u00e9s Miraculum Alap\u00edtv\u00e1ny\",\"url\":\"https:\/\/www.aurin-choir.hu\/\",\"logo\":{\"@type\":\"ImageObject\",\"inLanguage\":\"en-US\",\"@id\":\"https:\/\/www.aurin-choir.hu\/#\/schema\/logo\/image\/\",\"url\":\"https:\/\/www.aurin-choir.hu\/wp-content\/uploads\/2024\/05\/logo_webre_evadzaro2-1.png\",\"contentUrl\":\"https:\/\/www.aurin-choir.hu\/wp-content\/uploads\/2024\/05\/logo_webre_evadzaro2-1.png\",\"width\":500,\"height\":515,\"caption\":\"Aurin \u00e9s Miraculum Alap\u00edtv\u00e1ny\"},\"image\":{\"@id\":\"https:\/\/www.aurin-choir.hu\/#\/schema\/logo\/image\/\"},\"sameAs\":[\"https:\/\/www.facebook.com\/aurinchoir\"]}]}<\/script>\n<!-- \/ Yoast SEO plugin. -->","yoast_head_json":{"title":"Press - Aurin - Miraculum","robots":{"index":"index","follow":"follow","max-snippet":"max-snippet:-1","max-image-preview":"max-image-preview:large","max-video-preview":"max-video-preview:-1"},"canonical":"https:\/\/www.aurin-choir.hu\/en\/press\/","og_locale":"en_US","og_type":"article","og_title":"Press - Aurin - Miraculum","og_description":"[vc_row bg_position=&#8221;center center&#8221; enable_gradient=&#8221;yes&#8221; enable_overlay=&#8221;yes&#8221; bg_gradient1=&#8221;#4f4f4f&#8221; bg_gradient2=&#8221;#7c1b51&#8243; css=&#8221;.vc_custom_1640976970135{padding-top: 50px !important;padding-bottom: 50px !important;background-image: url(https:\/\/www.aurin-choir.hu\/wp-content\/uploads\/2020\/03\/DSC8509-scaled.jpg?id=7381) !important;background-position: center !important;background-repeat: no-repeat !important;background-size: cover !important;}&#8221; overlay_bg=&#8221;linear-gradient(90deg, rgba(48, 48, 48, 0.9) 1.6556291390728477%, rgba(124,27,81,0.9) 100%)&#8221;][vc_column][vc_column_text css=&#8221;.vc_custom_1731685315438{padding-top: 80px !important;}&#8221;] PRESS [\/vc_column_text][ld_spacer height=&#8221;30px&#8221;][\/vc_column][\/vc_row][vc_row][vc_column][row_separator separator=&#8221;curve-side2&#8243; color1=&#8221;#ffffff&#8221; color2=&#8221;#ffffff&#8221; color3=&#8221;#ffffff&#8221;][\/vc_column][\/vc_row][vc_row][vc_column][ld_spacer height=&#8221;30px&#8221;][vc_column_text] Press photos [\/vc_column_text][ld_spacer height=&#8221;50px&#8221;][vc_column_text css=&#8221;.vc_custom_1731679433169{padding-bottom: 30px !important;}&#8221;]Press photos can be downloaded in high resolution by clicking [&hellip;]","og_url":"https:\/\/www.aurin-choir.hu\/en\/press\/","og_site_name":"Aurin - Miraculum","article_publisher":"https:\/\/www.facebook.com\/aurinchoir","article_modified_time":"2024-11-15T15:42:02+00:00","og_image":[{"width":1800,"height":1013,"url":"https:\/\/www.aurin-choir.hu\/wp-content\/uploads\/2025\/03\/DSC_2025_kicsi-1.jpg","type":"image\/jpeg"}],"twitter_card":"summary_large_image","twitter_misc":{"Est. reading time":"4 minutes"},"schema":{"@context":"https:\/\/schema.org","@graph":[{"@type":"WebPage","@id":"https:\/\/www.aurin-choir.hu\/en\/press\/","url":"https:\/\/www.aurin-choir.hu\/en\/press\/","name":"Press - Aurin - Miraculum","isPartOf":{"@id":"https:\/\/www.aurin-choir.hu\/#website"},"datePublished":"2024-11-15T07:24:58+00:00","dateModified":"2024-11-15T15:42:02+00:00","breadcrumb":{"@id":"https:\/\/www.aurin-choir.hu\/en\/press\/#breadcrumb"},"inLanguage":"en-US","potentialAction":[{"@type":"ReadAction","target":["https:\/\/www.aurin-choir.hu\/en\/press\/"]}]},{"@type":"BreadcrumbList","@id":"https:\/\/www.aurin-choir.hu\/en\/press\/#breadcrumb","itemListElement":[{"@type":"ListItem","position":1,"name":"Kezd\u0151lap","item":"https:\/\/www.aurin-choir.hu\/en\/"},{"@type":"ListItem","position":2,"name":"Press"}]},{"@type":"WebSite","@id":"https:\/\/www.aurin-choir.hu\/#website","url":"https:\/\/www.aurin-choir.hu\/","name":"Aurin - Miraculum","description":"Aurin - Miraculum","publisher":{"@id":"https:\/\/www.aurin-choir.hu\/#organization"},"potentialAction":[{"@type":"SearchAction","target":{"@type":"EntryPoint","urlTemplate":"https:\/\/www.aurin-choir.hu\/?s={search_term_string}"},"query-input":{"@type":"PropertyValueSpecification","valueRequired":true,"valueName":"search_term_string"}}],"inLanguage":"en-US"},{"@type":"Organization","@id":"https:\/\/www.aurin-choir.hu\/#organization","name":"Aurin \u00e9s Miraculum Alap\u00edtv\u00e1ny","url":"https:\/\/www.aurin-choir.hu\/","logo":{"@type":"ImageObject","inLanguage":"en-US","@id":"https:\/\/www.aurin-choir.hu\/#\/schema\/logo\/image\/","url":"https:\/\/www.aurin-choir.hu\/wp-content\/uploads\/2024\/05\/logo_webre_evadzaro2-1.png","contentUrl":"https:\/\/www.aurin-choir.hu\/wp-content\/uploads\/2024\/05\/logo_webre_evadzaro2-1.png","width":500,"height":515,"caption":"Aurin \u00e9s Miraculum Alap\u00edtv\u00e1ny"},"image":{"@id":"https:\/\/www.aurin-choir.hu\/#\/schema\/logo\/image\/"},"sameAs":["https:\/\/www.facebook.com\/aurinchoir"]}]}},"_links":{"self":[{"href":"https:\/\/www.aurin-choir.hu\/en\/wp-json\/wp\/v2\/pages\/13993","targetHints":{"allow":["GET"]}}],"collection":[{"href":"https:\/\/www.aurin-choir.hu\/en\/wp-json\/wp\/v2\/pages"}],"about":[{"href":"https:\/\/www.aurin-choir.hu\/en\/wp-json\/wp\/v2\/types\/page"}],"author":[{"embeddable":true,"href":"https:\/\/www.aurin-choir.hu\/en\/wp-json\/wp\/v2\/users\/1"}],"replies":[{"embeddable":true,"href":"https:\/\/www.aurin-choir.hu\/en\/wp-json\/wp\/v2\/comments?post=13993"}],"version-history":[{"count":4,"href":"https:\/\/www.aurin-choir.hu\/en\/wp-json\/wp\/v2\/pages\/13993\/revisions"}],"predecessor-version":[{"id":13999,"href":"https:\/\/www.aurin-choir.hu\/en\/wp-json\/wp\/v2\/pages\/13993\/revisions\/13999"}],"wp:attachment":[{"href":"https:\/\/www.aurin-choir.hu\/en\/wp-json\/wp\/v2\/media?parent=13993"}],"curies":[{"name":"wp","href":"https:\/\/api.w.org\/{rel}","templated":true}]}}