{"id":1438,"date":"2019-02-27T08:39:49","date_gmt":"2019-02-27T08:39:49","guid":{"rendered":"http:\/\/www.aurin-choir.hu\/alapitvany\/celok-tevekenysegek\/"},"modified":"2022-01-10T14:18:01","modified_gmt":"2022-01-10T14:18:01","slug":"aims-activities","status":"publish","type":"page","link":"https:\/\/www.aurin-choir.hu\/en\/foundation\/aims-activities\/","title":{"rendered":"Aims and activities"},"content":{"rendered":"<p>[vc_row bg_position=&#8221;center center&#8221; enable_gradient=&#8221;yes&#8221; enable_overlay=&#8221;yes&#8221; bg_gradient1=&#8221;#4f4f4f&#8221; bg_gradient2=&#8221;#7c1b51&#8243; css=&#8221;.vc_custom_1640976970135{padding-top: 50px !important;padding-bottom: 50px !important;background-image: url(https:\/\/www.aurin-choir.hu\/wp-content\/uploads\/2020\/03\/DSC8509-scaled.jpg?id=7381) !important;background-position: center !important;background-repeat: no-repeat !important;background-size: cover !important;}&#8221; overlay_bg=&#8221;linear-gradient(90deg, rgba(48, 48, 48, 0.9) 1.6556291390728477%, rgba(124,27,81,0.9) 100%)&#8221;][vc_column][vc_column_text css=&#8221;.vc_custom_1641822409234{padding-top: 80px !important;}&#8221;]<\/p>\n<h1 style=\"text-align: center;\"><span style=\"color: #ffffff; text-transform: uppercase;\">Aurin and Miraculum<br \/>\n<\/span><span style=\"color: #ffffff; text-transform: uppercase;\">Foundation<\/span><\/h1>\n<p>[\/vc_column_text][ld_spacer height=&#8221;30px&#8221;][\/vc_column][\/vc_row][vc_row][vc_column][row_separator separator=&#8221;curve-side2&#8243; color1=&#8221;#ffffff&#8221; color2=&#8221;#ffffff&#8221; color3=&#8221;#ffffff&#8221;][\/vc_column][\/vc_row][vc_row][vc_column][ld_spacer height=&#8221;30px&#8221;][vc_column_text]<\/p>\n<h3>The aims of the Aurin and Miraculum Foundation<\/h3>\n<p>[\/vc_column_text][ld_spacer height=&#8221;50px&#8221;][vc_column_text css=&#8221;.vc_custom_1641823401619{padding-bottom: 30px !important;}&#8221;]The Foundation aims to cultivate and disseminate classical music culture, especially choral music by supporting the activities of the Miraculum Children&#8217;s Choir, the Aurin Girls&#8217; Choir and the Aurin Female Choir, and by organizing local, regional and international cultural events to improve communities through musical events and programmes.<\/p>\n<p>On the basis of the activities of these choirs the Foundation aims to familiarize citizens with the values and the power of music, particularly the rich and diverse Hungarian choral literature.<\/p>\n<p>The Foundation aims to provide support by occasional charity concerts.<\/p>\n<p>The Foundation supports the work of the Aurin and Miraculum choirs, takes part in the musical training of the choir members, facilitates the development of their singing abilities, creates financial aid for talented choir members, provides local and international choral events, and releases a wide variety of music recordings.<\/p>\n<p>The Foundation aims to co-operate with musical, artistic, cultural or any other type of national and international organizations, institutions deal with similar goals and ideas.<\/p>\n<h2>&nbsp;<\/h2>\n<\/div>\n<div id=\"texttitle\" class=\"clearfix\">\n<h3>Scope of activities<\/h3>\n<p>The mission of the Foundation is to<\/p>\n<p>&#8211; ensure the musical activities of the Miraculum Children&#8217;s Choir, the Aurin Girls&#8217; Choir and the Aurin Female Choir, along with the additional organizational and promotional activities and proposals,<\/p>\n<p>&#8211; organize and realize domestic and international music events, concerts, choir meetings, festivals and conferences; scientific research and development,<\/p>\n<p>&#8211; promote musical life, choral culture, and of course the Aurin and Miraculum choirs with related publications,<\/p>\n<p>&#8211; create and publish music, audio and video recordings,<\/p>\n<p>&#8211; provide music education, training and skill development,<\/p>\n<p>&#8211; support choir members\u2019 outstanding performances,<\/p>\n<p>&#8211; update the Aurin and Miraculum choir&#8217;s website, supervising maintenance.<\/p>\n<p>&#8211; create marketing strategies for the development of choral culture and musical life, including the Aurin and Miraculum choirs\u2019 image and reputation; marketing consulting,<\/p>\n<p>&#8211; search for joint programmes in music, art and culture to cooperate with national and international organizations and institutions.<\/p>\n<\/div>\n<p>[\/vc_column_text][\/vc_column][\/vc_row][vc_row][vc_column][row_separator location=&#8221;bottom&#8221; separator=&#8221;curve-side2&#8243; flip=&#8221;1&#8243; color1=&#8221;#ffffff&#8221; color2=&#8221;#ffffff&#8221; color3=&#8221;#ffffff&#8221;][\/vc_column][\/vc_row][vc_row enable_gradient=&#8221;yes&#8221; gradient_bg=&#8221;linear-gradient(90deg, rgb(48, 48, 48) 0%, #7c1b51 100%)&#8221;][vc_column][ld_spacer height=&#8221;30px&#8221;][vc_row_inner css=&#8221;.vc_custom_1546335915499{padding-top: 40px !important;padding-bottom: 40px !important;}&#8221;][vc_column_inner width=&#8221;1\/6&#8243;][vc_column_text]<\/p>\n<p style=\"text-align: center;\"><span style=\"color: #ffffff;\"><a style=\"color: #ffffff;\" href=\"https:\/\/www.aurin-choir.hu\/en\/foundation\/\">Foundation<\/a><\/span><\/p>\n<p>[\/vc_column_text][ld_spacer height=&#8221;10px&#8221;][\/vc_column_inner][vc_column_inner width=&#8221;1\/6&#8243;][vc_column_text]<\/p>\n<p style=\"text-align: center;\"><span style=\"color: #ffffff;\"><a style=\"color: #ffffff;\" href=\"https:\/\/www.aurin-choir.hu\/alapitvany-hirek\/\">News<\/a><\/span><\/p>\n<p>[\/vc_column_text][ld_spacer height=&#8221;10px&#8221;][\/vc_column_inner][vc_column_inner width=&#8221;1\/6&#8243;][vc_column_text]<\/p>\n<p style=\"text-align: center;\"><span style=\"color: #ffffff;\"><a style=\"color: #ffffff;\" href=\"https:\/\/www.aurin-choir.hu\/en\/foundation\/aims-activities\/\">Aims<\/a><\/span><\/p>\n<p>[\/vc_column_text][ld_spacer height=&#8221;10px&#8221;][\/vc_column_inner][vc_column_inner width=&#8221;1\/6&#8243;][vc_column_text]<\/p>\n<p style=\"text-align: center;\"><span style=\"color: #ffffff;\"><a style=\"color: #ffffff;\" href=\"https:\/\/www.aurin-choir.hu\/alapitvany\/dokumentumok\/\">Documents<\/a><\/span><\/p>\n<p>[\/vc_column_text][ld_spacer height=&#8221;10px&#8221;][\/vc_column_inner][vc_column_inner width=&#8221;1\/6&#8243;][vc_column_text]<\/p>\n<p style=\"text-align: center;\"><span style=\"color: #ffffff;\"><a style=\"color: #ffffff;\" href=\"https:\/\/www.aurin-choir.hu\/alapitvany\/partnerek\/\">Partners<\/a><\/span><\/p>\n<p>[\/vc_column_text][ld_spacer height=&#8221;10px&#8221;][\/vc_column_inner][vc_column_inner width=&#8221;1\/6&#8243;][vc_column_text]<\/p>\n<p style=\"text-align: center;\"><span style=\"color: #ffffff;\"><a style=\"color: #ffffff;\" href=\"https:\/\/www.aurin-choir.hu\/alapitvany\/kapcsolat\/\">Contact<\/a><\/span><\/p>\n<p>[\/vc_column_text][ld_spacer height=&#8221;10px&#8221;][\/vc_column_inner][\/vc_row_inner][ld_spacer height=&#8221;20px&#8221;][\/vc_column][\/vc_row]<\/p>\n","protected":false},"excerpt":{"rendered":"<p>[vc_row bg_position=&#8221;center center&#8221; enable_gradient=&#8221;yes&#8221; enable_overlay=&#8221;yes&#8221; bg_gradient1=&#8221;#4f4f4f&#8221; bg_gradient2=&#8221;#7c1b51&#8243; css=&#8221;.vc_custom_1640976970135{padding-top: 50px !important;padding-bottom: 50px !important;background-image: url(https:\/\/www.aurin-choir.hu\/wp-content\/uploads\/2020\/03\/DSC8509-scaled.jpg?id=7381) !important;background-position: center !important;background-repeat: no-repeat !important;background-size: cover !important;}&#8221; overlay_bg=&#8221;linear-gradient(90deg, rgba(48, 48, 48, 0.9) 1.6556291390728477%, rgba(124,27,81,0.9) 100%)&#8221;][vc_column][vc_column_text css=&#8221;.vc_custom_1641822409234{padding-top: 80px !important;}&#8221;] Aurin and Miraculum Foundation [\/vc_column_text][ld_spacer height=&#8221;30px&#8221;][\/vc_column][\/vc_row][vc_row][vc_column][row_separator separator=&#8221;curve-side2&#8243; color1=&#8221;#ffffff&#8221; color2=&#8221;#ffffff&#8221; color3=&#8221;#ffffff&#8221;][\/vc_column][\/vc_row][vc_row][vc_column][ld_spacer height=&#8221;30px&#8221;][vc_column_text] The aims of the Aurin and Miraculum Foundation [\/vc_column_text][ld_spacer height=&#8221;50px&#8221;][vc_column_text css=&#8221;.vc_custom_1641823401619{padding-bottom: 30px !important;}&#8221;]The [&hellip;]<\/p>\n","protected":false},"author":1,"featured_media":7382,"parent":1427,"menu_order":0,"comment_status":"closed","ping_status":"closed","template":"","meta":{"_et_pb_use_builder":"","_et_pb_old_content":"","_et_gb_content_width":"","ngg_post_thumbnail":0,"footnotes":""},"class_list":["post-1438","page","type-page","status-publish","has-post-thumbnail","hentry"],"yoast_head":"<!-- This site is optimized with the Yoast SEO plugin v26.0 - https:\/\/yoast.com\/wordpress\/plugins\/seo\/ -->\n<title>Aims and activities - Aurin - Miraculum<\/title>\n<meta name=\"robots\" content=\"index, follow, max-snippet:-1, max-image-preview:large, max-video-preview:-1\" \/>\n<link rel=\"canonical\" href=\"https:\/\/www.aurin-choir.hu\/en\/foundation\/aims-activities\/\" \/>\n<meta property=\"og:locale\" content=\"en_US\" \/>\n<meta property=\"og:type\" content=\"article\" \/>\n<meta property=\"og:title\" content=\"Aims and activities - Aurin - Miraculum\" \/>\n<meta property=\"og:description\" content=\"[vc_row bg_position=&#8221;center center&#8221; enable_gradient=&#8221;yes&#8221; enable_overlay=&#8221;yes&#8221; bg_gradient1=&#8221;#4f4f4f&#8221; bg_gradient2=&#8221;#7c1b51&#8243; css=&#8221;.vc_custom_1640976970135{padding-top: 50px !important;padding-bottom: 50px !important;background-image: url(https:\/\/www.aurin-choir.hu\/wp-content\/uploads\/2020\/03\/DSC8509-scaled.jpg?id=7381) !important;background-position: center !important;background-repeat: no-repeat !important;background-size: cover !important;}&#8221; overlay_bg=&#8221;linear-gradient(90deg, rgba(48, 48, 48, 0.9) 1.6556291390728477%, rgba(124,27,81,0.9) 100%)&#8221;][vc_column][vc_column_text css=&#8221;.vc_custom_1641822409234{padding-top: 80px !important;}&#8221;] Aurin and Miraculum Foundation [\/vc_column_text][ld_spacer height=&#8221;30px&#8221;][\/vc_column][\/vc_row][vc_row][vc_column][row_separator separator=&#8221;curve-side2&#8243; color1=&#8221;#ffffff&#8221; color2=&#8221;#ffffff&#8221; color3=&#8221;#ffffff&#8221;][\/vc_column][\/vc_row][vc_row][vc_column][ld_spacer height=&#8221;30px&#8221;][vc_column_text] The aims of the Aurin and Miraculum Foundation [\/vc_column_text][ld_spacer height=&#8221;50px&#8221;][vc_column_text css=&#8221;.vc_custom_1641823401619{padding-bottom: 30px !important;}&#8221;]The [&hellip;]\" \/>\n<meta property=\"og:url\" content=\"https:\/\/www.aurin-choir.hu\/en\/foundation\/aims-activities\/\" \/>\n<meta property=\"og:site_name\" content=\"Aurin - Miraculum\" \/>\n<meta property=\"article:publisher\" content=\"https:\/\/www.facebook.com\/aurinchoir\" \/>\n<meta property=\"article:modified_time\" content=\"2022-01-10T14:18:01+00:00\" \/>\n<meta property=\"og:image\" content=\"https:\/\/www.aurin-choir.hu\/wp-content\/uploads\/2020\/03\/DSC8509-scaled.jpg\" \/>\n\t<meta property=\"og:image:width\" content=\"2560\" \/>\n\t<meta property=\"og:image:height\" content=\"1704\" \/>\n\t<meta property=\"og:image:type\" content=\"image\/jpeg\" \/>\n<meta name=\"twitter:card\" content=\"summary_large_image\" \/>\n<meta name=\"twitter:label1\" content=\"Est. reading time\" \/>\n\t<meta name=\"twitter:data1\" content=\"3 minutes\" \/>\n<script type=\"application\/ld+json\" class=\"yoast-schema-graph\">{\"@context\":\"https:\/\/schema.org\",\"@graph\":[{\"@type\":\"WebPage\",\"@id\":\"https:\/\/www.aurin-choir.hu\/en\/foundation\/aims-activities\/\",\"url\":\"https:\/\/www.aurin-choir.hu\/en\/foundation\/aims-activities\/\",\"name\":\"Aims and activities - Aurin - Miraculum\",\"isPartOf\":{\"@id\":\"https:\/\/www.aurin-choir.hu\/#website\"},\"primaryImageOfPage\":{\"@id\":\"https:\/\/www.aurin-choir.hu\/en\/foundation\/aims-activities\/#primaryimage\"},\"image\":{\"@id\":\"https:\/\/www.aurin-choir.hu\/en\/foundation\/aims-activities\/#primaryimage\"},\"thumbnailUrl\":\"https:\/\/www.aurin-choir.hu\/wp-content\/uploads\/2020\/03\/DSC8509-scaled.jpg\",\"datePublished\":\"2019-02-27T08:39:49+00:00\",\"dateModified\":\"2022-01-10T14:18:01+00:00\",\"breadcrumb\":{\"@id\":\"https:\/\/www.aurin-choir.hu\/en\/foundation\/aims-activities\/#breadcrumb\"},\"inLanguage\":\"en-US\",\"potentialAction\":[{\"@type\":\"ReadAction\",\"target\":[\"https:\/\/www.aurin-choir.hu\/en\/foundation\/aims-activities\/\"]}]},{\"@type\":\"ImageObject\",\"inLanguage\":\"en-US\",\"@id\":\"https:\/\/www.aurin-choir.hu\/en\/foundation\/aims-activities\/#primaryimage\",\"url\":\"https:\/\/www.aurin-choir.hu\/wp-content\/uploads\/2020\/03\/DSC8509-scaled.jpg\",\"contentUrl\":\"https:\/\/www.aurin-choir.hu\/wp-content\/uploads\/2020\/03\/DSC8509-scaled.jpg\",\"width\":2560,\"height\":1704,\"caption\":\"Aurin 20, K\u00f6nyvt\u00e1r, Gy\u00f6ngy\u00f6si Levente el\u0151ad\u00e1sa, Aurin Le\u00e1nykar k\u00f6zrem\u0171k\u00f6d\u00e9s\u00e9vel\"},{\"@type\":\"BreadcrumbList\",\"@id\":\"https:\/\/www.aurin-choir.hu\/en\/foundation\/aims-activities\/#breadcrumb\",\"itemListElement\":[{\"@type\":\"ListItem\",\"position\":1,\"name\":\"Kezd\u0151lap\",\"item\":\"https:\/\/www.aurin-choir.hu\/en\/\"},{\"@type\":\"ListItem\",\"position\":2,\"name\":\"Aurin and Miraculum Foundation\",\"item\":\"https:\/\/www.aurin-choir.hu\/en\/foundation\/\"},{\"@type\":\"ListItem\",\"position\":3,\"name\":\"Aims and activities\"}]},{\"@type\":\"WebSite\",\"@id\":\"https:\/\/www.aurin-choir.hu\/#website\",\"url\":\"https:\/\/www.aurin-choir.hu\/\",\"name\":\"Aurin - Miraculum\",\"description\":\"Aurin - Miraculum\",\"publisher\":{\"@id\":\"https:\/\/www.aurin-choir.hu\/#organization\"},\"potentialAction\":[{\"@type\":\"SearchAction\",\"target\":{\"@type\":\"EntryPoint\",\"urlTemplate\":\"https:\/\/www.aurin-choir.hu\/?s={search_term_string}\"},\"query-input\":{\"@type\":\"PropertyValueSpecification\",\"valueRequired\":true,\"valueName\":\"search_term_string\"}}],\"inLanguage\":\"en-US\"},{\"@type\":\"Organization\",\"@id\":\"https:\/\/www.aurin-choir.hu\/#organization\",\"name\":\"Aurin \u00e9s Miraculum Alap\u00edtv\u00e1ny\",\"url\":\"https:\/\/www.aurin-choir.hu\/\",\"logo\":{\"@type\":\"ImageObject\",\"inLanguage\":\"en-US\",\"@id\":\"https:\/\/www.aurin-choir.hu\/#\/schema\/logo\/image\/\",\"url\":\"https:\/\/www.aurin-choir.hu\/wp-content\/uploads\/2024\/05\/logo_webre_evadzaro2-1.png\",\"contentUrl\":\"https:\/\/www.aurin-choir.hu\/wp-content\/uploads\/2024\/05\/logo_webre_evadzaro2-1.png\",\"width\":500,\"height\":515,\"caption\":\"Aurin \u00e9s Miraculum Alap\u00edtv\u00e1ny\"},\"image\":{\"@id\":\"https:\/\/www.aurin-choir.hu\/#\/schema\/logo\/image\/\"},\"sameAs\":[\"https:\/\/www.facebook.com\/aurinchoir\"]}]}<\/script>\n<!-- \/ Yoast SEO plugin. -->","yoast_head_json":{"title":"Aims and activities - Aurin - Miraculum","robots":{"index":"index","follow":"follow","max-snippet":"max-snippet:-1","max-image-preview":"max-image-preview:large","max-video-preview":"max-video-preview:-1"},"canonical":"https:\/\/www.aurin-choir.hu\/en\/foundation\/aims-activities\/","og_locale":"en_US","og_type":"article","og_title":"Aims and activities - Aurin - Miraculum","og_description":"[vc_row bg_position=&#8221;center center&#8221; enable_gradient=&#8221;yes&#8221; enable_overlay=&#8221;yes&#8221; bg_gradient1=&#8221;#4f4f4f&#8221; bg_gradient2=&#8221;#7c1b51&#8243; css=&#8221;.vc_custom_1640976970135{padding-top: 50px !important;padding-bottom: 50px !important;background-image: url(https:\/\/www.aurin-choir.hu\/wp-content\/uploads\/2020\/03\/DSC8509-scaled.jpg?id=7381) !important;background-position: center !important;background-repeat: no-repeat !important;background-size: cover !important;}&#8221; overlay_bg=&#8221;linear-gradient(90deg, rgba(48, 48, 48, 0.9) 1.6556291390728477%, rgba(124,27,81,0.9) 100%)&#8221;][vc_column][vc_column_text css=&#8221;.vc_custom_1641822409234{padding-top: 80px !important;}&#8221;] Aurin and Miraculum Foundation [\/vc_column_text][ld_spacer height=&#8221;30px&#8221;][\/vc_column][\/vc_row][vc_row][vc_column][row_separator separator=&#8221;curve-side2&#8243; color1=&#8221;#ffffff&#8221; color2=&#8221;#ffffff&#8221; color3=&#8221;#ffffff&#8221;][\/vc_column][\/vc_row][vc_row][vc_column][ld_spacer height=&#8221;30px&#8221;][vc_column_text] The aims of the Aurin and Miraculum Foundation [\/vc_column_text][ld_spacer height=&#8221;50px&#8221;][vc_column_text css=&#8221;.vc_custom_1641823401619{padding-bottom: 30px !important;}&#8221;]The [&hellip;]","og_url":"https:\/\/www.aurin-choir.hu\/en\/foundation\/aims-activities\/","og_site_name":"Aurin - Miraculum","article_publisher":"https:\/\/www.facebook.com\/aurinchoir","article_modified_time":"2022-01-10T14:18:01+00:00","og_image":[{"width":2560,"height":1704,"url":"https:\/\/www.aurin-choir.hu\/wp-content\/uploads\/2020\/03\/DSC8509-scaled.jpg","type":"image\/jpeg"}],"twitter_card":"summary_large_image","twitter_misc":{"Est. reading time":"3 minutes"},"schema":{"@context":"https:\/\/schema.org","@graph":[{"@type":"WebPage","@id":"https:\/\/www.aurin-choir.hu\/en\/foundation\/aims-activities\/","url":"https:\/\/www.aurin-choir.hu\/en\/foundation\/aims-activities\/","name":"Aims and activities - Aurin - Miraculum","isPartOf":{"@id":"https:\/\/www.aurin-choir.hu\/#website"},"primaryImageOfPage":{"@id":"https:\/\/www.aurin-choir.hu\/en\/foundation\/aims-activities\/#primaryimage"},"image":{"@id":"https:\/\/www.aurin-choir.hu\/en\/foundation\/aims-activities\/#primaryimage"},"thumbnailUrl":"https:\/\/www.aurin-choir.hu\/wp-content\/uploads\/2020\/03\/DSC8509-scaled.jpg","datePublished":"2019-02-27T08:39:49+00:00","dateModified":"2022-01-10T14:18:01+00:00","breadcrumb":{"@id":"https:\/\/www.aurin-choir.hu\/en\/foundation\/aims-activities\/#breadcrumb"},"inLanguage":"en-US","potentialAction":[{"@type":"ReadAction","target":["https:\/\/www.aurin-choir.hu\/en\/foundation\/aims-activities\/"]}]},{"@type":"ImageObject","inLanguage":"en-US","@id":"https:\/\/www.aurin-choir.hu\/en\/foundation\/aims-activities\/#primaryimage","url":"https:\/\/www.aurin-choir.hu\/wp-content\/uploads\/2020\/03\/DSC8509-scaled.jpg","contentUrl":"https:\/\/www.aurin-choir.hu\/wp-content\/uploads\/2020\/03\/DSC8509-scaled.jpg","width":2560,"height":1704,"caption":"Aurin 20, K\u00f6nyvt\u00e1r, Gy\u00f6ngy\u00f6si Levente el\u0151ad\u00e1sa, Aurin Le\u00e1nykar k\u00f6zrem\u0171k\u00f6d\u00e9s\u00e9vel"},{"@type":"BreadcrumbList","@id":"https:\/\/www.aurin-choir.hu\/en\/foundation\/aims-activities\/#breadcrumb","itemListElement":[{"@type":"ListItem","position":1,"name":"Kezd\u0151lap","item":"https:\/\/www.aurin-choir.hu\/en\/"},{"@type":"ListItem","position":2,"name":"Aurin and Miraculum Foundation","item":"https:\/\/www.aurin-choir.hu\/en\/foundation\/"},{"@type":"ListItem","position":3,"name":"Aims and activities"}]},{"@type":"WebSite","@id":"https:\/\/www.aurin-choir.hu\/#website","url":"https:\/\/www.aurin-choir.hu\/","name":"Aurin - Miraculum","description":"Aurin - Miraculum","publisher":{"@id":"https:\/\/www.aurin-choir.hu\/#organization"},"potentialAction":[{"@type":"SearchAction","target":{"@type":"EntryPoint","urlTemplate":"https:\/\/www.aurin-choir.hu\/?s={search_term_string}"},"query-input":{"@type":"PropertyValueSpecification","valueRequired":true,"valueName":"search_term_string"}}],"inLanguage":"en-US"},{"@type":"Organization","@id":"https:\/\/www.aurin-choir.hu\/#organization","name":"Aurin \u00e9s Miraculum Alap\u00edtv\u00e1ny","url":"https:\/\/www.aurin-choir.hu\/","logo":{"@type":"ImageObject","inLanguage":"en-US","@id":"https:\/\/www.aurin-choir.hu\/#\/schema\/logo\/image\/","url":"https:\/\/www.aurin-choir.hu\/wp-content\/uploads\/2024\/05\/logo_webre_evadzaro2-1.png","contentUrl":"https:\/\/www.aurin-choir.hu\/wp-content\/uploads\/2024\/05\/logo_webre_evadzaro2-1.png","width":500,"height":515,"caption":"Aurin \u00e9s Miraculum Alap\u00edtv\u00e1ny"},"image":{"@id":"https:\/\/www.aurin-choir.hu\/#\/schema\/logo\/image\/"},"sameAs":["https:\/\/www.facebook.com\/aurinchoir"]}]}},"_links":{"self":[{"href":"https:\/\/www.aurin-choir.hu\/en\/wp-json\/wp\/v2\/pages\/1438","targetHints":{"allow":["GET"]}}],"collection":[{"href":"https:\/\/www.aurin-choir.hu\/en\/wp-json\/wp\/v2\/pages"}],"about":[{"href":"https:\/\/www.aurin-choir.hu\/en\/wp-json\/wp\/v2\/types\/page"}],"author":[{"embeddable":true,"href":"https:\/\/www.aurin-choir.hu\/en\/wp-json\/wp\/v2\/users\/1"}],"replies":[{"embeddable":true,"href":"https:\/\/www.aurin-choir.hu\/en\/wp-json\/wp\/v2\/comments?post=1438"}],"version-history":[{"count":10,"href":"https:\/\/www.aurin-choir.hu\/en\/wp-json\/wp\/v2\/pages\/1438\/revisions"}],"predecessor-version":[{"id":12048,"href":"https:\/\/www.aurin-choir.hu\/en\/wp-json\/wp\/v2\/pages\/1438\/revisions\/12048"}],"up":[{"embeddable":true,"href":"https:\/\/www.aurin-choir.hu\/en\/wp-json\/wp\/v2\/pages\/1427"}],"wp:featuredmedia":[{"embeddable":true,"href":"https:\/\/www.aurin-choir.hu\/en\/wp-json\/wp\/v2\/media\/7382"}],"wp:attachment":[{"href":"https:\/\/www.aurin-choir.hu\/en\/wp-json\/wp\/v2\/media?parent=1438"}],"curies":[{"name":"wp","href":"https:\/\/api.w.org\/{rel}","templated":true}]}}