{"id":1448,"date":"2019-02-28T10:51:04","date_gmt":"2019-02-28T10:51:04","guid":{"rendered":"http:\/\/www.aurin-choir.hu\/girlschoir\/eredmenyek\/"},"modified":"2023-10-08T17:14:40","modified_gmt":"2023-10-08T17:14:40","slug":"results","status":"publish","type":"page","link":"https:\/\/www.aurin-choir.hu\/en\/girlschoir\/results\/","title":{"rendered":"Results"},"content":{"rendered":"<p>[vc_row bg_position=&#8221;center center&#8221; enable_gradient=&#8221;yes&#8221; enable_overlay=&#8221;yes&#8221; bg_gradient1=&#8221;#4f4f4f&#8221; bg_gradient2=&#8221;#7c1b51&#8243; css=&#8221;.vc_custom_1641048583212{padding-top: 50px !important;padding-bottom: 50px !important;background-image: url(https:\/\/www.aurin-choir.hu\/wp-content\/uploads\/2019\/03\/karacsony2017-23.jpg?id=978) !important;background-position: center !important;background-repeat: no-repeat !important;background-size: cover !important;}&#8221; overlay_bg=&#8221;linear-gradient(90deg, rgba(188, 49, 69, 0.9) 2.980132450331126%, rgba(145, 7, 44, 0.9) 100%)&#8221;][vc_column][vc_column_text css=&#8221;.vc_custom_1582470091583{padding-top: 50px !important;}&#8221;]<\/p>\n<p style=\"text-align: center;\"><a href=\"https:\/\/www.aurin-choir.hu\/wp-content\/uploads\/2019\/04\/aurin_girls_logo_white-300x223.png\"><img loading=\"lazy\" decoding=\"async\" class=\"alignnone wp-image-1645 size-medium\" src=\"https:\/\/www.aurin-choir.hu\/wp-content\/uploads\/2019\/04\/aurin_girls_logo_white-300x223.png\" alt=\"\" width=\"300\" height=\"223\" srcset=\"https:\/\/www.aurin-choir.hu\/wp-content\/uploads\/2019\/04\/aurin_girls_logo_white-300x223.png 300w, https:\/\/www.aurin-choir.hu\/wp-content\/uploads\/2019\/04\/aurin_girls_logo_white.png 554w\" sizes=\"(max-width: 300px) 100vw, 300px\" \/><\/a><\/p>\n<p>[\/vc_column_text][ld_spacer height=&#8221;30px&#8221;][\/vc_column][\/vc_row][vc_row][vc_column][row_separator separator=&#8221;curve-side2&#8243; color1=&#8221;#ffffff&#8221; color2=&#8221;#ffffff&#8221; color3=&#8221;#ffffff&#8221;][\/vc_column][\/vc_row][vc_row][vc_column][ld_spacer height=&#8221;30px&#8221;][vc_column_text]<\/p>\n<div id=\"texttitle\" class=\"clearfix\">\n<h3><span style=\"color: #bc3145;\">Competition results of the Aurin Girls&#8217; Choir<\/span><\/h3>\n<\/div>\n<p>[\/vc_column_text][ld_spacer height=&#8221;50px&#8221;][vc_column_text]<\/p>\n<div id=\"texttitle\" class=\"clearfix\">\n<p>&nbsp;<\/p>\n<\/div>\n<div id=\"text\" class=\"clearfix\" style=\"overflow-x: auto;\">\n<table border=\"0\" width=\"100%\" cellspacing=\"1\" cellpadding=\"5\">\n<tbody>\n<tr>\n<td width=\"12%\">March 1999<\/td>\n<td width=\"15%\">Budapest<\/td>\n<td width=\"32%\">VII. International Choir Competition<\/td>\n<td width=\"31%\">I. Prize<\/td>\n<td width=\"10%\">&nbsp;<\/td>\n<\/tr>\n<tr>\n<td>June 1999<\/td>\n<td>Pohlheim (Germany)<\/td>\n<td>II. International Choir Competition<\/td>\n<td>I. Prize, Special prize for the conductor<\/td>\n<td>&nbsp;<\/td>\n<\/tr>\n<tr>\n<td>October 1999<\/td>\n<td>Riva del Garda (Italy)<\/td>\n<td>III. International Choir Competition<\/td>\n<td>Youth religion category: II. Prize, Youth folklore category: I. Prize<\/td>\n<td>&nbsp;<\/td>\n<\/tr>\n<tr>\n<td>July 2000<\/td>\n<td>Debrecen<\/td>\n<td>XIX. B\u00e9la Bart\u00f3k International Choir Competition<\/td>\n<td>I. Prize, Special prize, Folklore diploma<\/td>\n<td>&nbsp;<\/td>\n<\/tr>\n<tr>\n<td>August 2000<\/td>\n<td>Arezzo (Italy)<\/td>\n<td>International Choir Competition<\/td>\n<td>II. Prize<\/td>\n<td>&nbsp;<\/td>\n<\/tr>\n<tr>\n<td>December 2000<\/td>\n<td>Budapest<\/td>\n<td>II. Zolt\u00e1n Kod\u00e1ly Hungarian Choir COmpetition<\/td>\n<td>I. Prize<\/td>\n<td>&nbsp;<\/td>\n<\/tr>\n<tr>\n<td>April 2001<\/td>\n<td>Budapest<\/td>\n<td>VIII. International Choir Competition<\/td>\n<td>I. d\u00edj<\/td>\n<td>&nbsp;<\/td>\n<\/tr>\n<tr>\n<td>April 2001<\/td>\n<td>Kalundborg (Denmark)<\/td>\n<td>International Youth Choir Competition<\/td>\n<td>I. Prize<\/td>\n<td>&nbsp;<\/td>\n<\/tr>\n<tr>\n<td>August 2001<\/td>\n<td>Arezzo (Italy)<\/td>\n<td>International Choir Competition<\/td>\n<td>III. Prize<\/td>\n<td>&nbsp;<\/td>\n<\/tr>\n<tr>\n<td>April 2002<\/td>\n<td>Grado (Italy)<\/td>\n<td>&#8220;Isola del Sole&#8221; International Choir Competition<\/td>\n<td>I. Prize<\/td>\n<td>&nbsp;<\/td>\n<\/tr>\n<tr>\n<td>July 2002<\/td>\n<td>Cantonigros (Spain)<\/td>\n<td>XX. International Choir Competition<\/td>\n<td>III. Prize<\/td>\n<td>&nbsp;<\/td>\n<\/tr>\n<tr>\n<td>April 2003<\/td>\n<td>Budapest<\/td>\n<td>IX. International Choir Competition<\/td>\n<td>II. Prize<\/td>\n<td>&nbsp;<\/td>\n<\/tr>\n<tr>\n<td>August 2003<\/td>\n<td>Arezzo (Italy)<\/td>\n<td>L. International Choir Competition<\/td>\n<td>II. Prize<\/td>\n<td>&nbsp;<\/td>\n<\/tr>\n<tr>\n<td>March 2005<\/td>\n<td>Budapest<\/td>\n<td>X. International Choir Competition<\/td>\n<td>I. Prize<\/td>\n<td>&nbsp;<\/td>\n<\/tr>\n<tr>\n<td>April 2005<\/td>\n<td>Kalundborg (Denmark)<\/td>\n<td>International Youth Choir Competition<\/td>\n<td>III. Prize<\/td>\n<td>&nbsp;<\/td>\n<\/tr>\n<tr>\n<td>July 2005<\/td>\n<td>Llangolen (England)<\/td>\n<td>International Choir Competition<\/td>\n<td>I. Prize, IV. Prize<\/td>\n<td>&nbsp;<\/td>\n<\/tr>\n<tr>\n<td>September 2005<\/td>\n<td>Maasmechelen (Belgium)<\/td>\n<td>International Choir Contest of Flanders-Maasmechelen<\/td>\n<td>II. Prize, Special prize for the best performance of the compulsory piece<\/td>\n<td>&nbsp;<\/td>\n<\/tr>\n<tr>\n<td>July 2006<\/td>\n<td>Xiamen (China)<\/td>\n<td>4. World Choir Games<\/td>\n<td>Folklore a capella category: I. Priz &#8211; World champion; Youth Choir category: II. Prize<\/td>\n<td>&nbsp;<\/td>\n<\/tr>\n<tr>\n<td>November 2006<\/td>\n<td>Budapest<\/td>\n<td>IV. Zolt\u00e1n Kod\u00e1ly International Choir Competition<\/td>\n<td>I. Prize<\/td>\n<td>&nbsp;<\/td>\n<\/tr>\n<tr>\n<td>April 2009<\/td>\n<td>Budapest<\/td>\n<td>XII. International Choir Competition<\/td>\n<td>I. Prize<\/td>\n<td><a href=\"https:\/\/www.aurin-choir.hu\/en\/budapest-2009\/\"><img decoding=\"async\" style=\"width: 70px; min-width: 70px;\" src=\"https:\/\/www.aurin-choir.hu\/wp-content\/uploads\/2019\/03\/camera_icon_girls.png\"><\/a><\/td>\n<\/tr>\n<tr>\n<td>July 2009<\/td>\n<td>Lecco (Italy)<\/td>\n<td>8th &#8220;Giuseppe Zelioli&#8221; European Youth Choir Festival<\/td>\n<td>I. Prize<\/td>\n<td><a href=\"https:\/\/www.aurin-choir.hu\/en\/lecco-2009\/\"><img decoding=\"async\" style=\"width: 70px; min-width: 70px;\" src=\"https:\/\/www.aurin-choir.hu\/wp-content\/uploads\/2019\/03\/camera_icon_girls.png\"><\/a><\/td>\n<\/tr>\n<tr>\n<td>December 2010<\/td>\n<td>Krakow (Poland)<\/td>\n<td>Advent and Christmas Choir Festival<\/td>\n<td>I. Prize<\/td>\n<td><a href=\"https:\/\/www.aurin-choir.hu\/en\/krakow-2010\/\"><img decoding=\"async\" style=\"width: 70px; min-width: 70px;\" src=\"https:\/\/www.aurin-choir.hu\/wp-content\/uploads\/2019\/03\/camera_icon_girls.png\"><\/a><\/td>\n<\/tr>\n<tr>\n<td>April 2011<\/td>\n<td>Celje (Slovenia)<\/td>\n<td>29. International Youth Choir Competition<\/td>\n<td>III. Prize, Audience prize<\/td>\n<td><a href=\"https:\/\/www.aurin-choir.hu\/en\/celje-2011\/\"><img decoding=\"async\" style=\"width: 70px; min-width: 70px;\" src=\"https:\/\/www.aurin-choir.hu\/wp-content\/uploads\/2019\/03\/camera_icon_girls.png\"><\/a><\/td>\n<\/tr>\n<tr>\n<td>April 2011<\/td>\n<td>Budapest<\/td>\n<td>XIII. International Choir Competition<\/td>\n<td>I. Prize<\/td>\n<td><a href=\"https:\/\/www.aurin-choir.hu\/en\/budapest-2011\/\"><img decoding=\"async\" style=\"width: 70px; min-width: 70px;\" src=\"https:\/\/www.aurin-choir.hu\/wp-content\/uploads\/2019\/03\/camera_icon_girls.png\"><\/a><\/td>\n<\/tr>\n<tr>\n<td>April 2012<\/td>\n<td>Wroclaw (Poland)<\/td>\n<td>Vratislavia Sacra International Choir Festival<\/td>\n<td>I. Prize<\/td>\n<td><a href=\"https:\/\/www.aurin-choir.hu\/en\/wroclaw-2012\/\"><img decoding=\"async\" style=\"width: 70px; min-width: 70px;\" src=\"https:\/\/www.aurin-choir.hu\/wp-content\/uploads\/2019\/03\/camera_icon_girls.png\"><\/a><\/td>\n<\/tr>\n<tr>\n<td>March 2013<\/td>\n<td>Budapest<\/td>\n<td>XIV. International Choir Competition<\/td>\n<td>I. Prize<\/td>\n<td><a href=\"https:\/\/www.aurin-choir.hu\/en\/budapest-2013\/\"><img decoding=\"async\" style=\"width: 70px; min-width: 70px;\" src=\"https:\/\/www.aurin-choir.hu\/wp-content\/uploads\/2019\/03\/camera_icon_girls.png\"><\/a><\/td>\n<\/tr>\n<tr>\n<td>March 2015<\/td>\n<td>Budapest<\/td>\n<td>XV. International Choir Festival<\/td>\n<td>I. Prize<\/td>\n<td><a href=\"https:\/\/www.aurin-choir.hu\/en\/budapest-2015\/\"><img decoding=\"async\" style=\"width: 70px; min-width: 70px;\" src=\"https:\/\/www.aurin-choir.hu\/wp-content\/uploads\/2019\/03\/camera_icon_girls.png\"><\/a><\/td>\n<\/tr>\n<tr>\n<td>August 2015<\/td>\n<td>Ohrid (Macedonia)<\/td>\n<td>Ohrid Choir Festival<\/td>\n<td>I. Prize, Special prize of the Tomislav Zografski Foundation<\/td>\n<td><a href=\"https:\/\/www.aurin-choir.hu\/en\/ohrid-2015\/\"><img decoding=\"async\" style=\"width: 70px; min-width: 70px;\" src=\"https:\/\/www.aurin-choir.hu\/wp-content\/uploads\/2019\/03\/camera_icon_girls.png\"><\/a><\/td>\n<\/tr>\n<tr>\n<td>September 2017<\/td>\n<td>Paralia (Greece)<\/td>\n<td>V. Music &amp; Sea International Choir Festival<\/td>\n<td>I. Prize, Grand Prix<\/td>\n<td><a href=\"https:\/\/www.aurin-choir.hu\/en\/paralia-2017\/\"><img decoding=\"async\" style=\"width: 70px; min-width: 70px;\" src=\"https:\/\/www.aurin-choir.hu\/wp-content\/uploads\/2019\/03\/camera_icon_girls.png\"><\/a><\/td>\n<\/tr>\n<tr>\n<td>December 2017<\/td>\n<td>Budapest<\/td>\n<td>Chorus Inside International Choir Festival<\/td>\n<td>I. Prize, II. Prize, Special prize for the conductor<\/td>\n<td>&nbsp;<\/td>\n<\/tr>\n<tr>\n<td>October 2018<\/td>\n<td>Fundao (Portugal)<\/td>\n<td>3rd Beira Interior International Choir Competition and Festival<\/td>\n<td>I. Prize &#8211; Youth choirs for equal voices, I. Prize &#8211; Sacred music<\/td>\n<td><a href=\"https:\/\/www.aurin-choir.hu\/en\/fundao-2018\/\"><img decoding=\"async\" style=\"width: 70px; min-width: 70px;\" src=\"https:\/\/www.aurin-choir.hu\/wp-content\/uploads\/2019\/03\/camera_icon_girls.png\"><\/a><\/td>\n<\/tr>\n<tr>\n<td>July 2022<\/td>\n<td>Rome (Italy)<\/td>\n<td>XI. Musica Eterna Roma International Choir Competition<\/td>\n<td>I. Prize &#8211; Youth choirs for equal voices, I. Prize &#8211; Sacred music<\/td>\n<td>&nbsp;<\/td>\n<\/tr>\n<tr>\n<td>December 2022<\/td>\n<td>Cracow (Poland)<\/td>\n<td>Advent and Christmas Choir Competition<\/td>\n<td>I. Prize<\/td>\n<td>&nbsp;<\/td>\n<\/tr>\n<tr>\n<td>September 2023<\/td>\n<td>Paralia (Greece)<\/td>\n<td>XI. Music &amp; Sea Choir Competition<\/td>\n<td>I. Prize<\/td>\n<td>&nbsp;<\/td>\n<\/tr>\n<\/tbody>\n<\/table>\n<\/div>\n<p>[\/vc_column_text][\/vc_column][\/vc_row][vc_row][vc_column][row_separator location=&#8221;bottom&#8221; separator=&#8221;curve-side2&#8243; flip=&#8221;1&#8243; color1=&#8221;#ffffff&#8221; color2=&#8221;#ffffff&#8221; color3=&#8221;#ffffff&#8221;][\/vc_column][\/vc_row][vc_row enable_gradient=&#8221;yes&#8221; gradient_bg=&#8221;linear-gradient(90deg, rgba(188, 49, 69, 0.9) 1.6556291390728477%, rgba(145, 7, 44, 0.9) 100%)&#8221;][vc_column][ld_spacer height=&#8221;30px&#8221;][vc_row_inner css=&#8221;.vc_custom_1546335915499{padding-top: 40px !important;padding-bottom: 40px !important;}&#8221;][vc_column_inner width=&#8221;1\/6&#8243;][vc_column_text]<\/p>\n<p style=\"text-align: center;\"><span style=\"color: #ffffff;\"><a style=\"color: #ffffff;\" href=\"https:\/\/www.aurin-choir.hu\/girlschoir\/eredmenyek\/\">Results<\/a><\/span><\/p>\n<p>[\/vc_column_text][ld_spacer height=&#8221;10px&#8221;][\/vc_column_inner][vc_column_inner width=&#8221;1\/6&#8243;][vc_column_text]<\/p>\n<p style=\"text-align: center;\"><span style=\"color: #ffffff;\"><a style=\"color: #ffffff;\" href=\"https:\/\/www.aurin-choir.hu\/girlschoir\/fesztivalok\/\">Festivals<\/a><\/span><\/p>\n<p>[\/vc_column_text][ld_spacer height=&#8221;10px&#8221;][\/vc_column_inner][vc_column_inner width=&#8221;1\/6&#8243;][vc_column_text]<\/p>\n<p style=\"text-align: center;\"><span style=\"color: #ffffff;\"><a style=\"color: #ffffff;\" href=\"https:\/\/www.aurin-choir.hu\/girlschoir\/koncertek\/\">Concerts<\/a><\/span><\/p>\n<p>[\/vc_column_text][ld_spacer height=&#8221;10px&#8221;][\/vc_column_inner][vc_column_inner width=&#8221;1\/6&#8243;][vc_column_text]<\/p>\n<p style=\"text-align: center;\"><span style=\"color: #ffffff;\"><a style=\"color: #ffffff;\" href=\"https:\/\/www.aurin-choir.hu\/girlschoir\/cd-lemezek\/\">CD recordings<\/a><\/span><\/p>\n<p>[\/vc_column_text][ld_spacer height=&#8221;10px&#8221;][\/vc_column_inner][vc_column_inner width=&#8221;1\/6&#8243;][vc_column_text]<\/p>\n<p style=\"text-align: center;\"><span style=\"color: #ffffff;\"><a style=\"color: #ffffff;\" href=\"https:\/\/www.aurin-choir.hu\/girlschoir\/videok\/\">Videos<\/a><\/span><\/p>\n<p>[\/vc_column_text][ld_spacer height=&#8221;10px&#8221;][\/vc_column_inner][vc_column_inner width=&#8221;1\/6&#8243;][vc_column_text]<\/p>\n<p style=\"text-align: center;\"><span style=\"color: #ffffff;\"><a style=\"color: #ffffff;\" href=\"https:\/\/www.aurin-choir.hu\/girlschoir\/fotok\/\">Photos<\/a><\/span><\/p>\n<p>[\/vc_column_text][ld_spacer height=&#8221;10px&#8221;][\/vc_column_inner][\/vc_row_inner][ld_spacer height=&#8221;20px&#8221;][\/vc_column][\/vc_row]<\/p>\n","protected":false},"excerpt":{"rendered":"<p>[vc_row bg_position=&#8221;center center&#8221; enable_gradient=&#8221;yes&#8221; enable_overlay=&#8221;yes&#8221; bg_gradient1=&#8221;#4f4f4f&#8221; bg_gradient2=&#8221;#7c1b51&#8243; css=&#8221;.vc_custom_1641048583212{padding-top: 50px !important;padding-bottom: 50px !important;background-image: url(https:\/\/www.aurin-choir.hu\/wp-content\/uploads\/2019\/03\/karacsony2017-23.jpg?id=978) !important;background-position: center !important;background-repeat: no-repeat !important;background-size: cover !important;}&#8221; overlay_bg=&#8221;linear-gradient(90deg, rgba(188, 49, 69, 0.9) 2.980132450331126%, rgba(145, 7, 44, 0.9) 100%)&#8221;][vc_column][vc_column_text css=&#8221;.vc_custom_1582470091583{padding-top: 50px !important;}&#8221;] [\/vc_column_text][ld_spacer height=&#8221;30px&#8221;][\/vc_column][\/vc_row][vc_row][vc_column][row_separator separator=&#8221;curve-side2&#8243; color1=&#8221;#ffffff&#8221; color2=&#8221;#ffffff&#8221; color3=&#8221;#ffffff&#8221;][\/vc_column][\/vc_row][vc_row][vc_column][ld_spacer height=&#8221;30px&#8221;][vc_column_text] Competition results of the Aurin Girls&#8217; Choir [\/vc_column_text][ld_spacer height=&#8221;50px&#8221;][vc_column_text] &nbsp; March 1999 Budapest VII. [&hellip;]<\/p>\n","protected":false},"author":1,"featured_media":0,"parent":1445,"menu_order":0,"comment_status":"closed","ping_status":"closed","template":"","meta":{"_et_pb_use_builder":"","_et_pb_old_content":"","_et_gb_content_width":"","ngg_post_thumbnail":0,"footnotes":""},"class_list":["post-1448","page","type-page","status-publish","hentry"],"yoast_head":"<!-- This site is optimized with the Yoast SEO plugin v26.0 - https:\/\/yoast.com\/wordpress\/plugins\/seo\/ -->\n<title>Results - Aurin - Miraculum<\/title>\n<meta name=\"robots\" content=\"index, follow, max-snippet:-1, max-image-preview:large, max-video-preview:-1\" \/>\n<link rel=\"canonical\" href=\"https:\/\/www.aurin-choir.hu\/en\/girlschoir\/results\/\" \/>\n<meta property=\"og:locale\" content=\"en_US\" \/>\n<meta property=\"og:type\" content=\"article\" \/>\n<meta property=\"og:title\" content=\"Results - Aurin - Miraculum\" \/>\n<meta property=\"og:description\" content=\"[vc_row bg_position=&#8221;center center&#8221; enable_gradient=&#8221;yes&#8221; enable_overlay=&#8221;yes&#8221; bg_gradient1=&#8221;#4f4f4f&#8221; bg_gradient2=&#8221;#7c1b51&#8243; css=&#8221;.vc_custom_1641048583212{padding-top: 50px !important;padding-bottom: 50px !important;background-image: url(https:\/\/www.aurin-choir.hu\/wp-content\/uploads\/2019\/03\/karacsony2017-23.jpg?id=978) !important;background-position: center !important;background-repeat: no-repeat !important;background-size: cover !important;}&#8221; overlay_bg=&#8221;linear-gradient(90deg, rgba(188, 49, 69, 0.9) 2.980132450331126%, rgba(145, 7, 44, 0.9) 100%)&#8221;][vc_column][vc_column_text css=&#8221;.vc_custom_1582470091583{padding-top: 50px !important;}&#8221;] [\/vc_column_text][ld_spacer height=&#8221;30px&#8221;][\/vc_column][\/vc_row][vc_row][vc_column][row_separator separator=&#8221;curve-side2&#8243; color1=&#8221;#ffffff&#8221; color2=&#8221;#ffffff&#8221; color3=&#8221;#ffffff&#8221;][\/vc_column][\/vc_row][vc_row][vc_column][ld_spacer height=&#8221;30px&#8221;][vc_column_text] Competition results of the Aurin Girls&#8217; Choir [\/vc_column_text][ld_spacer height=&#8221;50px&#8221;][vc_column_text] &nbsp; March 1999 Budapest VII. [&hellip;]\" \/>\n<meta property=\"og:url\" content=\"https:\/\/www.aurin-choir.hu\/en\/girlschoir\/results\/\" \/>\n<meta property=\"og:site_name\" content=\"Aurin - Miraculum\" \/>\n<meta property=\"article:publisher\" content=\"https:\/\/www.facebook.com\/aurinchoir\" \/>\n<meta property=\"article:modified_time\" content=\"2023-10-08T17:14:40+00:00\" \/>\n<meta property=\"og:image\" content=\"https:\/\/www.aurin-choir.hu\/wp-content\/uploads\/2019\/04\/aurin_girls_logo_white.png\" \/>\n\t<meta property=\"og:image:width\" content=\"554\" \/>\n\t<meta property=\"og:image:height\" content=\"412\" \/>\n\t<meta property=\"og:image:type\" content=\"image\/png\" \/>\n<meta name=\"twitter:card\" content=\"summary_large_image\" \/>\n<meta name=\"twitter:label1\" content=\"Est. reading time\" \/>\n\t<meta name=\"twitter:data1\" content=\"4 minutes\" \/>\n<script type=\"application\/ld+json\" class=\"yoast-schema-graph\">{\"@context\":\"https:\/\/schema.org\",\"@graph\":[{\"@type\":\"WebPage\",\"@id\":\"https:\/\/www.aurin-choir.hu\/en\/girlschoir\/results\/\",\"url\":\"https:\/\/www.aurin-choir.hu\/en\/girlschoir\/results\/\",\"name\":\"Results - Aurin - Miraculum\",\"isPartOf\":{\"@id\":\"https:\/\/www.aurin-choir.hu\/#website\"},\"primaryImageOfPage\":{\"@id\":\"https:\/\/www.aurin-choir.hu\/en\/girlschoir\/results\/#primaryimage\"},\"image\":{\"@id\":\"https:\/\/www.aurin-choir.hu\/en\/girlschoir\/results\/#primaryimage\"},\"thumbnailUrl\":\"https:\/\/www.aurin-choir.hu\/wp-content\/uploads\/2019\/04\/aurin_girls_logo_white-300x223.png\",\"datePublished\":\"2019-02-28T10:51:04+00:00\",\"dateModified\":\"2023-10-08T17:14:40+00:00\",\"breadcrumb\":{\"@id\":\"https:\/\/www.aurin-choir.hu\/en\/girlschoir\/results\/#breadcrumb\"},\"inLanguage\":\"en-US\",\"potentialAction\":[{\"@type\":\"ReadAction\",\"target\":[\"https:\/\/www.aurin-choir.hu\/en\/girlschoir\/results\/\"]}]},{\"@type\":\"ImageObject\",\"inLanguage\":\"en-US\",\"@id\":\"https:\/\/www.aurin-choir.hu\/en\/girlschoir\/results\/#primaryimage\",\"url\":\"https:\/\/www.aurin-choir.hu\/wp-content\/uploads\/2019\/04\/aurin_girls_logo_white-300x223.png\",\"contentUrl\":\"https:\/\/www.aurin-choir.hu\/wp-content\/uploads\/2019\/04\/aurin_girls_logo_white-300x223.png\"},{\"@type\":\"BreadcrumbList\",\"@id\":\"https:\/\/www.aurin-choir.hu\/en\/girlschoir\/results\/#breadcrumb\",\"itemListElement\":[{\"@type\":\"ListItem\",\"position\":1,\"name\":\"Kezd\u0151lap\",\"item\":\"https:\/\/www.aurin-choir.hu\/en\/\"},{\"@type\":\"ListItem\",\"position\":2,\"name\":\"Aurin Le\u00e1nykar\",\"item\":\"https:\/\/www.aurin-choir.hu\/en\/girlschoir\/\"},{\"@type\":\"ListItem\",\"position\":3,\"name\":\"Results\"}]},{\"@type\":\"WebSite\",\"@id\":\"https:\/\/www.aurin-choir.hu\/#website\",\"url\":\"https:\/\/www.aurin-choir.hu\/\",\"name\":\"Aurin - Miraculum\",\"description\":\"Aurin - Miraculum\",\"publisher\":{\"@id\":\"https:\/\/www.aurin-choir.hu\/#organization\"},\"potentialAction\":[{\"@type\":\"SearchAction\",\"target\":{\"@type\":\"EntryPoint\",\"urlTemplate\":\"https:\/\/www.aurin-choir.hu\/?s={search_term_string}\"},\"query-input\":{\"@type\":\"PropertyValueSpecification\",\"valueRequired\":true,\"valueName\":\"search_term_string\"}}],\"inLanguage\":\"en-US\"},{\"@type\":\"Organization\",\"@id\":\"https:\/\/www.aurin-choir.hu\/#organization\",\"name\":\"Aurin \u00e9s Miraculum Alap\u00edtv\u00e1ny\",\"url\":\"https:\/\/www.aurin-choir.hu\/\",\"logo\":{\"@type\":\"ImageObject\",\"inLanguage\":\"en-US\",\"@id\":\"https:\/\/www.aurin-choir.hu\/#\/schema\/logo\/image\/\",\"url\":\"https:\/\/www.aurin-choir.hu\/wp-content\/uploads\/2024\/05\/logo_webre_evadzaro2-1.png\",\"contentUrl\":\"https:\/\/www.aurin-choir.hu\/wp-content\/uploads\/2024\/05\/logo_webre_evadzaro2-1.png\",\"width\":500,\"height\":515,\"caption\":\"Aurin \u00e9s Miraculum Alap\u00edtv\u00e1ny\"},\"image\":{\"@id\":\"https:\/\/www.aurin-choir.hu\/#\/schema\/logo\/image\/\"},\"sameAs\":[\"https:\/\/www.facebook.com\/aurinchoir\"]}]}<\/script>\n<!-- \/ Yoast SEO plugin. -->","yoast_head_json":{"title":"Results - Aurin - Miraculum","robots":{"index":"index","follow":"follow","max-snippet":"max-snippet:-1","max-image-preview":"max-image-preview:large","max-video-preview":"max-video-preview:-1"},"canonical":"https:\/\/www.aurin-choir.hu\/en\/girlschoir\/results\/","og_locale":"en_US","og_type":"article","og_title":"Results - Aurin - Miraculum","og_description":"[vc_row bg_position=&#8221;center center&#8221; enable_gradient=&#8221;yes&#8221; enable_overlay=&#8221;yes&#8221; bg_gradient1=&#8221;#4f4f4f&#8221; bg_gradient2=&#8221;#7c1b51&#8243; css=&#8221;.vc_custom_1641048583212{padding-top: 50px !important;padding-bottom: 50px !important;background-image: url(https:\/\/www.aurin-choir.hu\/wp-content\/uploads\/2019\/03\/karacsony2017-23.jpg?id=978) !important;background-position: center !important;background-repeat: no-repeat !important;background-size: cover !important;}&#8221; overlay_bg=&#8221;linear-gradient(90deg, rgba(188, 49, 69, 0.9) 2.980132450331126%, rgba(145, 7, 44, 0.9) 100%)&#8221;][vc_column][vc_column_text css=&#8221;.vc_custom_1582470091583{padding-top: 50px !important;}&#8221;] [\/vc_column_text][ld_spacer height=&#8221;30px&#8221;][\/vc_column][\/vc_row][vc_row][vc_column][row_separator separator=&#8221;curve-side2&#8243; color1=&#8221;#ffffff&#8221; color2=&#8221;#ffffff&#8221; color3=&#8221;#ffffff&#8221;][\/vc_column][\/vc_row][vc_row][vc_column][ld_spacer height=&#8221;30px&#8221;][vc_column_text] Competition results of the Aurin Girls&#8217; Choir [\/vc_column_text][ld_spacer height=&#8221;50px&#8221;][vc_column_text] &nbsp; March 1999 Budapest VII. [&hellip;]","og_url":"https:\/\/www.aurin-choir.hu\/en\/girlschoir\/results\/","og_site_name":"Aurin - Miraculum","article_publisher":"https:\/\/www.facebook.com\/aurinchoir","article_modified_time":"2023-10-08T17:14:40+00:00","og_image":[{"width":554,"height":412,"url":"https:\/\/www.aurin-choir.hu\/wp-content\/uploads\/2019\/04\/aurin_girls_logo_white.png","type":"image\/png"}],"twitter_card":"summary_large_image","twitter_misc":{"Est. reading time":"4 minutes"},"schema":{"@context":"https:\/\/schema.org","@graph":[{"@type":"WebPage","@id":"https:\/\/www.aurin-choir.hu\/en\/girlschoir\/results\/","url":"https:\/\/www.aurin-choir.hu\/en\/girlschoir\/results\/","name":"Results - Aurin - Miraculum","isPartOf":{"@id":"https:\/\/www.aurin-choir.hu\/#website"},"primaryImageOfPage":{"@id":"https:\/\/www.aurin-choir.hu\/en\/girlschoir\/results\/#primaryimage"},"image":{"@id":"https:\/\/www.aurin-choir.hu\/en\/girlschoir\/results\/#primaryimage"},"thumbnailUrl":"https:\/\/www.aurin-choir.hu\/wp-content\/uploads\/2019\/04\/aurin_girls_logo_white-300x223.png","datePublished":"2019-02-28T10:51:04+00:00","dateModified":"2023-10-08T17:14:40+00:00","breadcrumb":{"@id":"https:\/\/www.aurin-choir.hu\/en\/girlschoir\/results\/#breadcrumb"},"inLanguage":"en-US","potentialAction":[{"@type":"ReadAction","target":["https:\/\/www.aurin-choir.hu\/en\/girlschoir\/results\/"]}]},{"@type":"ImageObject","inLanguage":"en-US","@id":"https:\/\/www.aurin-choir.hu\/en\/girlschoir\/results\/#primaryimage","url":"https:\/\/www.aurin-choir.hu\/wp-content\/uploads\/2019\/04\/aurin_girls_logo_white-300x223.png","contentUrl":"https:\/\/www.aurin-choir.hu\/wp-content\/uploads\/2019\/04\/aurin_girls_logo_white-300x223.png"},{"@type":"BreadcrumbList","@id":"https:\/\/www.aurin-choir.hu\/en\/girlschoir\/results\/#breadcrumb","itemListElement":[{"@type":"ListItem","position":1,"name":"Kezd\u0151lap","item":"https:\/\/www.aurin-choir.hu\/en\/"},{"@type":"ListItem","position":2,"name":"Aurin Le\u00e1nykar","item":"https:\/\/www.aurin-choir.hu\/en\/girlschoir\/"},{"@type":"ListItem","position":3,"name":"Results"}]},{"@type":"WebSite","@id":"https:\/\/www.aurin-choir.hu\/#website","url":"https:\/\/www.aurin-choir.hu\/","name":"Aurin - Miraculum","description":"Aurin - Miraculum","publisher":{"@id":"https:\/\/www.aurin-choir.hu\/#organization"},"potentialAction":[{"@type":"SearchAction","target":{"@type":"EntryPoint","urlTemplate":"https:\/\/www.aurin-choir.hu\/?s={search_term_string}"},"query-input":{"@type":"PropertyValueSpecification","valueRequired":true,"valueName":"search_term_string"}}],"inLanguage":"en-US"},{"@type":"Organization","@id":"https:\/\/www.aurin-choir.hu\/#organization","name":"Aurin \u00e9s Miraculum Alap\u00edtv\u00e1ny","url":"https:\/\/www.aurin-choir.hu\/","logo":{"@type":"ImageObject","inLanguage":"en-US","@id":"https:\/\/www.aurin-choir.hu\/#\/schema\/logo\/image\/","url":"https:\/\/www.aurin-choir.hu\/wp-content\/uploads\/2024\/05\/logo_webre_evadzaro2-1.png","contentUrl":"https:\/\/www.aurin-choir.hu\/wp-content\/uploads\/2024\/05\/logo_webre_evadzaro2-1.png","width":500,"height":515,"caption":"Aurin \u00e9s Miraculum Alap\u00edtv\u00e1ny"},"image":{"@id":"https:\/\/www.aurin-choir.hu\/#\/schema\/logo\/image\/"},"sameAs":["https:\/\/www.facebook.com\/aurinchoir"]}]}},"_links":{"self":[{"href":"https:\/\/www.aurin-choir.hu\/en\/wp-json\/wp\/v2\/pages\/1448","targetHints":{"allow":["GET"]}}],"collection":[{"href":"https:\/\/www.aurin-choir.hu\/en\/wp-json\/wp\/v2\/pages"}],"about":[{"href":"https:\/\/www.aurin-choir.hu\/en\/wp-json\/wp\/v2\/types\/page"}],"author":[{"embeddable":true,"href":"https:\/\/www.aurin-choir.hu\/en\/wp-json\/wp\/v2\/users\/1"}],"replies":[{"embeddable":true,"href":"https:\/\/www.aurin-choir.hu\/en\/wp-json\/wp\/v2\/comments?post=1448"}],"version-history":[{"count":24,"href":"https:\/\/www.aurin-choir.hu\/en\/wp-json\/wp\/v2\/pages\/1448\/revisions"}],"predecessor-version":[{"id":12756,"href":"https:\/\/www.aurin-choir.hu\/en\/wp-json\/wp\/v2\/pages\/1448\/revisions\/12756"}],"up":[{"embeddable":true,"href":"https:\/\/www.aurin-choir.hu\/en\/wp-json\/wp\/v2\/pages\/1445"}],"wp:attachment":[{"href":"https:\/\/www.aurin-choir.hu\/en\/wp-json\/wp\/v2\/media?parent=1448"}],"curies":[{"name":"wp","href":"https:\/\/api.w.org\/{rel}","templated":true}]}}