{"id":1462,"date":"2019-03-01T19:12:28","date_gmt":"2019-03-01T19:12:28","guid":{"rendered":"http:\/\/www.aurin-choir.hu\/femalechoir\/rolunk\/"},"modified":"2019-03-30T06:49:58","modified_gmt":"2019-03-30T06:49:58","slug":"rolunk","status":"publish","type":"page","link":"https:\/\/www.aurin-choir.hu\/en\/femalechoir\/rolunk\/","title":{"rendered":"R\u00f3lunk"},"content":{"rendered":"<p>[vc_row bg_gradient1=&#8221;#994c00&#8243; bg_gradient2=&#8221;#d2952a&#8221; css=&#8221;.vc_custom_1546351283132{padding-top: 50px !important;padding-bottom: 50px !important;}&#8221;][vc_column][video_row video=&#8221;https:\/\/www.youtube.com\/watch?v=rmqhUy7O6NQ&#8221; opacity=&#8221;10&#8243;][vc_column_text css=&#8221;.vc_custom_1546351245253{padding-top: 50px !important;}&#8221;]<\/p>\n<p style=\"text-align: center;\"><a href=\"http:\/\/www.aurin-choir.hu\/teszt\/wp-content\/uploads\/2018\/12\/aurin_noikar_logo_white.png\"><img loading=\"lazy\" decoding=\"async\" class=\"alignnone wp-image-44 size-medium\" src=\"https:\/\/www.aurin-choir.hu\/wp-content\/uploads\/2019\/02\/aurin_vegyeskar_logo_green-300x223.png\" alt=\"\" width=\"300\" height=\"223\" srcset=\"https:\/\/www.aurin-choir.hu\/wp-content\/uploads\/2019\/02\/aurin_vegyeskar_logo_green-300x223.png 300w, https:\/\/www.aurin-choir.hu\/wp-content\/uploads\/2019\/02\/aurin_vegyeskar_logo_green.png 554w\" sizes=\"(max-width: 300px) 100vw, 300px\" \/><\/a><\/p>\n<p>[\/vc_column_text][\/vc_column][\/vc_row][vc_row][vc_column][row_separator separator=&#8221;curve-side2&#8243; color1=&#8221;#ffffff&#8221; color2=&#8221;#ffffff&#8221; color3=&#8221;#ffffff&#8221;][\/vc_column][\/vc_row][vc_row][vc_column][vc_column_text css=&#8221;.vc_custom_1553928516214{padding-bottom: 30px !important;}&#8221;]<\/p>\n<h3><span style=\"color: #d2952a;\">Aurin Female Choir<\/span><\/h3>\n<p>[\/vc_column_text][vc_column_text]The Aurin Girls\u2019 Choir compete mostly in youth choir competitions, in which the age limit is 19 years. The members of this girls\u2019 choir are between the ages of 14 to 19; a few of them are 20 or 21 years old. Sooner or later all good things come to an end, so we had to stop singing in the girls\u2019 choir.<\/p>\n<p>After a couple of years we started to miss this singing community which had given us so much experience, success and joy. This feeling was so strong that we decided to establish a new choir. We convened the old members, asked our conductor, <a href=\"http:\/\/aurin-choir.hu\/femalechoir\/laszlo-duranyik\">L\u00e1szl\u00f3 Dur\u00e1nyik<\/a> to direct us, and in 2006 we founded a new choir: the Aurin Female Choir. Most of the founder members had missed out on singing for a few years, but some who had joined the Aurin Girls\u2019 Choir later, had just finished high school. Originally we just wanted to sing together without any competitions or responsibilities, but our thirst for music couldn\u2019t be quenched; we missed the feelings that we had enjoyed years before. At the same time we felt we needed more aims and challenges; we needed a purpose for being together.<\/p>\n<p>After the first year together we realized that we had made more progress than we ever expected, and we soon approached the level of the Miraculum Childrens\u2019 Choir and Aurin Girls\u2019 Choir. Our first contest was in October 2007 (one year after the choir was established). It was the III. International Choir Competition in Warsaw. With an outstanding performance, we were awarded the first prize. In 2008, we participated in our second International Competition in Cantonigros, Spain. In the female choirs\u2019 category we were awarded second prize; in the folklore category we won third prize. In 2009 we won two choir competitions in the female category in Budapest; the XII. International Choir Competition and the V. Zolt\u00e1n Kod\u00e1ly Hungarian Choir Competition.[\/vc_column_text][\/vc_column][\/vc_row][vc_row][vc_column][row_separator location=&#8221;bottom&#8221; separator=&#8221;curve-side2&#8243; flip=&#8221;1&#8243; color1=&#8221;#ffffff&#8221; color2=&#8221;#ffffff&#8221; color3=&#8221;#ffffff&#8221;][\/vc_column][\/vc_row][vc_row][vc_column][gp_gradient_bg color1=&#8221;#d2952a&#8221; color2=&#8221;#994c00&#8243;][vc_row_inner css=&#8221;.vc_custom_1546335915499{padding-top: 40px !important;padding-bottom: 40px !important;}&#8221;][vc_column_inner width=&#8221;1\/6&#8243;][vc_column_text]<\/p>\n<p style=\"text-align: center;\"><span style=\"color: #ffffff;\"><a style=\"color: #ffffff;\" href=\"http:\/\/www.aurin-choir.hu\/teszt\/aurin-leanykar\/\">Eredm\u00e9nyek<\/a><\/span><\/p>\n<p>[\/vc_column_text][\/vc_column_inner][vc_column_inner width=&#8221;1\/6&#8243;][vc_column_text]<\/p>\n<p style=\"text-align: center;\"><span style=\"color: #ffffff;\"><a style=\"color: #ffffff;\" href=\"http:\/\/www.aurin-choir.hu\/teszt\/aurin-leanykar\/\">Fesztiv\u00e1lok<\/a><\/span><\/p>\n<p>[\/vc_column_text][\/vc_column_inner][vc_column_inner width=&#8221;1\/6&#8243;][vc_column_text]<\/p>\n<p style=\"text-align: center;\"><span style=\"color: #ffffff;\"><a style=\"color: #ffffff;\" href=\"http:\/\/www.aurin-choir.hu\/teszt\/aurin-leanykar\/\">Koncertek<\/a><\/span><\/p>\n<p>[\/vc_column_text][\/vc_column_inner][vc_column_inner width=&#8221;1\/6&#8243;][vc_column_text]<\/p>\n<p style=\"text-align: center;\"><span style=\"color: #ffffff;\"><a style=\"color: #ffffff;\" href=\"http:\/\/www.aurin-choir.hu\/teszt\/aurin-leanykar\/\">CD lemezek<\/a><\/span><\/p>\n<p>[\/vc_column_text][\/vc_column_inner][vc_column_inner width=&#8221;1\/6&#8243;][vc_column_text]<\/p>\n<p style=\"text-align: center;\"><span style=\"color: #ffffff;\"><a style=\"color: #ffffff;\" href=\"http:\/\/www.aurin-choir.hu\/teszt\/aurin-leanykar\/\">Vide\u00f3k<\/a><\/span><\/p>\n<p>[\/vc_column_text][\/vc_column_inner][vc_column_inner width=&#8221;1\/6&#8243;][vc_column_text]<\/p>\n<p style=\"text-align: center;\"><span style=\"color: #ffffff;\"><a style=\"color: #ffffff;\" href=\"http:\/\/www.aurin-choir.hu\/teszt\/aurin-leanykar\/\">Fot\u00f3k<\/a><\/span><\/p>\n<p>[\/vc_column_text][\/vc_column_inner][\/vc_row_inner][\/vc_column][\/vc_row]<\/p>\n","protected":false},"excerpt":{"rendered":"<p>[vc_row bg_gradient1=&#8221;#994c00&#8243; bg_gradient2=&#8221;#d2952a&#8221; css=&#8221;.vc_custom_1546351283132{padding-top: 50px !important;padding-bottom: 50px !important;}&#8221;][vc_column][video_row video=&#8221;https:\/\/www.youtube.com\/watch?v=rmqhUy7O6NQ&#8221; opacity=&#8221;10&#8243;][vc_column_text css=&#8221;.vc_custom_1546351245253{padding-top: 50px !important;}&#8221;] [\/vc_column_text][\/vc_column][\/vc_row][vc_row][vc_column][row_separator separator=&#8221;curve-side2&#8243; color1=&#8221;#ffffff&#8221; color2=&#8221;#ffffff&#8221; color3=&#8221;#ffffff&#8221;][\/vc_column][\/vc_row][vc_row][vc_column][vc_column_text css=&#8221;.vc_custom_1553928516214{padding-bottom: 30px !important;}&#8221;] Aurin Female Choir [\/vc_column_text][vc_column_text]The Aurin Girls\u2019 Choir compete mostly in youth choir competitions, in which the age limit is 19 years. The members of this girls\u2019 choir are between the ages of 14 to [&hellip;]<\/p>\n","protected":false},"author":1,"featured_media":0,"parent":1456,"menu_order":0,"comment_status":"closed","ping_status":"closed","template":"","meta":{"_et_pb_use_builder":"","_et_pb_old_content":"","_et_gb_content_width":"","ngg_post_thumbnail":0,"footnotes":""},"class_list":["post-1462","page","type-page","status-publish","hentry"],"yoast_head":"<!-- This site is optimized with the Yoast SEO plugin v26.0 - https:\/\/yoast.com\/wordpress\/plugins\/seo\/ -->\n<title>R\u00f3lunk - Aurin - Miraculum<\/title>\n<meta name=\"robots\" content=\"index, follow, max-snippet:-1, max-image-preview:large, max-video-preview:-1\" \/>\n<link rel=\"canonical\" href=\"https:\/\/www.aurin-choir.hu\/en\/femalechoir\/rolunk\/\" \/>\n<meta property=\"og:locale\" content=\"en_US\" \/>\n<meta property=\"og:type\" content=\"article\" \/>\n<meta property=\"og:title\" content=\"R\u00f3lunk - Aurin - Miraculum\" \/>\n<meta property=\"og:description\" content=\"[vc_row bg_gradient1=&#8221;#994c00&#8243; bg_gradient2=&#8221;#d2952a&#8221; css=&#8221;.vc_custom_1546351283132{padding-top: 50px !important;padding-bottom: 50px !important;}&#8221;][vc_column][video_row video=&#8221;https:\/\/www.youtube.com\/watch?v=rmqhUy7O6NQ&#8221; opacity=&#8221;10&#8243;][vc_column_text css=&#8221;.vc_custom_1546351245253{padding-top: 50px !important;}&#8221;] [\/vc_column_text][\/vc_column][\/vc_row][vc_row][vc_column][row_separator separator=&#8221;curve-side2&#8243; color1=&#8221;#ffffff&#8221; color2=&#8221;#ffffff&#8221; color3=&#8221;#ffffff&#8221;][\/vc_column][\/vc_row][vc_row][vc_column][vc_column_text css=&#8221;.vc_custom_1553928516214{padding-bottom: 30px !important;}&#8221;] Aurin Female Choir [\/vc_column_text][vc_column_text]The Aurin Girls\u2019 Choir compete mostly in youth choir competitions, in which the age limit is 19 years. The members of this girls\u2019 choir are between the ages of 14 to [&hellip;]\" \/>\n<meta property=\"og:url\" content=\"https:\/\/www.aurin-choir.hu\/en\/femalechoir\/rolunk\/\" \/>\n<meta property=\"og:site_name\" content=\"Aurin - Miraculum\" \/>\n<meta property=\"article:publisher\" content=\"https:\/\/www.facebook.com\/aurinchoir\" \/>\n<meta property=\"article:modified_time\" content=\"2019-03-30T06:49:58+00:00\" \/>\n<meta property=\"og:image\" content=\"https:\/\/www.aurin-choir.hu\/wp-content\/uploads\/2019\/02\/aurin_vegyeskar_logo_green.png\" \/>\n\t<meta property=\"og:image:width\" content=\"554\" \/>\n\t<meta property=\"og:image:height\" content=\"411\" \/>\n\t<meta property=\"og:image:type\" content=\"image\/png\" \/>\n<meta name=\"twitter:card\" content=\"summary_large_image\" \/>\n<meta name=\"twitter:label1\" content=\"Est. reading time\" \/>\n\t<meta name=\"twitter:data1\" content=\"3 minutes\" \/>\n<script type=\"application\/ld+json\" class=\"yoast-schema-graph\">{\"@context\":\"https:\/\/schema.org\",\"@graph\":[{\"@type\":\"WebPage\",\"@id\":\"https:\/\/www.aurin-choir.hu\/en\/femalechoir\/rolunk\/\",\"url\":\"https:\/\/www.aurin-choir.hu\/en\/femalechoir\/rolunk\/\",\"name\":\"R\u00f3lunk - Aurin - Miraculum\",\"isPartOf\":{\"@id\":\"https:\/\/www.aurin-choir.hu\/#website\"},\"primaryImageOfPage\":{\"@id\":\"https:\/\/www.aurin-choir.hu\/en\/femalechoir\/rolunk\/#primaryimage\"},\"image\":{\"@id\":\"https:\/\/www.aurin-choir.hu\/en\/femalechoir\/rolunk\/#primaryimage\"},\"thumbnailUrl\":\"https:\/\/www.aurin-choir.hu\/wp-content\/uploads\/2019\/02\/aurin_vegyeskar_logo_green-300x223.png\",\"datePublished\":\"2019-03-01T19:12:28+00:00\",\"dateModified\":\"2019-03-30T06:49:58+00:00\",\"breadcrumb\":{\"@id\":\"https:\/\/www.aurin-choir.hu\/en\/femalechoir\/rolunk\/#breadcrumb\"},\"inLanguage\":\"en-US\",\"potentialAction\":[{\"@type\":\"ReadAction\",\"target\":[\"https:\/\/www.aurin-choir.hu\/en\/femalechoir\/rolunk\/\"]}]},{\"@type\":\"ImageObject\",\"inLanguage\":\"en-US\",\"@id\":\"https:\/\/www.aurin-choir.hu\/en\/femalechoir\/rolunk\/#primaryimage\",\"url\":\"https:\/\/www.aurin-choir.hu\/wp-content\/uploads\/2019\/02\/aurin_vegyeskar_logo_green-300x223.png\",\"contentUrl\":\"https:\/\/www.aurin-choir.hu\/wp-content\/uploads\/2019\/02\/aurin_vegyeskar_logo_green-300x223.png\"},{\"@type\":\"BreadcrumbList\",\"@id\":\"https:\/\/www.aurin-choir.hu\/en\/femalechoir\/rolunk\/#breadcrumb\",\"itemListElement\":[{\"@type\":\"ListItem\",\"position\":1,\"name\":\"Kezd\u0151lap\",\"item\":\"https:\/\/www.aurin-choir.hu\/en\/\"},{\"@type\":\"ListItem\",\"position\":2,\"name\":\"Aurin N\u0151ikar\",\"item\":\"https:\/\/www.aurin-choir.hu\/en\/femalechoir\/\"},{\"@type\":\"ListItem\",\"position\":3,\"name\":\"R\u00f3lunk\"}]},{\"@type\":\"WebSite\",\"@id\":\"https:\/\/www.aurin-choir.hu\/#website\",\"url\":\"https:\/\/www.aurin-choir.hu\/\",\"name\":\"Aurin - Miraculum\",\"description\":\"Aurin - Miraculum\",\"publisher\":{\"@id\":\"https:\/\/www.aurin-choir.hu\/#organization\"},\"potentialAction\":[{\"@type\":\"SearchAction\",\"target\":{\"@type\":\"EntryPoint\",\"urlTemplate\":\"https:\/\/www.aurin-choir.hu\/?s={search_term_string}\"},\"query-input\":{\"@type\":\"PropertyValueSpecification\",\"valueRequired\":true,\"valueName\":\"search_term_string\"}}],\"inLanguage\":\"en-US\"},{\"@type\":\"Organization\",\"@id\":\"https:\/\/www.aurin-choir.hu\/#organization\",\"name\":\"Aurin \u00e9s Miraculum Alap\u00edtv\u00e1ny\",\"url\":\"https:\/\/www.aurin-choir.hu\/\",\"logo\":{\"@type\":\"ImageObject\",\"inLanguage\":\"en-US\",\"@id\":\"https:\/\/www.aurin-choir.hu\/#\/schema\/logo\/image\/\",\"url\":\"https:\/\/www.aurin-choir.hu\/wp-content\/uploads\/2024\/05\/logo_webre_evadzaro2-1.png\",\"contentUrl\":\"https:\/\/www.aurin-choir.hu\/wp-content\/uploads\/2024\/05\/logo_webre_evadzaro2-1.png\",\"width\":500,\"height\":515,\"caption\":\"Aurin \u00e9s Miraculum Alap\u00edtv\u00e1ny\"},\"image\":{\"@id\":\"https:\/\/www.aurin-choir.hu\/#\/schema\/logo\/image\/\"},\"sameAs\":[\"https:\/\/www.facebook.com\/aurinchoir\"]}]}<\/script>\n<!-- \/ Yoast SEO plugin. -->","yoast_head_json":{"title":"R\u00f3lunk - Aurin - Miraculum","robots":{"index":"index","follow":"follow","max-snippet":"max-snippet:-1","max-image-preview":"max-image-preview:large","max-video-preview":"max-video-preview:-1"},"canonical":"https:\/\/www.aurin-choir.hu\/en\/femalechoir\/rolunk\/","og_locale":"en_US","og_type":"article","og_title":"R\u00f3lunk - Aurin - Miraculum","og_description":"[vc_row bg_gradient1=&#8221;#994c00&#8243; bg_gradient2=&#8221;#d2952a&#8221; css=&#8221;.vc_custom_1546351283132{padding-top: 50px !important;padding-bottom: 50px !important;}&#8221;][vc_column][video_row video=&#8221;https:\/\/www.youtube.com\/watch?v=rmqhUy7O6NQ&#8221; opacity=&#8221;10&#8243;][vc_column_text css=&#8221;.vc_custom_1546351245253{padding-top: 50px !important;}&#8221;] [\/vc_column_text][\/vc_column][\/vc_row][vc_row][vc_column][row_separator separator=&#8221;curve-side2&#8243; color1=&#8221;#ffffff&#8221; color2=&#8221;#ffffff&#8221; color3=&#8221;#ffffff&#8221;][\/vc_column][\/vc_row][vc_row][vc_column][vc_column_text css=&#8221;.vc_custom_1553928516214{padding-bottom: 30px !important;}&#8221;] Aurin Female Choir [\/vc_column_text][vc_column_text]The Aurin Girls\u2019 Choir compete mostly in youth choir competitions, in which the age limit is 19 years. The members of this girls\u2019 choir are between the ages of 14 to [&hellip;]","og_url":"https:\/\/www.aurin-choir.hu\/en\/femalechoir\/rolunk\/","og_site_name":"Aurin - Miraculum","article_publisher":"https:\/\/www.facebook.com\/aurinchoir","article_modified_time":"2019-03-30T06:49:58+00:00","og_image":[{"width":554,"height":411,"url":"https:\/\/www.aurin-choir.hu\/wp-content\/uploads\/2019\/02\/aurin_vegyeskar_logo_green.png","type":"image\/png"}],"twitter_card":"summary_large_image","twitter_misc":{"Est. reading time":"3 minutes"},"schema":{"@context":"https:\/\/schema.org","@graph":[{"@type":"WebPage","@id":"https:\/\/www.aurin-choir.hu\/en\/femalechoir\/rolunk\/","url":"https:\/\/www.aurin-choir.hu\/en\/femalechoir\/rolunk\/","name":"R\u00f3lunk - Aurin - Miraculum","isPartOf":{"@id":"https:\/\/www.aurin-choir.hu\/#website"},"primaryImageOfPage":{"@id":"https:\/\/www.aurin-choir.hu\/en\/femalechoir\/rolunk\/#primaryimage"},"image":{"@id":"https:\/\/www.aurin-choir.hu\/en\/femalechoir\/rolunk\/#primaryimage"},"thumbnailUrl":"https:\/\/www.aurin-choir.hu\/wp-content\/uploads\/2019\/02\/aurin_vegyeskar_logo_green-300x223.png","datePublished":"2019-03-01T19:12:28+00:00","dateModified":"2019-03-30T06:49:58+00:00","breadcrumb":{"@id":"https:\/\/www.aurin-choir.hu\/en\/femalechoir\/rolunk\/#breadcrumb"},"inLanguage":"en-US","potentialAction":[{"@type":"ReadAction","target":["https:\/\/www.aurin-choir.hu\/en\/femalechoir\/rolunk\/"]}]},{"@type":"ImageObject","inLanguage":"en-US","@id":"https:\/\/www.aurin-choir.hu\/en\/femalechoir\/rolunk\/#primaryimage","url":"https:\/\/www.aurin-choir.hu\/wp-content\/uploads\/2019\/02\/aurin_vegyeskar_logo_green-300x223.png","contentUrl":"https:\/\/www.aurin-choir.hu\/wp-content\/uploads\/2019\/02\/aurin_vegyeskar_logo_green-300x223.png"},{"@type":"BreadcrumbList","@id":"https:\/\/www.aurin-choir.hu\/en\/femalechoir\/rolunk\/#breadcrumb","itemListElement":[{"@type":"ListItem","position":1,"name":"Kezd\u0151lap","item":"https:\/\/www.aurin-choir.hu\/en\/"},{"@type":"ListItem","position":2,"name":"Aurin N\u0151ikar","item":"https:\/\/www.aurin-choir.hu\/en\/femalechoir\/"},{"@type":"ListItem","position":3,"name":"R\u00f3lunk"}]},{"@type":"WebSite","@id":"https:\/\/www.aurin-choir.hu\/#website","url":"https:\/\/www.aurin-choir.hu\/","name":"Aurin - Miraculum","description":"Aurin - Miraculum","publisher":{"@id":"https:\/\/www.aurin-choir.hu\/#organization"},"potentialAction":[{"@type":"SearchAction","target":{"@type":"EntryPoint","urlTemplate":"https:\/\/www.aurin-choir.hu\/?s={search_term_string}"},"query-input":{"@type":"PropertyValueSpecification","valueRequired":true,"valueName":"search_term_string"}}],"inLanguage":"en-US"},{"@type":"Organization","@id":"https:\/\/www.aurin-choir.hu\/#organization","name":"Aurin \u00e9s Miraculum Alap\u00edtv\u00e1ny","url":"https:\/\/www.aurin-choir.hu\/","logo":{"@type":"ImageObject","inLanguage":"en-US","@id":"https:\/\/www.aurin-choir.hu\/#\/schema\/logo\/image\/","url":"https:\/\/www.aurin-choir.hu\/wp-content\/uploads\/2024\/05\/logo_webre_evadzaro2-1.png","contentUrl":"https:\/\/www.aurin-choir.hu\/wp-content\/uploads\/2024\/05\/logo_webre_evadzaro2-1.png","width":500,"height":515,"caption":"Aurin \u00e9s Miraculum Alap\u00edtv\u00e1ny"},"image":{"@id":"https:\/\/www.aurin-choir.hu\/#\/schema\/logo\/image\/"},"sameAs":["https:\/\/www.facebook.com\/aurinchoir"]}]}},"_links":{"self":[{"href":"https:\/\/www.aurin-choir.hu\/en\/wp-json\/wp\/v2\/pages\/1462","targetHints":{"allow":["GET"]}}],"collection":[{"href":"https:\/\/www.aurin-choir.hu\/en\/wp-json\/wp\/v2\/pages"}],"about":[{"href":"https:\/\/www.aurin-choir.hu\/en\/wp-json\/wp\/v2\/types\/page"}],"author":[{"embeddable":true,"href":"https:\/\/www.aurin-choir.hu\/en\/wp-json\/wp\/v2\/users\/1"}],"replies":[{"embeddable":true,"href":"https:\/\/www.aurin-choir.hu\/en\/wp-json\/wp\/v2\/comments?post=1462"}],"version-history":[{"count":2,"href":"https:\/\/www.aurin-choir.hu\/en\/wp-json\/wp\/v2\/pages\/1462\/revisions"}],"predecessor-version":[{"id":1494,"href":"https:\/\/www.aurin-choir.hu\/en\/wp-json\/wp\/v2\/pages\/1462\/revisions\/1494"}],"up":[{"embeddable":true,"href":"https:\/\/www.aurin-choir.hu\/en\/wp-json\/wp\/v2\/pages\/1456"}],"wp:attachment":[{"href":"https:\/\/www.aurin-choir.hu\/en\/wp-json\/wp\/v2\/media?parent=1462"}],"curies":[{"name":"wp","href":"https:\/\/api.w.org\/{rel}","templated":true}]}}