{"id":1478,"date":"2019-03-01T18:46:22","date_gmt":"2019-03-01T18:46:22","guid":{"rendered":"http:\/\/www.aurin-choir.hu\/miraculum\/repertoar\/"},"modified":"2020-02-23T15:50:18","modified_gmt":"2020-02-23T15:50:18","slug":"repertoar","status":"publish","type":"page","link":"https:\/\/www.aurin-choir.hu\/en\/miraculum\/repertoar\/","title":{"rendered":"Repertoire"},"content":{"rendered":"<p>[vc_row bg_gradient1=&#8221;#00495e&#8221; bg_gradient2=&#8221;#1c758a&#8221; css=&#8221;.vc_custom_1546351594691{padding-top: 50px !important;padding-bottom: 50px !important;}&#8221;][vc_column][video_row video=&#8221;https:\/\/www.youtube.com\/watch?v=mFK4CzLCFwk&#8221; opacity=&#8221;10&#8243;][vc_column_text css=&#8221;.vc_custom_1546351640489{padding-top: 80px !important;}&#8221;]<\/p>\n<p style=\"text-align: center;\"><img loading=\"lazy\" decoding=\"async\" class=\"alignnone wp-image-49 size-medium\" src=\"https:\/\/www.aurin-choir.hu\/wp-content\/uploads\/2019\/04\/miraculum_logo_white.png\" alt=\"\" width=\"300\" height=\"90\"><\/p>\n<p>[\/vc_column_text][\/vc_column][\/vc_row][vc_row][vc_column][row_separator separator=&#8221;curve-side2&#8243; color1=&#8221;#ffffff&#8221; color2=&#8221;#ffffff&#8221; color3=&#8221;#ffffff&#8221;][\/vc_column][\/vc_row][vc_row][vc_column][vc_column_text]<\/p>\n<div id=\"texttitle\" class=\"clearfix\">\n<h3><span style=\"color: #1c758a;\">The repertoire of Miraculum Children&#8217;s Choir<\/span><\/h3>\n<p>&nbsp;<\/p>\n<\/div>\n<div id=\"text\" class=\"clearfix\">\n<table border=\"0\" cellspacing=\"0\" cellpadding=\"0\">\n<tbody>\n<tr>\n<td valign=\"top\" width=\"40%\"><strong>Kod\u00e1ly Zolt\u00e1n:<\/strong><\/td>\n<td width=\"60%\">A 150. genfi zsolt\u00e1r<br \/>\nA magyarokhoz<br \/>\nAngyalok \u00e9s p\u00e1sztorok<br \/>\nAve Maria (1898)<br \/>\nAve Maria (1935)<br \/>\nAz \u00e9nekl\u0151 ifj\u00fas\u00e1ghoz<br \/>\nCig\u00e1nysirat\u00f3<br \/>\nEgyetem-Begyetem<br \/>\n\u00c9nek Szent Istv\u00e1n kir\u00e1lyhoz<br \/>\nEsti dal<br \/>\nGergely-j\u00e1r\u00e1s<br \/>\nHajn\u00f6veszt\u0151<br \/>\nHarasztosi leg\u00e9nyek<br \/>\nHegyi \u00e9jszak\u00e1k I.<br \/>\nHegyi \u00e9jszak\u00e1k III.<br \/>\nIsten kov\u00e1csa<br \/>\nJelige<br \/>\nLengyel L\u00e1szl\u00f3<br \/>\nNagyszalontai k\u00f6sz\u00f6nt\u0151<br \/>\nI. Olasz madrig\u00e1l<br \/>\nIII. Olasz madrig\u00e1l \u2013 Chi d\u2019amor sente<br \/>\nP\u00fcnk\u00f6sd\u00f6l\u0151<br \/>\nSz\u00e9kelyfon\u00f3<br \/>\nT\u00e1ncn\u00f3ta<br \/>\nT\u00far\u00f3t eszik a cig\u00e1ny<br \/>\n\u00dajesztend\u0151t k\u00f6sz\u00f6nt\u0151<br \/>\nVill\u0151<br \/>\nZ\u00f6ld erd\u0151ben<\/td>\n<\/tr>\n<tr>\n<td valign=\"top\" width=\" \"><strong>Bart\u00f3k B\u00e9la:<\/strong><\/td>\n<td width=\" \">Bolyong\u00e1s<br \/>\nIsten veled r\u00f3zs\u00e1m<br \/>\nJ\u00f3sz\u00e1gig\u00e9z\u0151<br \/>\nLe\u00e1nyk\u00e9r\u0151<br \/>\nLe\u00e1nyn\u00e9z\u0151<br \/>\nNe hagyj itt!<br \/>\nTavasz<\/td>\n<\/tr>\n<tr>\n<td valign=\"top\" width=\" \"><strong>B\u00e1rdos Lajos:<\/strong><\/td>\n<td width=\" \">Ave Maria<br \/>\nCantemus<br \/>\nHej igaz\u00edtsad<br \/>\nHusz\u00e1rt\u00e1nc<br \/>\nJubilate<br \/>\nMenyecske<br \/>\nSzell\u0151 z\u00fag<\/td>\n<\/tr>\n<tr>\n<td valign=\"top\" width=\" \"><strong>Kocs\u00e1r Mikl\u00f3s:<\/strong><\/td>\n<td width=\" \">Alma Redemptoris Mater<br \/>\nAve Maria<br \/>\nAve Maris Stella<br \/>\nCantate Domino<br \/>\nF\u00e9lelem<br \/>\nHat n\u0151ikar<br \/>\nJ\u00f6n az \u0151sz<br \/>\nJubilate Deo<br \/>\nLaudate Dominum<br \/>\nMissa in A<br \/>\nN\u00e9gy madrig\u00e1l<br \/>\nO vos omnes<br \/>\n\u00d3 havas erd\u0151 n\u00e9mas\u00e1ga<br \/>\nSalve Regina<br \/>\nSub tuum praesidium<br \/>\nT\u00e9li alkony (T\u00e9li alkony, Ne f\u00e9lj!, J\u00f3 sz\u00e1n\u00fat, j\u00f3 fejsze)<br \/>\nT\u0171zciter\u00e1k<br \/>\nV\u00e1rom a havat<\/td>\n<\/tr>\n<tr>\n<td valign=\"top\" width=\" \"><strong>Feh\u00e9r Gy\u00f6rgy Mikl\u00f3s:<\/strong><\/td>\n<td width=\" \">Cegl\u00e9di mise<br \/>\nNemzeti dal<\/td>\n<\/tr>\n<tr>\n<td valign=\"top\" width=\" \"><strong>Gy\u00f6ngy\u00f6si Levente:<\/strong><\/td>\n<td width=\" \">Ave Maria<br \/>\nCantate Domino<br \/>\nDeus ultionum<\/td>\n<\/tr>\n<tr>\n<td valign=\"top\" width=\" \"><strong>Husz\u00e1r Lajos:<\/strong><\/td>\n<td width=\" \">Ave Maria<\/td>\n<\/tr>\n<tr>\n<td valign=\"top\" width=\" \"><strong>Karai J\u00f3zsef:<\/strong><\/td>\n<td width=\" \">\u00c1ldalak b\u00faval, vigalommal<br \/>\nAve Maria<br \/>\nEst\u00e9li n\u00f3t\u00e1z\u00e1s<br \/>\nS\u00e1rk\u00f6zi karik\u00e1z\u00f3<br \/>\nT\u00fcnd\u00e9r ha lenn\u00e9k<br \/>\nT\u0171z<br \/>\nUgr\u00f3t\u00e1nc<\/td>\n<\/tr>\n<tr>\n<td valign=\"top\" width=\" \"><strong>Liszt Ferenc:<\/strong><\/td>\n<td width=\" \">Fr\u00f6hliche Spiele<br \/>\nPater Noster<br \/>\nOh Salutaris Hostia<\/td>\n<\/tr>\n<tr>\n<td valign=\"top\" width=\" \"><strong>Nagy Oliv\u00e9r:<\/strong><\/td>\n<td width=\" \">P\u00e1rizsban j\u00e1rt az \u0151sz<\/td>\n<\/tr>\n<tr>\n<td valign=\"top\" width=\" \"><strong>Orb\u00e1n Gy\u00f6rgy:<\/strong><\/td>\n<td width=\" \">Ave Maria<br \/>\nDaemon irrepit callidus<br \/>\nHajnalban<br \/>\nLauda Sion<br \/>\nL\u00fadv\u00e9rc<br \/>\nMundi renovatio<\/td>\n<\/tr>\n<tr>\n<td valign=\"top\" width=\" \"><strong>Petrovics Emil:<\/strong><\/td>\n<td width=\" \">Hervad\u00e1skor<\/td>\n<\/tr>\n<tr>\n<td valign=\"top\" width=\" \"><strong>Seiber M\u00e1ty\u00e1s:<\/strong><\/td>\n<td width=\" \">The Handsome Butcher<\/td>\n<\/tr>\n<tr>\n<td valign=\"top\" width=\" \"><strong>Selmeczi Gy\u00f6rgy:<\/strong><\/td>\n<td width=\" \">Due madrigali<\/td>\n<\/tr>\n<tr>\n<td valign=\"top\" width=\" \"><strong>Sz\u0151nyi Erzs\u00e9bet:<\/strong><\/td>\n<td width=\" \">H\u00e1rom n\u0151ikar<\/td>\n<\/tr>\n<tr>\n<td valign=\"top\" width=\" \"><strong>T\u00f3th P\u00e9ter:<\/strong><\/td>\n<td width=\" \">Ave Maria<br \/>\nUbi Caritas et Amor<\/td>\n<\/tr>\n<tr>\n<td valign=\"top\" width=\" \"><strong>Vajda J\u00e1nos:<\/strong><\/td>\n<td width=\" \">Scherzo<\/td>\n<\/tr>\n<tr>\n<td valign=\"top\" width=\" \"><strong>N\u00e9pdalok:<\/strong><\/td>\n<td width=\" \">\u00c9desany\u00e1m volt az oka\u2026<br \/>\n\u00c9n az \u00e9jjel nem aludtam\u2026<br \/>\nMegk\u00f6t\u00f6m a sz\u00e1rcsa l\u00e1b\u00fa lovamat\u2026<br \/>\nNem ismertem az \u00f6r\u00f6met<br \/>\nOkt\u00f3bernek elsej\u00e9n<br \/>\nS\u00edr a kisgalambom\u2026<\/td>\n<\/tr>\n<tr>\n<td valign=\"top\" width=\" \"><strong>Bach, Johann Sebastian:<\/strong><\/td>\n<td width=\" \">J\u00e1nos passi\u00f3<\/td>\n<\/tr>\n<tr>\n<td valign=\"top\" width=\" \"><strong>Biebl, Franz:<\/strong><\/td>\n<td width=\" \">Ave Maria<\/td>\n<\/tr>\n<tr>\n<td valign=\"top\" width=\" \"><strong>Brahms, Johannes:<\/strong><\/td>\n<td width=\" \">Ave Maria<\/td>\n<\/tr>\n<tr>\n<td valign=\"top\" width=\" \"><strong>Britten, Benjamin:<\/strong><\/td>\n<td width=\" \">Ceremony of Carols<\/td>\n<\/tr>\n<tr>\n<td valign=\"top\" width=\" \"><strong>Bruckner, Anton:<\/strong><\/td>\n<td width=\" \">Ave Maria<\/td>\n<\/tr>\n<tr>\n<td valign=\"top\" width=\" \"><strong>Busto, Javier:<\/strong><\/td>\n<td width=\" \">Salve Regina<\/td>\n<\/tr>\n<tr>\n<td valign=\"top\" width=\" \"><strong>Christine, Jordanoff:<\/strong><\/td>\n<td width=\" \">Appalachian Suite<\/td>\n<\/tr>\n<tr>\n<td valign=\"top\" width=\" \"><strong>East, Michael:<\/strong><\/td>\n<td width=\" \">Sz\u00e9p tavasz idej\u00e9n<\/td>\n<\/tr>\n<tr>\n<td valign=\"top\" width=\" \"><strong>Fisher, Otto:<\/strong><\/td>\n<td width=\" \">Ave Maria<\/td>\n<\/tr>\n<tr>\n<td valign=\"top\" width=\" \"><strong>Friderici, Daniel:<\/strong><\/td>\n<td width=\" \">Ladilom<\/td>\n<\/tr>\n<tr>\n<td valign=\"top\" width=\" \"><strong>Gallus, Jacobus:<\/strong><\/td>\n<td width=\" \">Confirma Hoc<br \/>\nDicunt Infantes<br \/>\nHaec Est Dies<br \/>\nPueri Concinite<\/td>\n<\/tr>\n<tr>\n<td valign=\"top\" width=\" \"><strong>Gastoldi, Giovanni:<\/strong><\/td>\n<td width=\" \">Amor vittorioso<\/td>\n<\/tr>\n<tr>\n<td valign=\"top\" width=\" \"><strong>Hagius, Konrad:<\/strong><\/td>\n<td width=\" \">A muzsika dics\u00e9rete<\/td>\n<\/tr>\n<tr>\n<td valign=\"top\" width=\" \"><strong>Holst, Gustav:<\/strong><\/td>\n<td width=\" \">Ave Maria<br \/>\nK\u00e9t kar\u00e1csonyi \u00e9nek<\/td>\n<\/tr>\n<tr>\n<td valign=\"top\" width=\" \"><strong>Lheritier, Jean:<\/strong><\/td>\n<td width=\" \">Regnum mundi et omne ornatum<\/td>\n<\/tr>\n<tr>\n<td valign=\"top\" width=\" \"><strong>Lotti, Antonio:<\/strong><\/td>\n<td width=\" \">Agnus Dei<\/td>\n<\/tr>\n<tr>\n<td valign=\"top\" width=\" \"><strong>MacGillivray, Allister: <\/strong><\/td>\n<td width=\" \">Away from the Roll of the Sea<\/td>\n<\/tr>\n<tr>\n<td valign=\"top\" width=\" \"><strong>Martini, Giambattista:<\/strong><\/td>\n<td width=\" \">In Monte Oliveti<\/td>\n<\/tr>\n<tr>\n<td valign=\"top\" width=\" \"><strong>Mendelssohn-Bartholdy, Felix:<\/strong><\/td>\n<td width=\" \">B\u00facs\u00fa az erd\u0151t\u0151l<br \/>\nHebe Deine<br \/>\nLaudate Pueri<br \/>\nVeni Domine<\/td>\n<\/tr>\n<tr>\n<td valign=\"top\" width=\" \"><strong>Morley, Thomas:<\/strong><\/td>\n<td width=\" \">My bonny lass she smileth<br \/>\nNow is the month of maying<br \/>\nSing we and chant it<\/td>\n<\/tr>\n<tr>\n<td valign=\"top\" width=\" \"><strong>Naplan, Allan:<\/strong><\/td>\n<td width=\" \">Al shlosha d\u2019varim<\/td>\n<\/tr>\n<tr>\n<td valign=\"top\" width=\" \"><strong>Palestrina, Giovanni Pierluigi da:<\/strong><\/td>\n<td width=\" \">Adoramus te, Christe<br \/>\nAgnus Dei<br \/>\nBonus est Dominus<br \/>\nEgy m\u00e1rv\u00e1nyszoborhoz<br \/>\nHodie Christus Natus Est<br \/>\nPars mea Dominus<br \/>\nPueri Hebreaorum<\/td>\n<\/tr>\n<tr>\n<td valign=\"top\" width=\" \"><strong>Pergolesi, Giovanni Battista:<\/strong><\/td>\n<td width=\" \">Stabat Mater<\/td>\n<\/tr>\n<tr>\n<td valign=\"top\" width=\" \"><strong>Pitoni, Giuseppe Ottavio:<\/strong><\/td>\n<td width=\" \">Boldog, aki \u00e9nekel (Cantate Domino)<\/td>\n<\/tr>\n<tr>\n<td valign=\"top\" width=\" \"><strong>Regnart, Jacob:<\/strong><\/td>\n<td width=\" \">N\u00e9zd, itt van m\u00e1r a boldog ny\u00e1r<\/td>\n<\/tr>\n<tr>\n<td valign=\"top\" width=\" \"><strong>Rutter, John:<\/strong><\/td>\n<td width=\" \">A Clare Benediction<br \/>\nFor the Beauty of the Earth<br \/>\nThe Peace of God<\/td>\n<\/tr>\n<tr>\n<td valign=\"top\" width=\" \"><strong>Schumann, Robert:<\/strong><\/td>\n<td width=\" \">In Meeres Mitten<\/td>\n<\/tr>\n<tr>\n<td valign=\"top\" width=\" \"><strong>Surianus, Franciscus:<\/strong><\/td>\n<td width=\" \">Nihil Tibi<\/td>\n<\/tr>\n<tr>\n<td valign=\"top\" width=\" \"><strong>Tas, Rudi:<\/strong><\/td>\n<td width=\" \">Laudate<\/td>\n<\/tr>\n<tr>\n<td valign=\"top\" width=\" \"><strong>Thompson, Randall:<\/strong><\/td>\n<td width=\" \">Alleluia<br \/>\nPueri Hebreaorum<\/td>\n<\/tr>\n<tr>\n<td valign=\"top\" width=\" \"><strong>Vecchi, Orazio:<\/strong><\/td>\n<td width=\" \">N\u00e9ked zeng<\/td>\n<\/tr>\n<tr>\n<td valign=\"top\" width=\" \"><strong>Vodnansky, Jan Campanus:<\/strong><\/td>\n<td width=\" \">Rorando Coeli<\/td>\n<\/tr>\n<tr>\n<td valign=\"top\" width=\" \"><strong>Whitacre, Eric: <\/strong><\/td>\n<td width=\" \">The Seal Lullaby<\/td>\n<\/tr>\n<tr>\n<td valign=\"top\" width=\" \"><strong>Jap\u00e1n dalok:<\/strong><\/td>\n<td width=\" \">Aizu-Bandai-San<br \/>\nF\u00fcr\u00fcsato<br \/>\nHo-Tarukoi<br \/>\nSzakura, Szakura<\/td>\n<\/tr>\n<tr>\n<td valign=\"top\" width=\" \"><strong>Zulu dalok:<\/strong><\/td>\n<td width=\" \">Siyahamba<br \/>\nSingabahambayo<\/td>\n<\/tr>\n<tr>\n<td valign=\"top\" width=\" \"><strong>Spiritu\u00e1l\u00e9k:<\/strong><\/td>\n<td width=\" \">Amazing Grace<br \/>\nChariot\u2019s comin\u2019<br \/>\nSteal Away to Jesus<br \/>\nThis train<\/td>\n<\/tr>\n<tr>\n<td valign=\"top\" width=\" \"><strong>Brit n\u00e9pdal feldolgoz\u00e1sok:<\/strong><\/td>\n<td width=\" \">Scarborough Fair<br \/>\nThe Water is Wide<\/td>\n<\/tr>\n<tr>\n<td valign=\"top\" width=\" \"><strong>Filmzen\u00e9k:<\/strong><\/td>\n<td width=\" \">Chattanooga Choo Choo<br \/>\nOver the Rainbow<br \/>\nTitanic<\/td>\n<\/tr>\n<tr>\n<td valign=\"top\" width=\" \"><strong>Beatles:<\/strong><\/td>\n<td width=\" \">All my Loving<br \/>\nHello, Goodbye<br \/>\nHere There and Everywhere<br \/>\nLet it Be<br \/>\nMichelle<br \/>\nObladi-Oblada<br \/>\nPenny Lane<\/td>\n<\/tr>\n<\/tbody>\n<\/table>\n<\/div>\n<p>[\/vc_column_text][\/vc_column][\/vc_row][vc_row][vc_column][row_separator location=&#8221;bottom&#8221; separator=&#8221;curve-side2&#8243; flip=&#8221;1&#8243; color1=&#8221;#ffffff&#8221; color2=&#8221;#ffffff&#8221; color3=&#8221;#ffffff&#8221;][\/vc_column][\/vc_row]<\/p>\n<p>[vc_row][vc_column][gp_gradient_bg color1=&#8221;#1c758a&#8221; color2=&#8221;#00495e&#8221;][vc_row_inner css=&#8221;.vc_custom_1546335915499{padding-top: 40px !important;padding-bottom: 40px !important;}&#8221;][vc_column_inner width=&#8221;1\/6&#8243;][vc_column_text]<\/p>\n<p style=\"text-align: center;\"><span style=\"color: #ffffff;\"><a style=\"color: #ffffff;\" href=\"https:\/\/www.aurin-choir.hu\/miraculum\/eredmenyek\/\">Eredm\u00e9nyek<\/a><\/span><\/p>\n<p>[\/vc_column_text][\/vc_column_inner][vc_column_inner width=&#8221;1\/6&#8243;][vc_column_text]<\/p>\n<p style=\"text-align: center;\"><span style=\"color: #ffffff;\"><a style=\"color: #ffffff;\" href=\"https:\/\/www.aurin-choir.hu\/miraculum\/fesztivalok\/\">Fesztiv\u00e1lok<\/a><\/span><\/p>\n<p>[\/vc_column_text][\/vc_column_inner][vc_column_inner width=&#8221;1\/6&#8243;][vc_column_text]<\/p>\n<p style=\"text-align: center;\"><span style=\"color: #ffffff;\"><a style=\"color: #ffffff;\" href=\"https:\/\/www.aurin-choir.hu\/miraculum\/koncertek\/\">Koncertek<\/a><\/span><\/p>\n<p>[\/vc_column_text][\/vc_column_inner][vc_column_inner width=&#8221;1\/6&#8243;][vc_column_text]<\/p>\n<p style=\"text-align: center;\"><span style=\"color: #ffffff;\"><a style=\"color: #ffffff;\" href=\"https:\/\/www.aurin-choir.hu\/miraculum\/cd-lemezek\/\">CD lemezek<\/a><\/span><\/p>\n<p>[\/vc_column_text][\/vc_column_inner][vc_column_inner width=&#8221;1\/6&#8243;][vc_column_text]<\/p>\n<p style=\"text-align: center;\"><span style=\"color: #ffffff;\"><a style=\"color: #ffffff;\" href=\"https:\/\/www.aurin-choir.hu\/miraculum\/videok\/\">Vide\u00f3k<\/a><\/span><\/p>\n<p>[\/vc_column_text][\/vc_column_inner][vc_column_inner width=&#8221;1\/6&#8243;][vc_column_text]<\/p>\n<p style=\"text-align: center;\"><span style=\"color: #ffffff;\"><a style=\"color: #ffffff;\" href=\"http:\/\/www.aurin-choir.hu\/miraculum\/fotok\/\">Fot\u00f3k<\/a><\/span><\/p>\n<p>[\/vc_column_text][\/vc_column_inner][\/vc_row_inner][\/vc_column][\/vc_row]<\/p>\n","protected":false},"excerpt":{"rendered":"<p>[vc_row bg_gradient1=&#8221;#00495e&#8221; bg_gradient2=&#8221;#1c758a&#8221; css=&#8221;.vc_custom_1546351594691{padding-top: 50px !important;padding-bottom: 50px !important;}&#8221;][vc_column][video_row video=&#8221;https:\/\/www.youtube.com\/watch?v=mFK4CzLCFwk&#8221; opacity=&#8221;10&#8243;][vc_column_text css=&#8221;.vc_custom_1546351640489{padding-top: 80px !important;}&#8221;] [\/vc_column_text][\/vc_column][\/vc_row][vc_row][vc_column][row_separator separator=&#8221;curve-side2&#8243; color1=&#8221;#ffffff&#8221; color2=&#8221;#ffffff&#8221; color3=&#8221;#ffffff&#8221;][\/vc_column][\/vc_row][vc_row][vc_column][vc_column_text] The repertoire of Miraculum Children&#8217;s Choir &nbsp; Kod\u00e1ly Zolt\u00e1n: A 150. genfi zsolt\u00e1r A magyarokhoz Angyalok \u00e9s p\u00e1sztorok Ave Maria (1898) Ave Maria (1935) Az \u00e9nekl\u0151 ifj\u00fas\u00e1ghoz Cig\u00e1nysirat\u00f3 Egyetem-Begyetem \u00c9nek Szent Istv\u00e1n kir\u00e1lyhoz Esti dal Gergely-j\u00e1r\u00e1s Hajn\u00f6veszt\u0151 [&hellip;]<\/p>\n","protected":false},"author":1,"featured_media":0,"parent":1471,"menu_order":0,"comment_status":"closed","ping_status":"closed","template":"","meta":{"_et_pb_use_builder":"","_et_pb_old_content":"","_et_gb_content_width":"","ngg_post_thumbnail":0,"footnotes":""},"class_list":["post-1478","page","type-page","status-publish","hentry"],"yoast_head":"<!-- This site is optimized with the Yoast SEO plugin v26.0 - https:\/\/yoast.com\/wordpress\/plugins\/seo\/ -->\n<title>Repertoire - Aurin - Miraculum<\/title>\n<meta name=\"robots\" content=\"index, follow, max-snippet:-1, max-image-preview:large, max-video-preview:-1\" \/>\n<link rel=\"canonical\" href=\"https:\/\/www.aurin-choir.hu\/en\/miraculum\/repertoar\/\" \/>\n<meta property=\"og:locale\" content=\"en_US\" \/>\n<meta property=\"og:type\" content=\"article\" \/>\n<meta property=\"og:title\" content=\"Repertoire - Aurin - Miraculum\" \/>\n<meta property=\"og:description\" content=\"[vc_row bg_gradient1=&#8221;#00495e&#8221; bg_gradient2=&#8221;#1c758a&#8221; css=&#8221;.vc_custom_1546351594691{padding-top: 50px !important;padding-bottom: 50px !important;}&#8221;][vc_column][video_row video=&#8221;https:\/\/www.youtube.com\/watch?v=mFK4CzLCFwk&#8221; opacity=&#8221;10&#8243;][vc_column_text css=&#8221;.vc_custom_1546351640489{padding-top: 80px !important;}&#8221;] [\/vc_column_text][\/vc_column][\/vc_row][vc_row][vc_column][row_separator separator=&#8221;curve-side2&#8243; color1=&#8221;#ffffff&#8221; color2=&#8221;#ffffff&#8221; color3=&#8221;#ffffff&#8221;][\/vc_column][\/vc_row][vc_row][vc_column][vc_column_text] The repertoire of Miraculum Children&#8217;s Choir &nbsp; Kod\u00e1ly Zolt\u00e1n: A 150. genfi zsolt\u00e1r A magyarokhoz Angyalok \u00e9s p\u00e1sztorok Ave Maria (1898) Ave Maria (1935) Az \u00e9nekl\u0151 ifj\u00fas\u00e1ghoz Cig\u00e1nysirat\u00f3 Egyetem-Begyetem \u00c9nek Szent Istv\u00e1n kir\u00e1lyhoz Esti dal Gergely-j\u00e1r\u00e1s Hajn\u00f6veszt\u0151 [&hellip;]\" \/>\n<meta property=\"og:url\" content=\"https:\/\/www.aurin-choir.hu\/en\/miraculum\/repertoar\/\" \/>\n<meta property=\"og:site_name\" content=\"Aurin - Miraculum\" \/>\n<meta property=\"article:publisher\" content=\"https:\/\/www.facebook.com\/aurinchoir\" \/>\n<meta property=\"article:modified_time\" content=\"2020-02-23T15:50:18+00:00\" \/>\n<meta property=\"og:image\" content=\"https:\/\/www.aurin-choir.hu\/wp-content\/uploads\/2025\/03\/DSC_2025_kicsi-1.jpg\" \/>\n\t<meta property=\"og:image:width\" content=\"1800\" \/>\n\t<meta property=\"og:image:height\" content=\"1013\" \/>\n\t<meta property=\"og:image:type\" content=\"image\/jpeg\" \/>\n<meta name=\"twitter:card\" content=\"summary_large_image\" \/>\n<meta name=\"twitter:label1\" content=\"Est. reading time\" \/>\n\t<meta name=\"twitter:data1\" content=\"5 minutes\" \/>\n<script type=\"application\/ld+json\" class=\"yoast-schema-graph\">{\"@context\":\"https:\/\/schema.org\",\"@graph\":[{\"@type\":\"WebPage\",\"@id\":\"https:\/\/www.aurin-choir.hu\/en\/miraculum\/repertoar\/\",\"url\":\"https:\/\/www.aurin-choir.hu\/en\/miraculum\/repertoar\/\",\"name\":\"Repertoire - Aurin - Miraculum\",\"isPartOf\":{\"@id\":\"https:\/\/www.aurin-choir.hu\/#website\"},\"primaryImageOfPage\":{\"@id\":\"https:\/\/www.aurin-choir.hu\/en\/miraculum\/repertoar\/#primaryimage\"},\"image\":{\"@id\":\"https:\/\/www.aurin-choir.hu\/en\/miraculum\/repertoar\/#primaryimage\"},\"thumbnailUrl\":\"https:\/\/www.aurin-choir.hu\/wp-content\/uploads\/2019\/04\/miraculum_logo_white.png\",\"datePublished\":\"2019-03-01T18:46:22+00:00\",\"dateModified\":\"2020-02-23T15:50:18+00:00\",\"breadcrumb\":{\"@id\":\"https:\/\/www.aurin-choir.hu\/en\/miraculum\/repertoar\/#breadcrumb\"},\"inLanguage\":\"en-US\",\"potentialAction\":[{\"@type\":\"ReadAction\",\"target\":[\"https:\/\/www.aurin-choir.hu\/en\/miraculum\/repertoar\/\"]}]},{\"@type\":\"ImageObject\",\"inLanguage\":\"en-US\",\"@id\":\"https:\/\/www.aurin-choir.hu\/en\/miraculum\/repertoar\/#primaryimage\",\"url\":\"https:\/\/www.aurin-choir.hu\/wp-content\/uploads\/2019\/04\/miraculum_logo_white.png\",\"contentUrl\":\"https:\/\/www.aurin-choir.hu\/wp-content\/uploads\/2019\/04\/miraculum_logo_white.png\"},{\"@type\":\"BreadcrumbList\",\"@id\":\"https:\/\/www.aurin-choir.hu\/en\/miraculum\/repertoar\/#breadcrumb\",\"itemListElement\":[{\"@type\":\"ListItem\",\"position\":1,\"name\":\"Kezd\u0151lap\",\"item\":\"https:\/\/www.aurin-choir.hu\/en\/\"},{\"@type\":\"ListItem\",\"position\":2,\"name\":\"Miraculum\",\"item\":\"https:\/\/www.aurin-choir.hu\/en\/miraculum\/\"},{\"@type\":\"ListItem\",\"position\":3,\"name\":\"Repertoire\"}]},{\"@type\":\"WebSite\",\"@id\":\"https:\/\/www.aurin-choir.hu\/#website\",\"url\":\"https:\/\/www.aurin-choir.hu\/\",\"name\":\"Aurin - Miraculum\",\"description\":\"Aurin - Miraculum\",\"publisher\":{\"@id\":\"https:\/\/www.aurin-choir.hu\/#organization\"},\"potentialAction\":[{\"@type\":\"SearchAction\",\"target\":{\"@type\":\"EntryPoint\",\"urlTemplate\":\"https:\/\/www.aurin-choir.hu\/?s={search_term_string}\"},\"query-input\":{\"@type\":\"PropertyValueSpecification\",\"valueRequired\":true,\"valueName\":\"search_term_string\"}}],\"inLanguage\":\"en-US\"},{\"@type\":\"Organization\",\"@id\":\"https:\/\/www.aurin-choir.hu\/#organization\",\"name\":\"Aurin \u00e9s Miraculum Alap\u00edtv\u00e1ny\",\"url\":\"https:\/\/www.aurin-choir.hu\/\",\"logo\":{\"@type\":\"ImageObject\",\"inLanguage\":\"en-US\",\"@id\":\"https:\/\/www.aurin-choir.hu\/#\/schema\/logo\/image\/\",\"url\":\"https:\/\/www.aurin-choir.hu\/wp-content\/uploads\/2024\/05\/logo_webre_evadzaro2-1.png\",\"contentUrl\":\"https:\/\/www.aurin-choir.hu\/wp-content\/uploads\/2024\/05\/logo_webre_evadzaro2-1.png\",\"width\":500,\"height\":515,\"caption\":\"Aurin \u00e9s Miraculum Alap\u00edtv\u00e1ny\"},\"image\":{\"@id\":\"https:\/\/www.aurin-choir.hu\/#\/schema\/logo\/image\/\"},\"sameAs\":[\"https:\/\/www.facebook.com\/aurinchoir\"]}]}<\/script>\n<!-- \/ Yoast SEO plugin. -->","yoast_head_json":{"title":"Repertoire - Aurin - Miraculum","robots":{"index":"index","follow":"follow","max-snippet":"max-snippet:-1","max-image-preview":"max-image-preview:large","max-video-preview":"max-video-preview:-1"},"canonical":"https:\/\/www.aurin-choir.hu\/en\/miraculum\/repertoar\/","og_locale":"en_US","og_type":"article","og_title":"Repertoire - Aurin - Miraculum","og_description":"[vc_row bg_gradient1=&#8221;#00495e&#8221; bg_gradient2=&#8221;#1c758a&#8221; css=&#8221;.vc_custom_1546351594691{padding-top: 50px !important;padding-bottom: 50px !important;}&#8221;][vc_column][video_row video=&#8221;https:\/\/www.youtube.com\/watch?v=mFK4CzLCFwk&#8221; opacity=&#8221;10&#8243;][vc_column_text css=&#8221;.vc_custom_1546351640489{padding-top: 80px !important;}&#8221;] [\/vc_column_text][\/vc_column][\/vc_row][vc_row][vc_column][row_separator separator=&#8221;curve-side2&#8243; color1=&#8221;#ffffff&#8221; color2=&#8221;#ffffff&#8221; color3=&#8221;#ffffff&#8221;][\/vc_column][\/vc_row][vc_row][vc_column][vc_column_text] The repertoire of Miraculum Children&#8217;s Choir &nbsp; Kod\u00e1ly Zolt\u00e1n: A 150. genfi zsolt\u00e1r A magyarokhoz Angyalok \u00e9s p\u00e1sztorok Ave Maria (1898) Ave Maria (1935) Az \u00e9nekl\u0151 ifj\u00fas\u00e1ghoz Cig\u00e1nysirat\u00f3 Egyetem-Begyetem \u00c9nek Szent Istv\u00e1n kir\u00e1lyhoz Esti dal Gergely-j\u00e1r\u00e1s Hajn\u00f6veszt\u0151 [&hellip;]","og_url":"https:\/\/www.aurin-choir.hu\/en\/miraculum\/repertoar\/","og_site_name":"Aurin - Miraculum","article_publisher":"https:\/\/www.facebook.com\/aurinchoir","article_modified_time":"2020-02-23T15:50:18+00:00","og_image":[{"width":1800,"height":1013,"url":"https:\/\/www.aurin-choir.hu\/wp-content\/uploads\/2025\/03\/DSC_2025_kicsi-1.jpg","type":"image\/jpeg"}],"twitter_card":"summary_large_image","twitter_misc":{"Est. reading time":"5 minutes"},"schema":{"@context":"https:\/\/schema.org","@graph":[{"@type":"WebPage","@id":"https:\/\/www.aurin-choir.hu\/en\/miraculum\/repertoar\/","url":"https:\/\/www.aurin-choir.hu\/en\/miraculum\/repertoar\/","name":"Repertoire - Aurin - Miraculum","isPartOf":{"@id":"https:\/\/www.aurin-choir.hu\/#website"},"primaryImageOfPage":{"@id":"https:\/\/www.aurin-choir.hu\/en\/miraculum\/repertoar\/#primaryimage"},"image":{"@id":"https:\/\/www.aurin-choir.hu\/en\/miraculum\/repertoar\/#primaryimage"},"thumbnailUrl":"https:\/\/www.aurin-choir.hu\/wp-content\/uploads\/2019\/04\/miraculum_logo_white.png","datePublished":"2019-03-01T18:46:22+00:00","dateModified":"2020-02-23T15:50:18+00:00","breadcrumb":{"@id":"https:\/\/www.aurin-choir.hu\/en\/miraculum\/repertoar\/#breadcrumb"},"inLanguage":"en-US","potentialAction":[{"@type":"ReadAction","target":["https:\/\/www.aurin-choir.hu\/en\/miraculum\/repertoar\/"]}]},{"@type":"ImageObject","inLanguage":"en-US","@id":"https:\/\/www.aurin-choir.hu\/en\/miraculum\/repertoar\/#primaryimage","url":"https:\/\/www.aurin-choir.hu\/wp-content\/uploads\/2019\/04\/miraculum_logo_white.png","contentUrl":"https:\/\/www.aurin-choir.hu\/wp-content\/uploads\/2019\/04\/miraculum_logo_white.png"},{"@type":"BreadcrumbList","@id":"https:\/\/www.aurin-choir.hu\/en\/miraculum\/repertoar\/#breadcrumb","itemListElement":[{"@type":"ListItem","position":1,"name":"Kezd\u0151lap","item":"https:\/\/www.aurin-choir.hu\/en\/"},{"@type":"ListItem","position":2,"name":"Miraculum","item":"https:\/\/www.aurin-choir.hu\/en\/miraculum\/"},{"@type":"ListItem","position":3,"name":"Repertoire"}]},{"@type":"WebSite","@id":"https:\/\/www.aurin-choir.hu\/#website","url":"https:\/\/www.aurin-choir.hu\/","name":"Aurin - Miraculum","description":"Aurin - Miraculum","publisher":{"@id":"https:\/\/www.aurin-choir.hu\/#organization"},"potentialAction":[{"@type":"SearchAction","target":{"@type":"EntryPoint","urlTemplate":"https:\/\/www.aurin-choir.hu\/?s={search_term_string}"},"query-input":{"@type":"PropertyValueSpecification","valueRequired":true,"valueName":"search_term_string"}}],"inLanguage":"en-US"},{"@type":"Organization","@id":"https:\/\/www.aurin-choir.hu\/#organization","name":"Aurin \u00e9s Miraculum Alap\u00edtv\u00e1ny","url":"https:\/\/www.aurin-choir.hu\/","logo":{"@type":"ImageObject","inLanguage":"en-US","@id":"https:\/\/www.aurin-choir.hu\/#\/schema\/logo\/image\/","url":"https:\/\/www.aurin-choir.hu\/wp-content\/uploads\/2024\/05\/logo_webre_evadzaro2-1.png","contentUrl":"https:\/\/www.aurin-choir.hu\/wp-content\/uploads\/2024\/05\/logo_webre_evadzaro2-1.png","width":500,"height":515,"caption":"Aurin \u00e9s Miraculum Alap\u00edtv\u00e1ny"},"image":{"@id":"https:\/\/www.aurin-choir.hu\/#\/schema\/logo\/image\/"},"sameAs":["https:\/\/www.facebook.com\/aurinchoir"]}]}},"_links":{"self":[{"href":"https:\/\/www.aurin-choir.hu\/en\/wp-json\/wp\/v2\/pages\/1478","targetHints":{"allow":["GET"]}}],"collection":[{"href":"https:\/\/www.aurin-choir.hu\/en\/wp-json\/wp\/v2\/pages"}],"about":[{"href":"https:\/\/www.aurin-choir.hu\/en\/wp-json\/wp\/v2\/types\/page"}],"author":[{"embeddable":true,"href":"https:\/\/www.aurin-choir.hu\/en\/wp-json\/wp\/v2\/users\/1"}],"replies":[{"embeddable":true,"href":"https:\/\/www.aurin-choir.hu\/en\/wp-json\/wp\/v2\/comments?post=1478"}],"version-history":[{"count":6,"href":"https:\/\/www.aurin-choir.hu\/en\/wp-json\/wp\/v2\/pages\/1478\/revisions"}],"predecessor-version":[{"id":6162,"href":"https:\/\/www.aurin-choir.hu\/en\/wp-json\/wp\/v2\/pages\/1478\/revisions\/6162"}],"up":[{"embeddable":true,"href":"https:\/\/www.aurin-choir.hu\/en\/wp-json\/wp\/v2\/pages\/1471"}],"wp:attachment":[{"href":"https:\/\/www.aurin-choir.hu\/en\/wp-json\/wp\/v2\/media?parent=1478"}],"curies":[{"name":"wp","href":"https:\/\/api.w.org\/{rel}","templated":true}]}}