{"id":17347,"date":"2022-09-14T10:50:29","date_gmt":"2022-09-14T10:50:29","guid":{"rendered":"https:\/\/www.aurin-choir.hu\/koncertterem\/a-perth-modern-school-australia-es-az-aurin-noikar-koncertje-2011\/"},"modified":"2025-04-04T17:22:08","modified_gmt":"2025-04-04T17:22:08","slug":"a-perth-modern-school-australia-es-az-aurin-noikar-koncertje-2011","status":"publish","type":"page","link":"https:\/\/www.aurin-choir.hu\/en\/concert-hall\/a-perth-modern-school-australia-es-az-aurin-noikar-koncertje-2011\/","title":{"rendered":"A Perth Modern School Australia \u00e9s az Aurin N\u0151ikar koncertje 2011"},"content":{"rendered":"<p>[et_pb_section fb_built=&#8221;1&#8243; _builder_version=&#8221;4.27.4&#8243; _module_preset=&#8221;default&#8221; background_color=&#8221;#111111&#8243; da_disable_devices=&#8221;off|off|off&#8221; global_colors_info=&#8221;{}&#8221; theme_builder_area=&#8221;post_content&#8221; da_is_popup=&#8221;off&#8221; da_exit_intent=&#8221;off&#8221; da_has_close=&#8221;on&#8221; da_alt_close=&#8221;off&#8221; da_dark_close=&#8221;off&#8221; da_not_modal=&#8221;on&#8221; da_is_singular=&#8221;off&#8221; da_with_loader=&#8221;off&#8221; da_has_shadow=&#8221;on&#8221;][et_pb_row _builder_version=&#8221;4.27.4&#8243; _module_preset=&#8221;default&#8221; global_colors_info=&#8221;{}&#8221; theme_builder_area=&#8221;post_content&#8221;][et_pb_column type=&#8221;4_4&#8243; _builder_version=&#8221;4.27.4&#8243; _module_preset=&#8221;default&#8221; global_colors_info=&#8221;{}&#8221; theme_builder_area=&#8221;post_content&#8221;][et_pb_text _builder_version=&#8221;4.27.4&#8243; _module_preset=&#8221;default&#8221; text_font=&#8221;||||||||&#8221; text_text_color=&#8221;#fde6ff&#8221; header_font=&#8221;|600|||||||&#8221; header_text_color=&#8221;#fde6ff&#8221; header_font_size=&#8221;25px&#8221; header_line_height=&#8221;1.3em&#8221; hover_enabled=&#8221;0&#8243; global_colors_info=&#8221;{}&#8221; theme_builder_area=&#8221;post_content&#8221; sticky_enabled=&#8221;0&#8243;]<\/p>\n<h1>A Perth Modern School Australia \u00e9s az Aurin N\u0151ikar koncertje<\/h1>\n<p>Kod\u00e1ly Iskola, Kecskem\u00e9t, 2011 \u00e1prilis<\/p>\n<p>Aurin N\u0151ikar\n<\/p>\n<p>[\/et_pb_text][\/et_pb_column][\/et_pb_row][et_pb_row _builder_version=&#8221;4.27.4&#8243; _module_preset=&#8221;default&#8221; global_colors_info=&#8221;{}&#8221; theme_builder_area=&#8221;post_content&#8221;][et_pb_column type=&#8221;4_4&#8243; _builder_version=&#8221;4.27.4&#8243; _module_preset=&#8221;default&#8221; global_colors_info=&#8221;{}&#8221; theme_builder_area=&#8221;post_content&#8221;][et_pb_video src=&#8221;https:\/\/youtu.be\/ieninIg7UYA?feature=shared&#8221; _builder_version=&#8221;4.27.4&#8243; _module_preset=&#8221;default&#8221; hover_enabled=&#8221;0&#8243; global_colors_info=&#8221;{}&#8221; theme_builder_area=&#8221;post_content&#8221; sticky_enabled=&#8221;0&#8243;][\/et_pb_video][et_pb_text _builder_version=&#8221;4.27.4&#8243; _module_preset=&#8221;default&#8221; text_text_color=&#8221;#fde6ff&#8221; hover_enabled=&#8221;0&#8243; global_colors_info=&#8221;{}&#8221; theme_builder_area=&#8221;post_content&#8221; sticky_enabled=&#8221;0&#8243;]B\u00e1rdos Lajos: Magos a rutafa[\/et_pb_text][\/et_pb_column][\/et_pb_row][et_pb_row _builder_version=&#8221;4.27.4&#8243; _module_preset=&#8221;default&#8221; global_colors_info=&#8221;{}&#8221; theme_builder_area=&#8221;post_content&#8221;][et_pb_column type=&#8221;4_4&#8243; _builder_version=&#8221;4.27.4&#8243; _module_preset=&#8221;default&#8221; global_colors_info=&#8221;{}&#8221; theme_builder_area=&#8221;post_content&#8221;][et_pb_video src=&#8221;https:\/\/youtu.be\/V383kOzK-u4?feature=shared&#8221; _builder_version=&#8221;4.27.4&#8243; _module_preset=&#8221;default&#8221; hover_enabled=&#8221;0&#8243; global_colors_info=&#8221;{}&#8221; theme_builder_area=&#8221;post_content&#8221; sticky_enabled=&#8221;0&#8243;][\/et_pb_video][et_pb_text _builder_version=&#8221;4.27.4&#8243; _module_preset=&#8221;default&#8221; text_text_color=&#8221;#fde6ff&#8221; hover_enabled=&#8221;0&#8243; global_colors_info=&#8221;{}&#8221; theme_builder_area=&#8221;post_content&#8221; sticky_enabled=&#8221;0&#8243;]Liszt Ferenc: Pater noster[\/et_pb_text][\/et_pb_column][\/et_pb_row][et_pb_row _builder_version=&#8221;4.27.4&#8243; _module_preset=&#8221;default&#8221; global_colors_info=&#8221;{}&#8221; theme_builder_area=&#8221;post_content&#8221;][et_pb_column type=&#8221;4_4&#8243; _builder_version=&#8221;4.27.4&#8243; _module_preset=&#8221;default&#8221; global_colors_info=&#8221;{}&#8221; theme_builder_area=&#8221;post_content&#8221;][et_pb_video src=&#8221;https:\/\/youtu.be\/pdZz8rmhkNA?feature=shared&#8221; _builder_version=&#8221;4.27.4&#8243; _module_preset=&#8221;default&#8221; hover_enabled=&#8221;0&#8243; global_colors_info=&#8221;{}&#8221; theme_builder_area=&#8221;post_content&#8221; sticky_enabled=&#8221;0&#8243;][\/et_pb_video][et_pb_text _builder_version=&#8221;4.27.4&#8243; _module_preset=&#8221;default&#8221; text_text_color=&#8221;#fde6ff&#8221; hover_enabled=&#8221;0&#8243; global_colors_info=&#8221;{}&#8221; theme_builder_area=&#8221;post_content&#8221; sticky_enabled=&#8221;0&#8243;]Mendelssohn: Laudate Pueri[\/et_pb_text][\/et_pb_column][\/et_pb_row][\/et_pb_section]<\/p>\n","protected":false},"excerpt":{"rendered":"<p>A Perth Modern School Australia \u00e9s az Aurin N\u0151ikar koncertje Kod\u00e1ly Iskola, Kecskem\u00e9t, 2011 \u00e1prilis Aurin N\u0151ikar B\u00e1rdos Lajos: Magos a rutafaLiszt Ferenc: Pater nosterMendelssohn: Laudate Pueri<\/p>\n","protected":false},"author":1,"featured_media":0,"parent":17238,"menu_order":0,"comment_status":"closed","ping_status":"closed","template":"","meta":{"_et_pb_use_builder":"on","_et_pb_old_content":"","_et_gb_content_width":"","ngg_post_thumbnail":0,"footnotes":""},"class_list":["post-17347","page","type-page","status-publish","hentry"],"yoast_head":"<!-- This site is optimized with the Yoast SEO plugin v26.0 - https:\/\/yoast.com\/wordpress\/plugins\/seo\/ -->\n<title>A Perth Modern School Australia \u00e9s az Aurin N\u0151ikar koncertje 2011 - Aurin - Miraculum<\/title>\n<meta name=\"robots\" content=\"index, follow, max-snippet:-1, max-image-preview:large, max-video-preview:-1\" \/>\n<link rel=\"canonical\" href=\"https:\/\/www.aurin-choir.hu\/en\/concert-hall\/a-perth-modern-school-australia-es-az-aurin-noikar-koncertje-2011\/\" \/>\n<meta property=\"og:locale\" content=\"en_US\" \/>\n<meta property=\"og:type\" content=\"article\" \/>\n<meta property=\"og:title\" content=\"A Perth Modern School Australia \u00e9s az Aurin N\u0151ikar koncertje 2011 - Aurin - Miraculum\" \/>\n<meta property=\"og:description\" content=\"A Perth Modern School Australia \u00e9s az Aurin N\u0151ikar koncertje Kod\u00e1ly Iskola, Kecskem\u00e9t, 2011 \u00e1prilis Aurin N\u0151ikar B\u00e1rdos Lajos: Magos a rutafaLiszt Ferenc: Pater nosterMendelssohn: Laudate Pueri\" \/>\n<meta property=\"og:url\" content=\"https:\/\/www.aurin-choir.hu\/en\/concert-hall\/a-perth-modern-school-australia-es-az-aurin-noikar-koncertje-2011\/\" \/>\n<meta property=\"og:site_name\" content=\"Aurin - Miraculum\" \/>\n<meta property=\"article:publisher\" content=\"https:\/\/www.facebook.com\/aurinchoir\" \/>\n<meta property=\"article:modified_time\" content=\"2025-04-04T17:22:08+00:00\" \/>\n<meta property=\"og:image\" content=\"https:\/\/www.aurin-choir.hu\/wp-content\/uploads\/2025\/03\/DSC_2025_kicsi-1.jpg\" \/>\n\t<meta property=\"og:image:width\" content=\"1800\" \/>\n\t<meta property=\"og:image:height\" content=\"1013\" \/>\n\t<meta property=\"og:image:type\" content=\"image\/jpeg\" \/>\n<meta name=\"twitter:card\" content=\"summary_large_image\" \/>\n<meta name=\"twitter:label1\" content=\"Est. reading time\" \/>\n\t<meta name=\"twitter:data1\" content=\"2 minutes\" \/>\n<script type=\"application\/ld+json\" class=\"yoast-schema-graph\">{\"@context\":\"https:\/\/schema.org\",\"@graph\":[{\"@type\":\"WebPage\",\"@id\":\"https:\/\/www.aurin-choir.hu\/en\/concert-hall\/a-perth-modern-school-australia-es-az-aurin-noikar-koncertje-2011\/\",\"url\":\"https:\/\/www.aurin-choir.hu\/en\/concert-hall\/a-perth-modern-school-australia-es-az-aurin-noikar-koncertje-2011\/\",\"name\":\"A Perth Modern School Australia \u00e9s az Aurin N\u0151ikar koncertje 2011 - Aurin - Miraculum\",\"isPartOf\":{\"@id\":\"https:\/\/www.aurin-choir.hu\/#website\"},\"datePublished\":\"2022-09-14T10:50:29+00:00\",\"dateModified\":\"2025-04-04T17:22:08+00:00\",\"breadcrumb\":{\"@id\":\"https:\/\/www.aurin-choir.hu\/en\/concert-hall\/a-perth-modern-school-australia-es-az-aurin-noikar-koncertje-2011\/#breadcrumb\"},\"inLanguage\":\"en-US\",\"potentialAction\":[{\"@type\":\"ReadAction\",\"target\":[\"https:\/\/www.aurin-choir.hu\/en\/concert-hall\/a-perth-modern-school-australia-es-az-aurin-noikar-koncertje-2011\/\"]}]},{\"@type\":\"BreadcrumbList\",\"@id\":\"https:\/\/www.aurin-choir.hu\/en\/concert-hall\/a-perth-modern-school-australia-es-az-aurin-noikar-koncertje-2011\/#breadcrumb\",\"itemListElement\":[{\"@type\":\"ListItem\",\"position\":1,\"name\":\"Kezd\u0151lap\",\"item\":\"https:\/\/www.aurin-choir.hu\/en\/\"},{\"@type\":\"ListItem\",\"position\":2,\"name\":\"Concert Hall\",\"item\":\"https:\/\/www.aurin-choir.hu\/en\/concert-hall\/\"},{\"@type\":\"ListItem\",\"position\":3,\"name\":\"A Perth Modern School Australia \u00e9s az Aurin N\u0151ikar koncertje 2011\"}]},{\"@type\":\"WebSite\",\"@id\":\"https:\/\/www.aurin-choir.hu\/#website\",\"url\":\"https:\/\/www.aurin-choir.hu\/\",\"name\":\"Aurin - Miraculum\",\"description\":\"Aurin - Miraculum\",\"publisher\":{\"@id\":\"https:\/\/www.aurin-choir.hu\/#organization\"},\"potentialAction\":[{\"@type\":\"SearchAction\",\"target\":{\"@type\":\"EntryPoint\",\"urlTemplate\":\"https:\/\/www.aurin-choir.hu\/?s={search_term_string}\"},\"query-input\":{\"@type\":\"PropertyValueSpecification\",\"valueRequired\":true,\"valueName\":\"search_term_string\"}}],\"inLanguage\":\"en-US\"},{\"@type\":\"Organization\",\"@id\":\"https:\/\/www.aurin-choir.hu\/#organization\",\"name\":\"Aurin \u00e9s Miraculum Alap\u00edtv\u00e1ny\",\"url\":\"https:\/\/www.aurin-choir.hu\/\",\"logo\":{\"@type\":\"ImageObject\",\"inLanguage\":\"en-US\",\"@id\":\"https:\/\/www.aurin-choir.hu\/#\/schema\/logo\/image\/\",\"url\":\"https:\/\/www.aurin-choir.hu\/wp-content\/uploads\/2024\/05\/logo_webre_evadzaro2-1.png\",\"contentUrl\":\"https:\/\/www.aurin-choir.hu\/wp-content\/uploads\/2024\/05\/logo_webre_evadzaro2-1.png\",\"width\":500,\"height\":515,\"caption\":\"Aurin \u00e9s Miraculum Alap\u00edtv\u00e1ny\"},\"image\":{\"@id\":\"https:\/\/www.aurin-choir.hu\/#\/schema\/logo\/image\/\"},\"sameAs\":[\"https:\/\/www.facebook.com\/aurinchoir\"]}]}<\/script>\n<!-- \/ Yoast SEO plugin. -->","yoast_head_json":{"title":"A Perth Modern School Australia \u00e9s az Aurin N\u0151ikar koncertje 2011 - Aurin - Miraculum","robots":{"index":"index","follow":"follow","max-snippet":"max-snippet:-1","max-image-preview":"max-image-preview:large","max-video-preview":"max-video-preview:-1"},"canonical":"https:\/\/www.aurin-choir.hu\/en\/concert-hall\/a-perth-modern-school-australia-es-az-aurin-noikar-koncertje-2011\/","og_locale":"en_US","og_type":"article","og_title":"A Perth Modern School Australia \u00e9s az Aurin N\u0151ikar koncertje 2011 - Aurin - Miraculum","og_description":"A Perth Modern School Australia \u00e9s az Aurin N\u0151ikar koncertje Kod\u00e1ly Iskola, Kecskem\u00e9t, 2011 \u00e1prilis Aurin N\u0151ikar B\u00e1rdos Lajos: Magos a rutafaLiszt Ferenc: Pater nosterMendelssohn: Laudate Pueri","og_url":"https:\/\/www.aurin-choir.hu\/en\/concert-hall\/a-perth-modern-school-australia-es-az-aurin-noikar-koncertje-2011\/","og_site_name":"Aurin - Miraculum","article_publisher":"https:\/\/www.facebook.com\/aurinchoir","article_modified_time":"2025-04-04T17:22:08+00:00","og_image":[{"width":1800,"height":1013,"url":"https:\/\/www.aurin-choir.hu\/wp-content\/uploads\/2025\/03\/DSC_2025_kicsi-1.jpg","type":"image\/jpeg"}],"twitter_card":"summary_large_image","twitter_misc":{"Est. reading time":"2 minutes"},"schema":{"@context":"https:\/\/schema.org","@graph":[{"@type":"WebPage","@id":"https:\/\/www.aurin-choir.hu\/en\/concert-hall\/a-perth-modern-school-australia-es-az-aurin-noikar-koncertje-2011\/","url":"https:\/\/www.aurin-choir.hu\/en\/concert-hall\/a-perth-modern-school-australia-es-az-aurin-noikar-koncertje-2011\/","name":"A Perth Modern School Australia \u00e9s az Aurin N\u0151ikar koncertje 2011 - Aurin - Miraculum","isPartOf":{"@id":"https:\/\/www.aurin-choir.hu\/#website"},"datePublished":"2022-09-14T10:50:29+00:00","dateModified":"2025-04-04T17:22:08+00:00","breadcrumb":{"@id":"https:\/\/www.aurin-choir.hu\/en\/concert-hall\/a-perth-modern-school-australia-es-az-aurin-noikar-koncertje-2011\/#breadcrumb"},"inLanguage":"en-US","potentialAction":[{"@type":"ReadAction","target":["https:\/\/www.aurin-choir.hu\/en\/concert-hall\/a-perth-modern-school-australia-es-az-aurin-noikar-koncertje-2011\/"]}]},{"@type":"BreadcrumbList","@id":"https:\/\/www.aurin-choir.hu\/en\/concert-hall\/a-perth-modern-school-australia-es-az-aurin-noikar-koncertje-2011\/#breadcrumb","itemListElement":[{"@type":"ListItem","position":1,"name":"Kezd\u0151lap","item":"https:\/\/www.aurin-choir.hu\/en\/"},{"@type":"ListItem","position":2,"name":"Concert Hall","item":"https:\/\/www.aurin-choir.hu\/en\/concert-hall\/"},{"@type":"ListItem","position":3,"name":"A Perth Modern School Australia \u00e9s az Aurin N\u0151ikar koncertje 2011"}]},{"@type":"WebSite","@id":"https:\/\/www.aurin-choir.hu\/#website","url":"https:\/\/www.aurin-choir.hu\/","name":"Aurin - Miraculum","description":"Aurin - Miraculum","publisher":{"@id":"https:\/\/www.aurin-choir.hu\/#organization"},"potentialAction":[{"@type":"SearchAction","target":{"@type":"EntryPoint","urlTemplate":"https:\/\/www.aurin-choir.hu\/?s={search_term_string}"},"query-input":{"@type":"PropertyValueSpecification","valueRequired":true,"valueName":"search_term_string"}}],"inLanguage":"en-US"},{"@type":"Organization","@id":"https:\/\/www.aurin-choir.hu\/#organization","name":"Aurin \u00e9s Miraculum Alap\u00edtv\u00e1ny","url":"https:\/\/www.aurin-choir.hu\/","logo":{"@type":"ImageObject","inLanguage":"en-US","@id":"https:\/\/www.aurin-choir.hu\/#\/schema\/logo\/image\/","url":"https:\/\/www.aurin-choir.hu\/wp-content\/uploads\/2024\/05\/logo_webre_evadzaro2-1.png","contentUrl":"https:\/\/www.aurin-choir.hu\/wp-content\/uploads\/2024\/05\/logo_webre_evadzaro2-1.png","width":500,"height":515,"caption":"Aurin \u00e9s Miraculum Alap\u00edtv\u00e1ny"},"image":{"@id":"https:\/\/www.aurin-choir.hu\/#\/schema\/logo\/image\/"},"sameAs":["https:\/\/www.facebook.com\/aurinchoir"]}]}},"_links":{"self":[{"href":"https:\/\/www.aurin-choir.hu\/en\/wp-json\/wp\/v2\/pages\/17347","targetHints":{"allow":["GET"]}}],"collection":[{"href":"https:\/\/www.aurin-choir.hu\/en\/wp-json\/wp\/v2\/pages"}],"about":[{"href":"https:\/\/www.aurin-choir.hu\/en\/wp-json\/wp\/v2\/types\/page"}],"author":[{"embeddable":true,"href":"https:\/\/www.aurin-choir.hu\/en\/wp-json\/wp\/v2\/users\/1"}],"replies":[{"embeddable":true,"href":"https:\/\/www.aurin-choir.hu\/en\/wp-json\/wp\/v2\/comments?post=17347"}],"version-history":[{"count":1,"href":"https:\/\/www.aurin-choir.hu\/en\/wp-json\/wp\/v2\/pages\/17347\/revisions"}],"predecessor-version":[{"id":17348,"href":"https:\/\/www.aurin-choir.hu\/en\/wp-json\/wp\/v2\/pages\/17347\/revisions\/17348"}],"up":[{"embeddable":true,"href":"https:\/\/www.aurin-choir.hu\/en\/wp-json\/wp\/v2\/pages\/17238"}],"wp:attachment":[{"href":"https:\/\/www.aurin-choir.hu\/en\/wp-json\/wp\/v2\/media?parent=17347"}],"curies":[{"name":"wp","href":"https:\/\/api.w.org\/{rel}","templated":true}]}}